{"id":7349,"date":"2019-05-27T15:30:25","date_gmt":"2019-05-27T15:30:25","guid":{"rendered":"https:\/\/www.andamur.com\/?page_id=7349"},"modified":"2025-03-21T11:36:29","modified_gmt":"2025-03-21T10:36:29","slug":"servicios-andamur","status":"publish","type":"page","link":"https:\/\/www.andamur.com\/pt-pt\/servicios-andamur\/","title":{"rendered":"Servicios andamur"},"content":{"rendered":"<p>[av_submenu which_menu=&#8221; menu=&#8217;184&#8242; position=&#8217;right&#8217; color=&#8217;header_color&#8217; sticky=&#8217;aviaTBsticky&#8217; mobile=&#8217;disabled&#8217;]<br \/>\n[av_submenu_item title=&#8217;Cart\u00f5es de Combust\u00edvel&#8217; link=&#8217;page,7298&#8242; linktarget=&#8221; button_style=&#8221;]<br \/>\n[av_submenu_item title=&#8217;Dispositivos de Portagem&#8217; link=&#8217;page,7315&#8242; linktarget=&#8221; button_style=&#8221;]<br \/>\n[av_submenu_item title=&#8217;Recupera\u00e7\u00e3o de Impostos&#8217; link=&#8217;page,7327&#8242; linktarget=&#8221; button_style=&#8221;]<br \/>\n[av_submenu_item title=&#8217;Seguran\u00e7a&#8217; link=&#8217;page,12795&#8242; linktarget=&#8221; button_style=&#8221;]<br \/>\n[\/av_submenu]<\/p>\n<p>[av_layout_row border=&#8221; min_height_percent=&#8221; min_height=&#8217;0&#8242; color=&#8217;main_color&#8217; mobile=&#8217;av-flex-cells&#8217; id=&#8221; av_element_hidden_in_editor=&#8217;0&#8242;]<br \/>\n[av_cell_one_half vertical_align=&#8217;top&#8217; padding=&#8217;30px&#8217; padding_sync=&#8217;true&#8217; background_color=&#8221; src=&#8217;https:\/\/www.andamur.com\/wp-content\/uploads\/2020\/01\/tarjetas-transporte-media.jpg&#8217; attachment=&#8217;9485&#8242; attachment_size=&#8217;full&#8217; background_attachment=&#8217;scroll&#8217; background_position=&#8217;center center&#8217; background_repeat=&#8217;stretch&#8217; mobile_display=&#8221;]<\/p>\n<p>[\/av_cell_one_half][av_cell_one_half vertical_align=&#8217;top&#8217; padding=&#8217;30px,50px,30px,50px&#8217; background_color=&#8221; src=&#8221; attachment=&#8221; attachment_size=&#8221; background_attachment=&#8217;scroll&#8217; background_position=&#8217;top left&#8217; background_repeat=&#8217;no-repeat&#8217; mobile_display=&#8221;]<\/p>\n<p>[av_hr class=&#8217;invisible&#8217; height=&#8217;20&#8217; shadow=&#8217;no-shadow&#8217; position=&#8217;center&#8217; custom_border=&#8217;av-border-thin&#8217; custom_width=&#8217;50px&#8217; custom_border_color=&#8221; custom_margin_top=&#8217;30px&#8217; custom_margin_bottom=&#8217;30px&#8217; icon_select=&#8217;yes&#8217; custom_icon_color=&#8221; icon=&#8217;ue808&#8242; font=&#8217;entypo-fontello&#8217; admin_preview_bg=&#8221;]<\/p>\n<p>[av_one_full first min_height=&#8221; vertical_alignment=&#8217;av-align-top&#8217; space=&#8221; margin=&#8217;0px&#8217; margin_sync=&#8217;true&#8217; padding=&#8217;90px,90px,0px,90px&#8217; border=&#8221; border_color=&#8221; radius=&#8217;0px&#8217; radius_sync=&#8217;true&#8217; background_color=&#8221; src=&#8221; attachment=&#8221; attachment_size=&#8221; background_position=&#8217;top left&#8217; background_repeat=&#8217;no-repeat&#8217; animation=&#8221; mobile_display=&#8221;]<\/p>\n<p>[av_image src=&#8217;https:\/\/www.andamur.com\/wp-content\/uploads\/2018\/01\/ICONO-TARJETA-1030&#215;379.png&#8217; attachment=&#8217;3772&#8242; attachment_size=&#8217;large&#8217; align=&#8217;center&#8217; styling=&#8221; hover=&#8221; link=&#8217;page,4130&#8242; target=&#8221; caption=&#8221; font_size=&#8221; appearance=&#8221; overlay_opacity=&#8217;0.4&#8242; overlay_color=&#8217;#000000&#8242; overlay_text_color=&#8217;#ffffff&#8217; animation=&#8217;no-animation&#8217; admin_preview_bg=&#8221;][\/av_image]<\/p>\n<p>[\/av_one_full][av_heading tag=&#8217;h2&#8242; padding=&#8217;10&#8217; heading=&#8217;<strong>CART\u00d5ES DE COMBUST\u00cdVEL PARA EMPRESAS<\/strong>&#8216; color=&#8217;custom-color-heading&#8217; style=&#8217;blockquote modern-quote modern-centered&#8217; custom_font=&#8217;#162862&#8242; size=&#8221; subheading_active=&#8221; subheading_size=&#8217;15&#8217; custom_class=&#8221; admin_preview_bg=&#8221;][\/av_heading]<\/p>\n<p>[av_textblock size=&#8217;18&#8217; font_color=&#8217;custom&#8217; color=&#8217;#162862&#8242; admin_preview_bg=&#8221;]<\/p>\n<p style=\"text-align: center;\"><strong>Cada empresa precisa de algo diferente. Por este motivo, a nossa op\u00e7\u00e3o \u00e9 ter tudo.<\/strong><\/p>\n<p style=\"text-align: center;\">Um\u00a0<strong>vasto leque de cart\u00f5es de combust\u00edvel <\/strong>adaptados \u00e0s suas necessidades concretas para tornar o seu trabalho mais simples e eficiente.<\/p>\n<p style=\"text-align: center;\"><a href=\"https:\/\/www.andamur.com\/pt-pt\/servicios-andamur\/cartoes-de-combustivel\/\">Os nossos cart\u00f5es<\/a><\/p>\n<p>[\/av_textblock]<\/p>\n<p>[av_hr class=&#8217;invisible&#8217; height=&#8217;60&#8217; shadow=&#8217;no-shadow&#8217; position=&#8217;center&#8217; custom_border=&#8217;av-border-thin&#8217; custom_width=&#8217;50px&#8217; custom_border_color=&#8221; custom_margin_top=&#8217;30px&#8217; custom_margin_bottom=&#8217;30px&#8217; icon_select=&#8217;yes&#8217; custom_icon_color=&#8221; icon=&#8217;ue808&#8242; font=&#8217;entypo-fontello&#8217; admin_preview_bg=&#8221;]<\/p>\n<p>[\/av_cell_one_half]<br \/>\n[\/av_layout_row]<\/p>\n<p>[av_layout_row border=&#8221; min_height_percent=&#8221; min_height=&#8217;0&#8242; color=&#8217;main_color&#8217; mobile=&#8217;av-flex-cells&#8217; id=&#8221; av_element_hidden_in_editor=&#8217;0&#8242;]<br \/>\n[av_cell_one_half vertical_align=&#8217;top&#8217; padding=&#8217;30px,50px,30px,50px&#8217; background_color=&#8221; src=&#8221; attachment=&#8221; attachment_size=&#8221; background_attachment=&#8217;scroll&#8217; background_position=&#8217;top left&#8217; background_repeat=&#8217;no-repeat&#8217; mobile_display=&#8221;]<\/p>\n<p>[av_hr class=&#8217;invisible&#8217; height=&#8217;20&#8217; shadow=&#8217;no-shadow&#8217; position=&#8217;center&#8217; custom_border=&#8217;av-border-thin&#8217; custom_width=&#8217;50px&#8217; custom_border_color=&#8221; custom_margin_top=&#8217;30px&#8217; custom_margin_bottom=&#8217;30px&#8217; icon_select=&#8217;yes&#8217; custom_icon_color=&#8221; icon=&#8217;ue808&#8242; font=&#8217;entypo-fontello&#8217; admin_preview_bg=&#8221;]<\/p>\n<p>[av_one_full first min_height=&#8221; vertical_alignment=&#8217;av-align-top&#8217; space=&#8221; margin=&#8217;0px&#8217; margin_sync=&#8217;true&#8217; padding=&#8217;90px,90px,0px,90px&#8217; border=&#8221; border_color=&#8221; radius=&#8217;0px&#8217; radius_sync=&#8217;true&#8217; background_color=&#8221; src=&#8221; attachment=&#8221; attachment_size=&#8221; background_position=&#8217;top left&#8217; background_repeat=&#8217;no-repeat&#8217; animation=&#8221; mobile_display=&#8221;]<\/p>\n<p>[av_image src=&#8217;https:\/\/www.andamur.com\/wp-content\/uploads\/2018\/01\/ICONO-PEAJE-1030&#215;379.png&#8217; attachment=&#8217;3771&#8242; attachment_size=&#8217;large&#8217; align=&#8217;center&#8217; styling=&#8221; hover=&#8221; link=&#8217;page,4546&#8242; target=&#8221; caption=&#8221; font_size=&#8221; appearance=&#8221; overlay_opacity=&#8217;0.4&#8242; overlay_color=&#8217;#000000&#8242; overlay_text_color=&#8217;#ffffff&#8217; animation=&#8217;no-animation&#8217; admin_preview_bg=&#8221;][\/av_image]<\/p>\n<p>[\/av_one_full][av_heading tag=&#8217;h2&#8242; padding=&#8217;10&#8217; heading=&#8217;<strong>TELEPORTAGENS<\/strong>&#8216; color=&#8217;custom-color-heading&#8217; style=&#8217;blockquote modern-quote modern-centered&#8217; custom_font=&#8217;#162862&#8242; size=&#8221; subheading_active=&#8221; subheading_size=&#8217;15&#8217; custom_class=&#8221; admin_preview_bg=&#8221;][\/av_heading]<\/p>\n<p>[av_textblock size=&#8217;18&#8217; font_color=&#8217;custom&#8217; color=&#8217;#162862&#8242; admin_preview_bg=&#8221;]<\/p>\n<p style=\"text-align: center;\">N\u00e3o temos fronteiras porque tratamos sempre de cruz\u00e1-las. Com a nossa\u00a0<strong>oferta de dispositivos de portagem<\/strong>, gerir\u00e1 mais facilmente a sua frota, quer se encontre em Espanha ou no estrangeiro, oferecendo uma maior liberdade de movimento e agilidade no transporte da carga.<\/p>\n<p style=\"text-align: center;\"><a href=\"https:\/\/www.andamur.com\/pt-pt\/servicios-andamur\/portagens\/\">Teleportagens<\/a><\/p>\n<p>[\/av_textblock]<\/p>\n<p>[av_hr class=&#8217;invisible&#8217; height=&#8217;30&#8217; shadow=&#8217;no-shadow&#8217; position=&#8217;center&#8217; custom_border=&#8217;av-border-thin&#8217; custom_width=&#8217;50px&#8217; custom_border_color=&#8221; custom_margin_top=&#8217;30px&#8217; custom_margin_bottom=&#8217;30px&#8217; icon_select=&#8217;yes&#8217; custom_icon_color=&#8221; icon=&#8217;ue808&#8242; font=&#8217;entypo-fontello&#8217; admin_preview_bg=&#8221;]<\/p>\n<p>[\/av_cell_one_half][av_cell_one_half vertical_align=&#8217;top&#8217; padding=&#8217;30px&#8217; padding_sync=&#8217;true&#8217; background_color=&#8221; src=&#8217;https:\/\/www.andamur.com\/wp-content\/uploads\/2018\/01\/SERV02-1030&#215;1030.jpg&#8217; attachment=&#8217;3767&#8242; attachment_size=&#8217;large&#8217; background_attachment=&#8217;scroll&#8217; background_position=&#8217;center center&#8217; background_repeat=&#8217;stretch&#8217; mobile_display=&#8221;]<\/p>\n<p>[\/av_cell_one_half]<br \/>\n[\/av_layout_row]<\/p>\n<p>[av_layout_row border=&#8221; min_height_percent=&#8221; min_height=&#8217;0&#8242; color=&#8217;main_color&#8217; mobile=&#8217;av-flex-cells&#8217; id=&#8221; av_element_hidden_in_editor=&#8217;0&#8242;]<br \/>\n[av_cell_one_half vertical_align=&#8217;top&#8217; padding=&#8217;30px&#8217; padding_sync=&#8217;true&#8217; background_color=&#8221; src=&#8217;https:\/\/www.andamur.com\/wp-content\/uploads\/2018\/02\/RECUPERACION-DE-IVA-web.jpg&#8217; attachment=&#8217;3997&#8242; attachment_size=&#8217;full&#8217; background_attachment=&#8217;scroll&#8217; background_position=&#8217;center center&#8217; background_repeat=&#8217;stretch&#8217; mobile_display=&#8221;]<\/p>\n<p>[\/av_cell_one_half][av_cell_one_half vertical_align=&#8217;top&#8217; padding=&#8217;30px,50px,30px,50px&#8217; background_color=&#8221; src=&#8221; attachment=&#8221; attachment_size=&#8221; background_attachment=&#8217;scroll&#8217; background_position=&#8217;top left&#8217; background_repeat=&#8217;no-repeat&#8217; mobile_display=&#8221;]<\/p>\n<p>[av_hr class=&#8217;invisible&#8217; height=&#8217;20&#8217; shadow=&#8217;no-shadow&#8217; position=&#8217;center&#8217; custom_border=&#8217;av-border-thin&#8217; custom_width=&#8217;50px&#8217; custom_border_color=&#8221; custom_margin_top=&#8217;30px&#8217; custom_margin_bottom=&#8217;30px&#8217; icon_select=&#8217;yes&#8217; custom_icon_color=&#8221; icon=&#8217;ue808&#8242; font=&#8217;entypo-fontello&#8217; admin_preview_bg=&#8221;]<\/p>\n<p>[av_one_full first min_height=&#8221; vertical_alignment=&#8217;av-align-top&#8217; space=&#8221; margin=&#8217;0px&#8217; margin_sync=&#8217;true&#8217; padding=&#8217;90px,90px,0px,90px&#8217; border=&#8221; border_color=&#8221; radius=&#8217;0px&#8217; radius_sync=&#8217;true&#8217; background_color=&#8221; src=&#8221; attachment=&#8221; attachment_size=&#8221; background_position=&#8217;top left&#8217; background_repeat=&#8217;no-repeat&#8217; animation=&#8221; mobile_display=&#8221;]<\/p>\n<p>[av_image src=&#8217;https:\/\/www.andamur.com\/wp-content\/uploads\/2018\/01\/ICONO-DEVOLUCION-DE-IVA-1030&#215;379.png&#8217; attachment=&#8217;3770&#8242; attachment_size=&#8217;large&#8217; align=&#8217;center&#8217; styling=&#8221; hover=&#8221; link=&#8217;page,3966&#8242; target=&#8221; caption=&#8221; font_size=&#8221; appearance=&#8221; overlay_opacity=&#8217;0.4&#8242; overlay_color=&#8217;#000000&#8242; overlay_text_color=&#8217;#ffffff&#8217; animation=&#8217;no-animation&#8217; admin_preview_bg=&#8221;][\/av_image]<\/p>\n<p>[\/av_one_full][av_heading heading=&#8217;<strong>RECUPERA\u00c7\u00c3O DE IMPOSTOS<\/strong>&#8216; tag=&#8217;h2&#8242; style=&#8217;blockquote modern-quote modern-centered&#8217; size=&#8221; subheading_active=&#8221; subheading_size=&#8217;15&#8217; padding=&#8217;10&#8217; color=&#8217;custom-color-heading&#8217; custom_font=&#8217;#162862&#8242; admin_preview_bg=&#8221;][\/av_heading]<\/p>\n<p>[av_textblock size=&#8217;18&#8217; font_color=&#8217;custom&#8217; color=&#8217;#162862&#8242; admin_preview_bg=&#8221;]<\/p>\n<p class=\"av-special-heading-tag\" style=\"text-align: center;\">Recupere impostos das suas despesas na Europa.<\/p>\n<p class=\"av-special-heading-tag\" style=\"text-align: center;\">IVA dos consumos de carburantes, portagens, hot\u00e9is, t\u00e1xis, repara\u00e7\u00f5es, ferries, assist\u00eancia a feiras\u2026<\/p>\n<p style=\"text-align: center;\"><a href=\"https:\/\/www.andamur.com\/pt-pt\/servicios-andamur\/devolucao-de-iva\/\">Recupera\u00e7\u00e3o de impostos<\/a><\/p>\n<p>[\/av_textblock]<\/p>\n<p>[av_hr class=&#8217;invisible&#8217; height=&#8217;30&#8217; shadow=&#8217;no-shadow&#8217; position=&#8217;center&#8217; custom_border=&#8217;av-border-thin&#8217; custom_width=&#8217;50px&#8217; custom_border_color=&#8221; custom_margin_top=&#8217;30px&#8217; custom_margin_bottom=&#8217;30px&#8217; icon_select=&#8217;yes&#8217; custom_icon_color=&#8221; icon=&#8217;ue808&#8242; font=&#8217;entypo-fontello&#8217; admin_preview_bg=&#8221;]<\/p>\n<p>[\/av_cell_one_half]<br \/>\n[\/av_layout_row]<\/p>\n","protected":false},"excerpt":{"rendered":"<p>[av_submenu which_menu=&#8221; menu=&#8217;184&#8242; position=&#8217;right&#8217; color=&#8217;header_color&#8217; sticky=&#8217;aviaTBsticky&#8217; mobile=&#8217;disabled&#8217;] [av_submenu_item title=&#8217;Cart\u00f5es de Combust\u00edvel&#8217; link=&#8217;page,7298&#8242; linktarget=&#8221; button_style=&#8221;] [av_submenu_item title=&#8217;Dispositivos de Portagem&#8217; link=&#8217;page,7315&#8242; linktarget=&#8221; button_style=&#8221;] [av_submenu_item title=&#8217;Recupera\u00e7\u00e3o de Impostos&#8217; link=&#8217;page,7327&#8242; linktarget=&#8221; button_style=&#8221;] [av_submenu_item title=&#8217;Seguran\u00e7a&#8217; link=&#8217;page,12795&#8242; linktarget=&#8221; button_style=&#8221;] [\/av_submenu] [av_layout_row border=&#8221; min_height_percent=&#8221; min_height=&#8217;0&#8242; color=&#8217;main_color&#8217; mobile=&#8217;av-flex-cells&#8217; id=&#8221; av_element_hidden_in_editor=&#8217;0&#8242;] [av_cell_one_half vertical_align=&#8217;top&#8217; padding=&#8217;30px&#8217; padding_sync=&#8217;true&#8217; background_color=&#8221; src=&#8217;https:\/\/www.andamur.com\/wp-content\/uploads\/2020\/01\/tarjetas-transporte-media.jpg&#8217; attachment=&#8217;9485&#8242; attachment_size=&#8217;full&#8217; background_attachment=&#8217;scroll&#8217; background_position=&#8217;center center&#8217; background_repeat=&#8217;stretch&#8217; mobile_display=&#8221;] [&hellip;]<\/p>\n","protected":false},"author":1,"featured_media":0,"parent":0,"menu_order":0,"comment_status":"closed","ping_status":"closed","template":"page-templates\/services.php","meta":{"_acf_changed":false,"footnotes":""},"class_list":["post-7349","page","type-page","status-publish","hentry"],"acf":[],"yoast_head":"<!-- This site is optimized with the Yoast SEO plugin v25.4 - https:\/\/yoast.com\/wordpress\/plugins\/seo\/ -->\n<title>Servi\u00e7os Andamur<\/title>\n<meta name=\"robots\" content=\"index, follow, max-snippet:-1, max-image-preview:large, max-video-preview:-1\" \/>\n<link rel=\"canonical\" href=\"https:\/\/www.andamur.com\/pt-pt\/servicios-andamur\/\" \/>\n<meta property=\"og:locale\" content=\"pt_PT\" \/>\n<meta property=\"og:type\" content=\"article\" \/>\n<meta property=\"og:title\" content=\"Servi\u00e7os Andamur\" \/>\n<meta property=\"og:description\" content=\"[av_submenu which_menu=&#8221; menu=&#8217;184&#8242; position=&#8217;right&#8217; color=&#8217;header_color&#8217; sticky=&#8217;aviaTBsticky&#8217; mobile=&#8217;disabled&#8217;] [av_submenu_item title=&#8217;Cart\u00f5es de Combust\u00edvel&#8217; link=&#8217;page,7298&#8242; linktarget=&#8221; button_style=&#8221;] [av_submenu_item title=&#8217;Dispositivos de Portagem&#8217; link=&#8217;page,7315&#8242; linktarget=&#8221; button_style=&#8221;] [av_submenu_item title=&#8217;Recupera\u00e7\u00e3o de Impostos&#8217; link=&#8217;page,7327&#8242; linktarget=&#8221; button_style=&#8221;] [av_submenu_item title=&#8217;Seguran\u00e7a&#8217; link=&#8217;page,12795&#8242; linktarget=&#8221; button_style=&#8221;] [\/av_submenu] [av_layout_row border=&#8221; min_height_percent=&#8221; min_height=&#8217;0&#8242; color=&#8217;main_color&#8217; mobile=&#8217;av-flex-cells&#8217; id=&#8221; av_element_hidden_in_editor=&#8217;0&#8242;] [av_cell_one_half vertical_align=&#8217;top&#8217; padding=&#8217;30px&#8217; padding_sync=&#8217;true&#8217; background_color=&#8221; src=&#8217;https:\/\/www.andamur.com\/wp-content\/uploads\/2020\/01\/tarjetas-transporte-media.jpg&#8217; attachment=&#8217;9485&#8242; attachment_size=&#8217;full&#8217; background_attachment=&#8217;scroll&#8217; background_position=&#8217;center center&#8217; background_repeat=&#8217;stretch&#8217; mobile_display=&#8221;] [&hellip;]\" \/>\n<meta property=\"og:url\" content=\"https:\/\/www.andamur.com\/pt-pt\/servicios-andamur\/\" \/>\n<meta property=\"og:site_name\" content=\"Andamur\" \/>\n<meta property=\"article:publisher\" content=\"https:\/\/www.facebook.com\/AndamurEurope\/\" \/>\n<meta property=\"article:modified_time\" content=\"2025-03-21T10:36:29+00:00\" \/>\n<meta property=\"og:image\" content=\"https:\/\/www.andamur.com\/wp-content\/uploads\/2024\/02\/andamurogpic.jpg\" \/>\n\t<meta property=\"og:image:width\" content=\"1200\" \/>\n\t<meta property=\"og:image:height\" content=\"630\" \/>\n\t<meta property=\"og:image:type\" content=\"image\/jpeg\" \/>\n<meta name=\"twitter:card\" content=\"summary_large_image\" \/>\n<meta name=\"twitter:site\" content=\"@andamur_es\" \/>\n<script type=\"application\/ld+json\" class=\"yoast-schema-graph\">{\"@context\":\"https:\/\/schema.org\",\"@graph\":[{\"@type\":\"WebPage\",\"@id\":\"https:\/\/www.andamur.com\/pt-pt\/servicios-andamur\/\",\"url\":\"https:\/\/www.andamur.com\/pt-pt\/servicios-andamur\/\",\"name\":\"Servi\u00e7os Andamur\",\"isPartOf\":{\"@id\":\"https:\/\/www.andamur.com\/#website\"},\"datePublished\":\"2019-05-27T15:30:25+00:00\",\"dateModified\":\"2025-03-21T10:36:29+00:00\",\"breadcrumb\":{\"@id\":\"https:\/\/www.andamur.com\/pt-pt\/servicios-andamur\/#breadcrumb\"},\"inLanguage\":\"pt-PT\",\"potentialAction\":[{\"@type\":\"ReadAction\",\"target\":[\"https:\/\/www.andamur.com\/pt-pt\/servicios-andamur\/\"]}]},{\"@type\":\"BreadcrumbList\",\"@id\":\"https:\/\/www.andamur.com\/pt-pt\/servicios-andamur\/#breadcrumb\",\"itemListElement\":[{\"@type\":\"ListItem\",\"position\":1,\"name\":\"Portada\",\"item\":\"https:\/\/www.andamur.com\/pt-pt\/\"},{\"@type\":\"ListItem\",\"position\":2,\"name\":\"Servicios andamur\"}]},{\"@type\":\"WebSite\",\"@id\":\"https:\/\/www.andamur.com\/#website\",\"url\":\"https:\/\/www.andamur.com\/\",\"name\":\"Andamur\",\"description\":\"Cada viaje importa\",\"publisher\":{\"@id\":\"https:\/\/www.andamur.com\/#organization\"},\"inLanguage\":\"pt-PT\"},{\"@type\":\"Organization\",\"@id\":\"https:\/\/www.andamur.com\/#organization\",\"name\":\"Andamur\",\"url\":\"https:\/\/www.andamur.com\/\",\"logo\":{\"@type\":\"ImageObject\",\"inLanguage\":\"pt-PT\",\"@id\":\"https:\/\/www.andamur.com\/#\/schema\/logo\/image\/\",\"url\":\"https:\/\/www.andamur.com\/wp-content\/uploads\/2024\/02\/andamurogpic.jpg\",\"contentUrl\":\"https:\/\/www.andamur.com\/wp-content\/uploads\/2024\/02\/andamurogpic.jpg\",\"width\":1200,\"height\":630,\"caption\":\"Andamur\"},\"image\":{\"@id\":\"https:\/\/www.andamur.com\/#\/schema\/logo\/image\/\"},\"sameAs\":[\"https:\/\/www.facebook.com\/AndamurEurope\/\",\"https:\/\/x.com\/andamur_es\",\"https:\/\/www.instagram.com\/andamureurope\/\",\"https:\/\/www.youtube.com\/channel\/UCWP1SBl8J8SjUCcWBo_Uu1w\"]}]}<\/script>\n<!-- \/ Yoast SEO plugin. -->","yoast_head_json":{"title":"Servi\u00e7os Andamur","robots":{"index":"index","follow":"follow","max-snippet":"max-snippet:-1","max-image-preview":"max-image-preview:large","max-video-preview":"max-video-preview:-1"},"canonical":"https:\/\/www.andamur.com\/pt-pt\/servicios-andamur\/","og_locale":"pt_PT","og_type":"article","og_title":"Servi\u00e7os Andamur","og_description":"[av_submenu which_menu=&#8221; menu=&#8217;184&#8242; position=&#8217;right&#8217; color=&#8217;header_color&#8217; sticky=&#8217;aviaTBsticky&#8217; mobile=&#8217;disabled&#8217;] [av_submenu_item title=&#8217;Cart\u00f5es de Combust\u00edvel&#8217; link=&#8217;page,7298&#8242; linktarget=&#8221; button_style=&#8221;] [av_submenu_item title=&#8217;Dispositivos de Portagem&#8217; link=&#8217;page,7315&#8242; linktarget=&#8221; button_style=&#8221;] [av_submenu_item title=&#8217;Recupera\u00e7\u00e3o de Impostos&#8217; link=&#8217;page,7327&#8242; linktarget=&#8221; button_style=&#8221;] [av_submenu_item title=&#8217;Seguran\u00e7a&#8217; link=&#8217;page,12795&#8242; linktarget=&#8221; button_style=&#8221;] [\/av_submenu] [av_layout_row border=&#8221; min_height_percent=&#8221; min_height=&#8217;0&#8242; color=&#8217;main_color&#8217; mobile=&#8217;av-flex-cells&#8217; id=&#8221; av_element_hidden_in_editor=&#8217;0&#8242;] [av_cell_one_half vertical_align=&#8217;top&#8217; padding=&#8217;30px&#8217; padding_sync=&#8217;true&#8217; background_color=&#8221; src=&#8217;https:\/\/www.andamur.com\/wp-content\/uploads\/2020\/01\/tarjetas-transporte-media.jpg&#8217; attachment=&#8217;9485&#8242; attachment_size=&#8217;full&#8217; background_attachment=&#8217;scroll&#8217; background_position=&#8217;center center&#8217; background_repeat=&#8217;stretch&#8217; mobile_display=&#8221;] [&hellip;]","og_url":"https:\/\/www.andamur.com\/pt-pt\/servicios-andamur\/","og_site_name":"Andamur","article_publisher":"https:\/\/www.facebook.com\/AndamurEurope\/","article_modified_time":"2025-03-21T10:36:29+00:00","og_image":[{"width":1200,"height":630,"url":"https:\/\/www.andamur.com\/wp-content\/uploads\/2024\/02\/andamurogpic.jpg","type":"image\/jpeg"}],"twitter_card":"summary_large_image","twitter_site":"@andamur_es","schema":{"@context":"https:\/\/schema.org","@graph":[{"@type":"WebPage","@id":"https:\/\/www.andamur.com\/pt-pt\/servicios-andamur\/","url":"https:\/\/www.andamur.com\/pt-pt\/servicios-andamur\/","name":"Servi\u00e7os Andamur","isPartOf":{"@id":"https:\/\/www.andamur.com\/#website"},"datePublished":"2019-05-27T15:30:25+00:00","dateModified":"2025-03-21T10:36:29+00:00","breadcrumb":{"@id":"https:\/\/www.andamur.com\/pt-pt\/servicios-andamur\/#breadcrumb"},"inLanguage":"pt-PT","potentialAction":[{"@type":"ReadAction","target":["https:\/\/www.andamur.com\/pt-pt\/servicios-andamur\/"]}]},{"@type":"BreadcrumbList","@id":"https:\/\/www.andamur.com\/pt-pt\/servicios-andamur\/#breadcrumb","itemListElement":[{"@type":"ListItem","position":1,"name":"Portada","item":"https:\/\/www.andamur.com\/pt-pt\/"},{"@type":"ListItem","position":2,"name":"Servicios andamur"}]},{"@type":"WebSite","@id":"https:\/\/www.andamur.com\/#website","url":"https:\/\/www.andamur.com\/","name":"Andamur","description":"Cada viaje importa","publisher":{"@id":"https:\/\/www.andamur.com\/#organization"},"inLanguage":"pt-PT"},{"@type":"Organization","@id":"https:\/\/www.andamur.com\/#organization","name":"Andamur","url":"https:\/\/www.andamur.com\/","logo":{"@type":"ImageObject","inLanguage":"pt-PT","@id":"https:\/\/www.andamur.com\/#\/schema\/logo\/image\/","url":"https:\/\/www.andamur.com\/wp-content\/uploads\/2024\/02\/andamurogpic.jpg","contentUrl":"https:\/\/www.andamur.com\/wp-content\/uploads\/2024\/02\/andamurogpic.jpg","width":1200,"height":630,"caption":"Andamur"},"image":{"@id":"https:\/\/www.andamur.com\/#\/schema\/logo\/image\/"},"sameAs":["https:\/\/www.facebook.com\/AndamurEurope\/","https:\/\/x.com\/andamur_es","https:\/\/www.instagram.com\/andamureurope\/","https:\/\/www.youtube.com\/channel\/UCWP1SBl8J8SjUCcWBo_Uu1w"]}]}},"_links":{"self":[{"href":"https:\/\/www.andamur.com\/pt-pt\/wp-json\/wp\/v2\/pages\/7349","targetHints":{"allow":["GET"]}}],"collection":[{"href":"https:\/\/www.andamur.com\/pt-pt\/wp-json\/wp\/v2\/pages"}],"about":[{"href":"https:\/\/www.andamur.com\/pt-pt\/wp-json\/wp\/v2\/types\/page"}],"author":[{"embeddable":true,"href":"https:\/\/www.andamur.com\/pt-pt\/wp-json\/wp\/v2\/users\/1"}],"replies":[{"embeddable":true,"href":"https:\/\/www.andamur.com\/pt-pt\/wp-json\/wp\/v2\/comments?post=7349"}],"version-history":[{"count":0,"href":"https:\/\/www.andamur.com\/pt-pt\/wp-json\/wp\/v2\/pages\/7349\/revisions"}],"wp:attachment":[{"href":"https:\/\/www.andamur.com\/pt-pt\/wp-json\/wp\/v2\/media?parent=7349"}],"curies":[{"name":"wp","href":"https:\/\/api.w.org\/{rel}","templated":true}]}}