{"id":7275,"date":"2019-05-27T09:32:09","date_gmt":"2019-05-27T09:32:09","guid":{"rendered":"https:\/\/www.andamur.com\/?page_id=7275"},"modified":"2026-03-12T14:36:44","modified_gmt":"2026-03-12T13:36:44","slug":"areas-de-servico","status":"publish","type":"page","link":"https:\/\/www.andamur.com\/pt-pt\/areas-de-servico\/","title":{"rendered":"\u00c1reas de Servi\u00e7o"},"content":{"rendered":"<p>[av_submenu which_menu=&#8221; menu=&#8217;187&#8242; position=&#8217;right&#8217; color=&#8217;header_color&#8217; sticky=&#8217;aviaTBsticky&#8217; mobile=&#8217;disabled&#8217; mobile_submenu=&#8217;aviaTBmobile_submenu&#8217; av_uid=&#8217;av-qfz7bv&#8217;]<br \/>\n[av_submenu_item title=&#8217;Rede de Esta\u00e7\u00f5es &#8216; link=&#8217;page,7292&#8242; linktarget=&#8221; button_style=&#8221; av_uid=&#8217;av-2fx8ij&#8217;]<br \/>\n[av_submenu_item title=&#8217;<strong>\u00c1reas de Servi\u00e7o Andamur<\/strong>&#8216; link=&#8217;page,7344&#8242; linktarget=&#8221; button_style=&#8221; av_uid=&#8217;av-2705vf&#8217;]<br \/>\n[av_submenu_item title=&#8217;Multienergia&#8217; link=&#8217;page,17719&#8242; linktarget=&#8221; button_style=&#8221; av_uid=&#8217;av-lfe7u3&#8242;]<br \/>\n[\/av_submenu]<\/p>\n<p>[av_section min_height=&#8221; min_height_px=&#8217;500px&#8217; padding=&#8217;huge&#8217; shadow=&#8217;no-border-styling&#8217; bottom_border=&#8217;no-border-styling&#8217; bottom_border_diagonal_color=&#8217;#333333&#8242; bottom_border_diagonal_direction=&#8221; bottom_border_style=&#8221; scroll_down=&#8217;aviaTBscroll_down&#8217; id=&#8221; color=&#8217;alternate_color&#8217; custom_bg=&#8221; src=&#8217;http:\/\/test.kriesi.at\/enfold-gym\/wp-content\/uploads\/sites\/18\/2016\/02\/hero-2.jpg&#8217; attachment=&#8217;549&#8242; attachment_size=&#8217;full&#8217; attach=&#8217;fixed&#8217; position=&#8217;center center&#8217; repeat=&#8217;stretch&#8217; video=&#8217;https:\/\/vimeo.com\/235946660&#8242; video_ratio=&#8217;16:9&#8242; video_mobile_disabled=&#8217;aviaTBvideo_mobile_disabled&#8217; overlay_enable=&#8217;aviaTBoverlay_enable&#8217; overlay_opacity=&#8217;0.9&#8242; overlay_color=&#8217;#162862&#8242; overlay_pattern=&#8221; overlay_custom_pattern=&#8221; av_element_hidden_in_editor=&#8217;0&#8242; av_uid=&#8217;av-jlftfv&#8217;]<br \/>\n[av_heading heading=&#8217;Quer conhecer as <strong> nossas \u00c1reas de Servi\u00e7o <\/strong> de destaque?&#8217; tag=&#8217;h1&#8242; style=&#8217;blockquote modern-quote modern-centered&#8217; size=&#8221; subheading_active=&#8217;subheading_below&#8217; subheading_size=&#8217;15&#8217; padding=&#8217;10&#8217; color=&#8217;custom-color-heading&#8217; custom_font=&#8217;#ffffff&#8217; admin_preview_bg=&#8221; av_uid=&#8217;av-hbxd0b&#8217;]<br \/>\nEstamos \u00e0 sua espera com os melhores produtos e servi\u00e7os. Desfrute da m\u00e1xima qualidade e do melhor atendimento.<br \/>\n[\/av_heading]<\/p>\n<p>[av_hr class=&#8217;invisible&#8217; height=&#8217;40&#8217; shadow=&#8217;no-shadow&#8217; position=&#8217;center&#8217; custom_border=&#8217;av-border-thin&#8217; custom_width=&#8217;50px&#8217; custom_border_color=&#8221; custom_margin_top=&#8217;30px&#8217; custom_margin_bottom=&#8217;30px&#8217; icon_select=&#8217;yes&#8217; custom_icon_color=&#8221; icon=&#8217;ue808&#8242; font=&#8217;entypo-fontello&#8217; admin_preview_bg=&#8221; av_uid=&#8217;av-fo9arf&#8217;]<br \/>\n[\/av_section]<\/p>\n<p>[av_section min_height=&#8221; min_height_px=&#8217;500px&#8217; padding=&#8217;default&#8217; shadow=&#8217;no-shadow&#8217; bottom_border=&#8217;no-border-styling&#8217; bottom_border_diagonal_color=&#8217;#333333&#8242; bottom_border_diagonal_direction=&#8221; bottom_border_style=&#8221; id=&#8221; color=&#8217;main_color&#8217; custom_bg=&#8217;#f2f2f2&#8242; src=&#8221; attachment=&#8221; attachment_size=&#8221; attach=&#8217;scroll&#8217; position=&#8217;top left&#8217; repeat=&#8217;no-repeat&#8217; video=&#8221; video_ratio=&#8217;16:9&#8242; overlay_opacity=&#8217;0.5&#8242; overlay_color=&#8221; overlay_pattern=&#8221; overlay_custom_pattern=&#8221; av_element_hidden_in_editor=&#8217;0&#8242; av_uid=&#8217;av-equ0uz&#8217;]<\/p>\n<p>[av_hr class=&#8217;invisible&#8217; height=&#8217;20&#8217; shadow=&#8217;no-shadow&#8217; position=&#8217;center&#8217; custom_border=&#8217;av-border-thin&#8217; custom_width=&#8217;50px&#8217; custom_border_color=&#8221; custom_margin_top=&#8217;30px&#8217; custom_margin_bottom=&#8217;30px&#8217; icon_select=&#8217;yes&#8217; custom_icon_color=&#8221; icon=&#8217;ue808&#8242; font=&#8217;entypo-fontello&#8217; admin_preview_bg=&#8221; av_uid=&#8217;av-c7iziz&#8217;]<\/p>\n<p>[av_slideshow size=&#8217;no scaling&#8217; control_layout=&#8217;av-control-default&#8217; conditional_play=&#8221; animation=&#8217;slide&#8217; transition_speed=&#8221; autoplay=&#8217;false&#8217; interval=&#8217;5&#8242; lazy_loading=&#8217;disabled&#8217; alb_description=&#8221; id=&#8221; custom_class=&#8221; template_class=&#8221; av_uid=&#8217;av-kw24cx7i&#8217; sc_version=&#8217;1.0&#8242;]<br \/>\n[av_slide slide_type=&#8217;image&#8217; id=&#8217;57983&#8242; video=&#8217;https:\/\/&#8217; mobile_image=&#8221; fallback_link=&#8217;https:\/\/&#8217; title=&#8221; video_ratio=&#8217;16:9&#8242; av-medium-font-size-title=&#8221; av-small-font-size-title=&#8221; av-mini-font-size-title=&#8221; av-medium-font-size=&#8221; av-small-font-size=&#8221; av-mini-font-size=&#8221; heading_tag=&#8217;h3&#8242; heading_class=&#8221; link_apply=&#8217;image&#8217; link=&#8217;portfolio,56774&#8242; link_target=&#8221; av_uid=&#8217;av-kw24cwsj&#8217; sc_version=&#8217;1.0&#8242;][\/av_slide]<\/p>\n<p>[\/av_slideshow]<\/p>\n<p>[av_masonry_entries link=&#8217;portfolio_entries,233&#8242; wc_prod_visible=&#8221; wc_prod_hidden=&#8217;hide&#8217; wc_prod_featured=&#8221; prod_order_by=&#8221; prod_order=&#8221; date_filter=&#8221; date_filter_start=&#8221; date_filter_end=&#8221; date_filter_format=&#8217;yy\/mm\/dd&#8217; sort=&#8217;yes&#8217; query_orderby=&#8217;title&#8217; query_order=&#8217;ASC&#8217; caption_elements=&#8217;none&#8217; caption_styling=&#8221; caption_display=&#8217;on-hover-hide&#8217; size=&#8217;fixed masonry&#8217; orientation=&#8221; gap=&#8217;large&#8217; columns=&#8217;4&#8242; av-medium-columns=&#8221; av-small-columns=&#8221; av-mini-columns=&#8221; items=&#8217;4&#8242; paginate=&#8217;none&#8217; color=&#8217;custom&#8217; custom_bg=&#8217;#f2f2f2&#8242; overlay_fx=&#8221; animation=&#8217;active&#8217; lazy_loading=&#8217;disabled&#8217; id=&#8221; custom_class=&#8221; template_class=&#8221; av_uid=&#8217;av-kv7w0rqe&#8217; sc_version=&#8217;1.0&#8242;]<\/p>\n<p>[av_masonry_entries link=&#8217;portfolio_entries,234&#8242; wc_prod_visible=&#8221; wc_prod_hidden=&#8217;hide&#8217; wc_prod_featured=&#8221; prod_order_by=&#8221; prod_order=&#8221; date_filter=&#8221; date_filter_start=&#8221; date_filter_end=&#8221; date_filter_format=&#8217;yy\/mm\/dd&#8217; sort=&#8217;yes&#8217; query_orderby=&#8217;date&#8217; query_order=&#8217;ASC&#8217; caption_elements=&#8217;none&#8217; caption_styling=&#8221; caption_display=&#8217;on-hover-hide&#8217; size=&#8217;fixed masonry&#8217; orientation=&#8221; gap=&#8217;large&#8217; columns=&#8217;4&#8242; av-medium-columns=&#8221; av-small-columns=&#8221; av-mini-columns=&#8221; items=&#8217;6&#8242; paginate=&#8217;none&#8217; color=&#8217;custom&#8217; custom_bg=&#8217;#f2f2f2&#8242; overlay_fx=&#8221; animation=&#8217;active&#8217; lazy_loading=&#8217;disabled&#8217; id=&#8221; custom_class=&#8221; template_class=&#8221; av_uid=&#8217;av-kv7w0zxt&#8217; sc_version=&#8217;1.0&#8242;]<\/p>\n<p>[\/av_section][av_section min_height=&#8221; min_height_px=&#8217;500px&#8217; padding=&#8217;default&#8217; shadow=&#8217;no-border-styling&#8217; bottom_border=&#8217;border-extra-arrow-down&#8217; bottom_border_diagonal_color=&#8217;#333333&#8242; bottom_border_diagonal_direction=&#8221; bottom_border_style=&#8221; id=&#8221; color=&#8217;main_color&#8217; custom_bg=&#8217;#162862&#8242; src=&#8221; attachment=&#8221; attachment_size=&#8221; attach=&#8217;scroll&#8217; position=&#8217;top left&#8217; repeat=&#8217;no-repeat&#8217; video=&#8221; video_ratio=&#8217;16:9&#8242; overlay_opacity=&#8217;0.5&#8242; overlay_color=&#8221; overlay_pattern=&#8221; overlay_custom_pattern=&#8221; av_element_hidden_in_editor=&#8217;0&#8242; av_uid=&#8217;av-biu52j&#8217;]<br \/>\n[av_hr class=&#8217;invisible&#8217; height=&#8217;5&#8242; shadow=&#8217;no-shadow&#8217; position=&#8217;center&#8217; custom_border=&#8217;av-border-thin&#8217; custom_width=&#8217;50px&#8217; custom_border_color=&#8221; custom_margin_top=&#8217;30px&#8217; custom_margin_bottom=&#8217;30px&#8217; icon_select=&#8217;yes&#8217; custom_icon_color=&#8221; icon=&#8217;ue808&#8242; font=&#8217;entypo-fontello&#8217; admin_preview_bg=&#8221; av_uid=&#8217;av-9py3uj&#8217;]<\/p>\n<p>[av_heading heading=&#8217;Conhe\u00e7a a Rede Internacional de Esta\u00e7\u00f5es de Servi\u00e7o Andamur&#8217; tag=&#8217;h1&#8242; style=&#8217;blockquote modern-quote modern-centered&#8217; size=&#8217;40&#8217; subheading_active=&#8217;subheading_below&#8217; subheading_size=&#8217;15&#8217; padding=&#8217;0&#8242; color=&#8217;custom-color-heading&#8217; custom_font=&#8217;#ffffff&#8217; admin_preview_bg=&#8217;rgb(34, 34, 34)&#8217; av_uid=&#8217;av-7y35i3&#8242;]<br \/>\nMais de 650 Esta\u00e7\u00f5es de Servi\u00e7o em 9 pa\u00edses da Europa<br \/>\n[\/av_heading]<\/p>\n<p>[av_hr class=&#8217;invisible&#8217; height=&#8217;20&#8217; shadow=&#8217;no-shadow&#8217; position=&#8217;center&#8217; custom_border=&#8217;av-border-thin&#8217; custom_width=&#8217;50px&#8217; custom_border_color=&#8221; custom_margin_top=&#8217;30px&#8217; custom_margin_bottom=&#8217;30px&#8217; icon_select=&#8217;yes&#8217; custom_icon_color=&#8221; icon=&#8217;ue808&#8242; font=&#8217;entypo-fontello&#8217; admin_preview_bg=&#8221; av_uid=&#8217;av-68kfkb&#8217;]<br \/>\n[\/av_section]<\/p>\n<p>[av_section min_height=&#8221; min_height_px=&#8217;500px&#8217; padding=&#8217;no-padding&#8217; shadow=&#8217;no-border-styling&#8217; bottom_border=&#8217;no-border-styling&#8217; bottom_border_diagonal_color=&#8217;#333333&#8242; bottom_border_diagonal_direction=&#8221; bottom_border_style=&#8221; id=&#8217;mapaandamur&#8217; color=&#8217;main_color&#8217; custom_bg=&#8221; src=&#8221; attachment=&#8221; attachment_size=&#8221; attach=&#8217;scroll&#8217; position=&#8217;top left&#8217; repeat=&#8217;no-repeat&#8217; video=&#8221; video_ratio=&#8217;16:9&#8242; overlay_opacity=&#8217;0.5&#8242; overlay_color=&#8221; overlay_pattern=&#8221; overlay_custom_pattern=&#8221; av_element_hidden_in_editor=&#8217;0&#8242; av_uid=&#8217;av-4i3uhn&#8217;]<br \/>\n[av_codeblock wrapper_element=&#8221; wrapper_element_attributes=&#8221; av_uid=&#8217;av-2xv0yz&#8217;]<br \/>\n[xyz-ips snippet=&#8221;map-andamur-pt&#8221;]<br \/>\n[\/av_codeblock]<br \/>\n[\/av_section]<\/p>\n","protected":false},"excerpt":{"rendered":"<p>[av_submenu which_menu=&#8221; menu=&#8217;187&#8242; position=&#8217;right&#8217; color=&#8217;header_color&#8217; sticky=&#8217;aviaTBsticky&#8217; mobile=&#8217;disabled&#8217; mobile_submenu=&#8217;aviaTBmobile_submenu&#8217; av_uid=&#8217;av-qfz7bv&#8217;] [av_submenu_item title=&#8217;Rede de Esta\u00e7\u00f5es &#8216; link=&#8217;page,7292&#8242; linktarget=&#8221; button_style=&#8221; av_uid=&#8217;av-2fx8ij&#8217;] [av_submenu_item title=&#8217;\u00c1reas de Servi\u00e7o Andamur&#8216; link=&#8217;page,7344&#8242; linktarget=&#8221; button_style=&#8221; av_uid=&#8217;av-2705vf&#8217;] [av_submenu_item title=&#8217;Multienergia&#8217; link=&#8217;page,17719&#8242; linktarget=&#8221; button_style=&#8221; av_uid=&#8217;av-lfe7u3&#8242;] [\/av_submenu] [av_section min_height=&#8221; min_height_px=&#8217;500px&#8217; padding=&#8217;huge&#8217; shadow=&#8217;no-border-styling&#8217; bottom_border=&#8217;no-border-styling&#8217; bottom_border_diagonal_color=&#8217;#333333&#8242; bottom_border_diagonal_direction=&#8221; bottom_border_style=&#8221; scroll_down=&#8217;aviaTBscroll_down&#8217; id=&#8221; color=&#8217;alternate_color&#8217; custom_bg=&#8221; src=&#8217;http:\/\/test.kriesi.at\/enfold-gym\/wp-content\/uploads\/sites\/18\/2016\/02\/hero-2.jpg&#8217; attachment=&#8217;549&#8242; attachment_size=&#8217;full&#8217; attach=&#8217;fixed&#8217; position=&#8217;center center&#8217; repeat=&#8217;stretch&#8217; video=&#8217;https:\/\/vimeo.com\/235946660&#8242; [&hellip;]<\/p>\n","protected":false},"author":1,"featured_media":0,"parent":0,"menu_order":0,"comment_status":"closed","ping_status":"closed","template":"page-templates\/works.php","meta":{"_acf_changed":false,"footnotes":""},"class_list":["post-7275","page","type-page","status-publish","hentry"],"acf":[],"yoast_head":"<!-- This site is optimized with the Yoast SEO plugin v25.4 - https:\/\/yoast.com\/wordpress\/plugins\/seo\/ -->\n<title>\u00c1reas e Esta\u00e7\u00f5es de Servi\u00e7o. Mais de 1400 na Europa - Andamur<\/title>\n<meta name=\"description\" content=\"Conhe\u00e7a a Rede Europeia de Esta\u00e7\u00f5es de Servi\u00e7o da Andamur. Mais de 1400 bombas de gasolina e esta\u00e7\u00f5es de servi\u00e7o em 9 pa\u00edses na Europa.\" \/>\n<meta name=\"robots\" content=\"index, follow, max-snippet:-1, max-image-preview:large, max-video-preview:-1\" \/>\n<link rel=\"canonical\" href=\"https:\/\/www.andamur.com\/pt-pt\/areas-de-servico\/\" \/>\n<meta property=\"og:locale\" content=\"pt_PT\" \/>\n<meta property=\"og:type\" content=\"article\" \/>\n<meta property=\"og:title\" content=\"\u00c1reas e Esta\u00e7\u00f5es de Servi\u00e7o. Mais de 1400 na Europa - Andamur\" \/>\n<meta property=\"og:description\" content=\"Conhe\u00e7a a Rede Europeia de Esta\u00e7\u00f5es de Servi\u00e7o da Andamur. Mais de 1400 bombas de gasolina e esta\u00e7\u00f5es de servi\u00e7o em 9 pa\u00edses na Europa.\" \/>\n<meta property=\"og:url\" content=\"https:\/\/www.andamur.com\/pt-pt\/areas-de-servico\/\" \/>\n<meta property=\"og:site_name\" content=\"Andamur\" \/>\n<meta property=\"article:publisher\" content=\"https:\/\/www.facebook.com\/AndamurEurope\/\" \/>\n<meta property=\"article:modified_time\" content=\"2026-03-12T13:36:44+00:00\" \/>\n<meta property=\"og:image\" content=\"https:\/\/www.andamur.com\/wp-content\/uploads\/2024\/02\/andamurogpic.jpg\" \/>\n\t<meta property=\"og:image:width\" content=\"1200\" \/>\n\t<meta property=\"og:image:height\" content=\"630\" \/>\n\t<meta property=\"og:image:type\" content=\"image\/jpeg\" \/>\n<meta name=\"twitter:card\" content=\"summary_large_image\" \/>\n<meta name=\"twitter:site\" content=\"@andamur_es\" \/>\n<script type=\"application\/ld+json\" class=\"yoast-schema-graph\">{\"@context\":\"https:\/\/schema.org\",\"@graph\":[{\"@type\":\"WebPage\",\"@id\":\"https:\/\/www.andamur.com\/pt-pt\/areas-de-servico\/\",\"url\":\"https:\/\/www.andamur.com\/pt-pt\/areas-de-servico\/\",\"name\":\"\u00c1reas e Esta\u00e7\u00f5es de Servi\u00e7o. Mais de 1400 na Europa - Andamur\",\"isPartOf\":{\"@id\":\"https:\/\/www.andamur.com\/#website\"},\"datePublished\":\"2019-05-27T09:32:09+00:00\",\"dateModified\":\"2026-03-12T13:36:44+00:00\",\"description\":\"Conhe\u00e7a a Rede Europeia de Esta\u00e7\u00f5es de Servi\u00e7o da Andamur. Mais de 1400 bombas de gasolina e esta\u00e7\u00f5es de servi\u00e7o em 9 pa\u00edses na Europa.\",\"breadcrumb\":{\"@id\":\"https:\/\/www.andamur.com\/pt-pt\/areas-de-servico\/#breadcrumb\"},\"inLanguage\":\"pt-PT\",\"potentialAction\":[{\"@type\":\"ReadAction\",\"target\":[\"https:\/\/www.andamur.com\/pt-pt\/areas-de-servico\/\"]}]},{\"@type\":\"BreadcrumbList\",\"@id\":\"https:\/\/www.andamur.com\/pt-pt\/areas-de-servico\/#breadcrumb\",\"itemListElement\":[{\"@type\":\"ListItem\",\"position\":1,\"name\":\"Portada\",\"item\":\"https:\/\/www.andamur.com\/pt-pt\/\"},{\"@type\":\"ListItem\",\"position\":2,\"name\":\"\u00c1reas de Servi\u00e7o\"}]},{\"@type\":\"WebSite\",\"@id\":\"https:\/\/www.andamur.com\/#website\",\"url\":\"https:\/\/www.andamur.com\/\",\"name\":\"Andamur\",\"description\":\"Cada viaje importa\",\"publisher\":{\"@id\":\"https:\/\/www.andamur.com\/#organization\"},\"inLanguage\":\"pt-PT\"},{\"@type\":\"Organization\",\"@id\":\"https:\/\/www.andamur.com\/#organization\",\"name\":\"Andamur\",\"url\":\"https:\/\/www.andamur.com\/\",\"logo\":{\"@type\":\"ImageObject\",\"inLanguage\":\"pt-PT\",\"@id\":\"https:\/\/www.andamur.com\/#\/schema\/logo\/image\/\",\"url\":\"https:\/\/www.andamur.com\/wp-content\/uploads\/2024\/02\/andamurogpic.jpg\",\"contentUrl\":\"https:\/\/www.andamur.com\/wp-content\/uploads\/2024\/02\/andamurogpic.jpg\",\"width\":1200,\"height\":630,\"caption\":\"Andamur\"},\"image\":{\"@id\":\"https:\/\/www.andamur.com\/#\/schema\/logo\/image\/\"},\"sameAs\":[\"https:\/\/www.facebook.com\/AndamurEurope\/\",\"https:\/\/x.com\/andamur_es\",\"https:\/\/www.instagram.com\/andamureurope\/\",\"https:\/\/www.youtube.com\/channel\/UCWP1SBl8J8SjUCcWBo_Uu1w\"]}]}<\/script>\n<!-- \/ Yoast SEO plugin. -->","yoast_head_json":{"title":"\u00c1reas e Esta\u00e7\u00f5es de Servi\u00e7o. Mais de 1400 na Europa - Andamur","description":"Conhe\u00e7a a Rede Europeia de Esta\u00e7\u00f5es de Servi\u00e7o da Andamur. Mais de 1400 bombas de gasolina e esta\u00e7\u00f5es de servi\u00e7o em 9 pa\u00edses na Europa.","robots":{"index":"index","follow":"follow","max-snippet":"max-snippet:-1","max-image-preview":"max-image-preview:large","max-video-preview":"max-video-preview:-1"},"canonical":"https:\/\/www.andamur.com\/pt-pt\/areas-de-servico\/","og_locale":"pt_PT","og_type":"article","og_title":"\u00c1reas e Esta\u00e7\u00f5es de Servi\u00e7o. Mais de 1400 na Europa - Andamur","og_description":"Conhe\u00e7a a Rede Europeia de Esta\u00e7\u00f5es de Servi\u00e7o da Andamur. Mais de 1400 bombas de gasolina e esta\u00e7\u00f5es de servi\u00e7o em 9 pa\u00edses na Europa.","og_url":"https:\/\/www.andamur.com\/pt-pt\/areas-de-servico\/","og_site_name":"Andamur","article_publisher":"https:\/\/www.facebook.com\/AndamurEurope\/","article_modified_time":"2026-03-12T13:36:44+00:00","og_image":[{"width":1200,"height":630,"url":"https:\/\/www.andamur.com\/wp-content\/uploads\/2024\/02\/andamurogpic.jpg","type":"image\/jpeg"}],"twitter_card":"summary_large_image","twitter_site":"@andamur_es","schema":{"@context":"https:\/\/schema.org","@graph":[{"@type":"WebPage","@id":"https:\/\/www.andamur.com\/pt-pt\/areas-de-servico\/","url":"https:\/\/www.andamur.com\/pt-pt\/areas-de-servico\/","name":"\u00c1reas e Esta\u00e7\u00f5es de Servi\u00e7o. Mais de 1400 na Europa - Andamur","isPartOf":{"@id":"https:\/\/www.andamur.com\/#website"},"datePublished":"2019-05-27T09:32:09+00:00","dateModified":"2026-03-12T13:36:44+00:00","description":"Conhe\u00e7a a Rede Europeia de Esta\u00e7\u00f5es de Servi\u00e7o da Andamur. Mais de 1400 bombas de gasolina e esta\u00e7\u00f5es de servi\u00e7o em 9 pa\u00edses na Europa.","breadcrumb":{"@id":"https:\/\/www.andamur.com\/pt-pt\/areas-de-servico\/#breadcrumb"},"inLanguage":"pt-PT","potentialAction":[{"@type":"ReadAction","target":["https:\/\/www.andamur.com\/pt-pt\/areas-de-servico\/"]}]},{"@type":"BreadcrumbList","@id":"https:\/\/www.andamur.com\/pt-pt\/areas-de-servico\/#breadcrumb","itemListElement":[{"@type":"ListItem","position":1,"name":"Portada","item":"https:\/\/www.andamur.com\/pt-pt\/"},{"@type":"ListItem","position":2,"name":"\u00c1reas de Servi\u00e7o"}]},{"@type":"WebSite","@id":"https:\/\/www.andamur.com\/#website","url":"https:\/\/www.andamur.com\/","name":"Andamur","description":"Cada viaje importa","publisher":{"@id":"https:\/\/www.andamur.com\/#organization"},"inLanguage":"pt-PT"},{"@type":"Organization","@id":"https:\/\/www.andamur.com\/#organization","name":"Andamur","url":"https:\/\/www.andamur.com\/","logo":{"@type":"ImageObject","inLanguage":"pt-PT","@id":"https:\/\/www.andamur.com\/#\/schema\/logo\/image\/","url":"https:\/\/www.andamur.com\/wp-content\/uploads\/2024\/02\/andamurogpic.jpg","contentUrl":"https:\/\/www.andamur.com\/wp-content\/uploads\/2024\/02\/andamurogpic.jpg","width":1200,"height":630,"caption":"Andamur"},"image":{"@id":"https:\/\/www.andamur.com\/#\/schema\/logo\/image\/"},"sameAs":["https:\/\/www.facebook.com\/AndamurEurope\/","https:\/\/x.com\/andamur_es","https:\/\/www.instagram.com\/andamureurope\/","https:\/\/www.youtube.com\/channel\/UCWP1SBl8J8SjUCcWBo_Uu1w"]}]}},"_links":{"self":[{"href":"https:\/\/www.andamur.com\/pt-pt\/wp-json\/wp\/v2\/pages\/7275","targetHints":{"allow":["GET"]}}],"collection":[{"href":"https:\/\/www.andamur.com\/pt-pt\/wp-json\/wp\/v2\/pages"}],"about":[{"href":"https:\/\/www.andamur.com\/pt-pt\/wp-json\/wp\/v2\/types\/page"}],"author":[{"embeddable":true,"href":"https:\/\/www.andamur.com\/pt-pt\/wp-json\/wp\/v2\/users\/1"}],"replies":[{"embeddable":true,"href":"https:\/\/www.andamur.com\/pt-pt\/wp-json\/wp\/v2\/comments?post=7275"}],"version-history":[{"count":0,"href":"https:\/\/www.andamur.com\/pt-pt\/wp-json\/wp\/v2\/pages\/7275\/revisions"}],"wp:attachment":[{"href":"https:\/\/www.andamur.com\/pt-pt\/wp-json\/wp\/v2\/media?parent=7275"}],"curies":[{"name":"wp","href":"https:\/\/api.w.org\/{rel}","templated":true}]}}