{"id":7271,"date":"2019-05-27T09:24:14","date_gmt":"2019-05-27T09:24:14","guid":{"rendered":"https:\/\/www.andamur.com\/?page_id=7271"},"modified":"2025-06-17T08:56:32","modified_gmt":"2025-06-17T07:56:32","slug":"trabalheconnosco","status":"publish","type":"page","link":"https:\/\/www.andamur.com\/pt-pt\/nos\/trabalheconnosco\/","title":{"rendered":"Trabalhe connosco"},"content":{"rendered":"<p>[av_submenu which_menu=&#8221; menu=&#8217;182&#8242; position=&#8217;right&#8217; color=&#8217;header_color&#8217; sticky=&#8217;aviaTBsticky&#8217; mobile=&#8217;disabled&#8217;]<br \/>\n[av_submenu_item title=&#8217;N\u00f3s&#8217; link=&#8217;page,7258&#8242; linktarget=&#8221; button_style=&#8221;]<br \/>\n[av_submenu_item title=&#8217;RSC&#8217; link=&#8217;page,7263&#8242; linktarget=&#8221; button_style=&#8221;]<br \/>\n[av_submenu_item title=&#8217;Inova\u00e7\u00e3o&#8217; link=&#8217;page,13885&#8242; linktarget=&#8221; button_style=&#8221;]<br \/>\n[av_submenu_item title=&#8217;Qualidade&#8217; link=&#8217;page,7266&#8242; linktarget=&#8221; button_style=&#8221;]<br \/>\n[av_submenu_item title=&#8217;<strong>Trabalhe connosco <\/strong>&#8216; link=&#8217;page,7271&#8242; linktarget=&#8221; button_style=&#8221;]<br \/>\n[av_submenu_item title=&#8217;Contacto&#8217; link=&#8217;page,7353&#8242; linktarget=&#8221; button_style=&#8221;]<br \/>\n[\/av_submenu]<\/p>\n<p>[av_section min_height=&#8221; min_height_px=&#8217;500px&#8217; padding=&#8217;huge&#8217; shadow=&#8217;no-border-styling&#8217; bottom_border=&#8217;no-border-styling&#8217; bottom_border_diagonal_color=&#8217;#333333&#8242; bottom_border_diagonal_direction=&#8221; bottom_border_style=&#8221; scroll_down=&#8217;aviaTBscroll_down&#8217; id=&#8221; color=&#8217;main_color&#8217; custom_bg=&#8221; src=&#8217;https:\/\/www.andamur.com\/wp-content\/uploads\/2017\/11\/transitio06.jpg&#8217; attachment=&#8217;3606&#8242; attachment_size=&#8217;full&#8217; attach=&#8217;parallax&#8217; position=&#8217;bottom center&#8217; repeat=&#8217;stretch&#8217; video=&#8217;https:\/\/vimeo.com\/275049911&#8242; video_ratio=&#8217;16:9&#8242; overlay_opacity=&#8217;0.8&#8242; overlay_color=&#8217;#162862&#8242; overlay_pattern=&#8221; overlay_custom_pattern=&#8221; av_element_hidden_in_editor=&#8217;0&#8242;]<br \/>\n[av_hr class=&#8217;invisible&#8217; height=&#8217;230&#8242; shadow=&#8217;no-shadow&#8217; position=&#8217;center&#8217; custom_border=&#8217;av-border-fat&#8217; custom_width=&#8217;50px&#8217; custom_border_color=&#8217;#ffffff&#8217; custom_margin_top=&#8217;30px&#8217; custom_margin_bottom=&#8217;30px&#8217; icon_select=&#8217;no&#8217; custom_icon_color=&#8221; icon=&#8217;ue808&#8242; font=&#8217;entypo-fontello&#8217; admin_preview_bg=&#8217;rgb(34, 34, 34)&#8217;]<br \/>\n[\/av_section]<\/p>\n<p>[av_section min_height=&#8221; min_height_px=&#8217;500px&#8217; padding=&#8217;default&#8217; shadow=&#8217;no-border-styling&#8217; bottom_border=&#8217;border-extra-arrow-down&#8217; bottom_border_diagonal_color=&#8217;#333333&#8242; bottom_border_diagonal_direction=&#8221; bottom_border_style=&#8221; id=&#8221; color=&#8217;alternate_color&#8217; custom_bg=&#8221; src=&#8221; attachment=&#8221; attachment_size=&#8221; attach=&#8217;scroll&#8217; position=&#8217;top left&#8217; repeat=&#8217;no-repeat&#8217; video=&#8221; video_ratio=&#8217;16:9&#8242; overlay_opacity=&#8217;0.5&#8242; overlay_color=&#8221; overlay_pattern=&#8221; overlay_custom_pattern=&#8221; av_element_hidden_in_editor=&#8217;0&#8242;]<\/p>\n<p>[av_heading heading=&#8217;<strong>QUER TRABALHAR NA ANDAMUR?<\/strong>&#8216; tag=&#8217;h1&#8242; style=&#8217;blockquote modern-quote modern-centered&#8217; size=&#8221; subheading_active=&#8221; subheading_size=&#8217;15&#8217; padding=&#8217;10&#8217; color=&#8217;custom-color-heading&#8217; custom_font=&#8217;#ffffff&#8217; admin_preview_bg=&#8221;][\/av_heading]<\/p>\n<p>[av_textblock size=&#8221; av-medium-font-size=&#8221; av-small-font-size=&#8221; av-mini-font-size=&#8221; font_color=&#8217;custom&#8217; color=&#8217;#ffffff&#8217; id=&#8221; custom_class=&#8221; template_class=&#8221; av_uid=&#8217;av-m2ugzw1d&#8217; sc_version=&#8217;1.0&#8242; admin_preview_bg=&#8221;]<\/p>\n<p style=\"text-align: center;\">Na Andamur, somos uma equipe de mais de 220 profissionais comprometidos com a excel\u00eancia e o crescimento. Temos v\u00e1rios departamentos como Administra\u00e7\u00e3o, Varejo, Internacional, Comercial, Marketing, Inform\u00e1tica e Recursos Humanos, al\u00e9m de posi\u00e7\u00f5es de Operador(a)-Vendedor(a).<\/p>\n<p style=\"text-align: center;\">Se voc\u00ea est\u00e1 procurando um lugar onde possa crescer profissionalmente e fazer parte da nossa equipe, envie-nos seu CV e junte-se \u00e0 nossa jornada!<\/p>\n<p>[\/av_textblock]<\/p>\n<p>[\/av_section][av_layout_row border=&#8221; min_height_percent=&#8221; min_height=&#8217;0&#8242; color=&#8217;main_color&#8217; mobile=&#8217;av-flex-cells&#8217; id=&#8221; av_element_hidden_in_editor=&#8217;0&#8242;]<br \/>\n[av_cell_one_half vertical_align=&#8217;top&#8217; padding=&#8217;30px&#8217; padding_sync=&#8217;true&#8217; background=&#8217;bg_color&#8217; background_color=&#8221; background_gradient_color1=&#8221; background_gradient_color2=&#8221; background_gradient_direction=&#8217;vertical&#8217; src=&#8217;https:\/\/www.andamur.com\/wp-content\/uploads\/2024\/10\/trabaja-con-nosotrosok.jpg&#8217; attachment=&#8217;57212&#8242; attachment_size=&#8217;full&#8217; background_attachment=&#8217;scroll&#8217; background_position=&#8217;top left&#8217; background_repeat=&#8217;stretch&#8217; link=&#8221; linktarget=&#8221; link_hover=&#8221; mobile_display=&#8221; custom_class=&#8221; template_class=&#8221; av_uid=&#8217;av-m2uh1fmf&#8217; sc_version=&#8217;1.0&#8242;]<\/p>\n<p>[\/av_cell_one_half][av_cell_one_half vertical_align=&#8217;top&#8217; padding=&#8217;30px&#8217; background_color=&#8221; src=&#8221; background_attachment=&#8217;scroll&#8217; background_position=&#8217;top left&#8217; background_repeat=&#8217;no-repeat&#8217; mobile_display=&#8221;]<\/p>\n<p>[av_one_full first min_height=&#8221; vertical_alignment=&#8221; space=&#8221; custom_margin=&#8221; margin=&#8217;0px&#8217; padding=&#8217;0px&#8217; border=&#8221; border_color=&#8221; radius=&#8217;0px&#8217; background_color=&#8221; src=&#8221; background_position=&#8217;top left&#8217; background_repeat=&#8217;no-repeat&#8217; animation=&#8221; mobile_display=&#8221;]<\/p>\n<p>[av_heading tag=&#8217;h3&#8242; padding=&#8217;10&#8217; heading=&#8217;Envie-nos o seu CV&#8217; color=&#8221; style=&#8217;blockquote modern-quote&#8217; custom_font=&#8221; size=&#8221; subheading_active=&#8221; subheading_size=&#8217;15&#8217; custom_class=&#8221; admin_preview_bg=&#8221;][\/av_heading]<\/p>\n<p>[av_textblock size=&#8221; font_color=&#8221; color=&#8221; admin_preview_bg=&#8221;]<br \/>\n\n<div class=\"wpcf7 no-js\" id=\"wpcf7-f8410-o1\" lang=\"es-ES\" dir=\"ltr\" data-wpcf7-id=\"8410\">\n<div class=\"screen-reader-response\"><p role=\"status\" aria-live=\"polite\" aria-atomic=\"true\"><\/p> <ul><\/ul><\/div>\n<form action=\"\/pt-pt\/wp-json\/wp\/v2\/pages\/7271#wpcf7-f8410-o1\" method=\"post\" class=\"wpcf7-form init\" aria-label=\"Contact form\" enctype=\"multipart\/form-data\" novalidate=\"novalidate\" data-status=\"init\">\n<fieldset class=\"hidden-fields-container\"><input type=\"hidden\" name=\"_wpcf7\" value=\"8410\" \/><input type=\"hidden\" name=\"_wpcf7_version\" value=\"6.1\" \/><input type=\"hidden\" name=\"_wpcf7_locale\" value=\"es_ES\" \/><input type=\"hidden\" name=\"_wpcf7_unit_tag\" value=\"wpcf7-f8410-o1\" \/><input type=\"hidden\" name=\"_wpcf7_container_post\" value=\"0\" \/><input type=\"hidden\" name=\"_wpcf7_posted_data_hash\" value=\"\" \/>\n<\/fieldset>\n<div class=\"container_input\">\n\t<p><label>*Nome<\/label><span class=\"wpcf7-form-control-wrap\" data-name=\"nombre\"><input size=\"40\" maxlength=\"400\" class=\"wpcf7-form-control wpcf7-text wpcf7-validates-as-required\" aria-required=\"true\" aria-invalid=\"false\" value=\"\" type=\"text\" name=\"nombre\" \/><\/span>\n\t<\/p>\n<\/div>\n<div class=\"container_input\">\n\t<p><label>Apelidos<\/label><span class=\"wpcf7-form-control-wrap\" data-name=\"apellidos\"><input size=\"40\" maxlength=\"400\" class=\"wpcf7-form-control wpcf7-text wpcf7-validates-as-required\" aria-required=\"true\" aria-invalid=\"false\" value=\"\" type=\"text\" name=\"apellidos\" \/><\/span>\n\t<\/p>\n<\/div>\n<div class=\"container_input\">\n\t<p><label>Correio electr\u00f3nico<\/label><span class=\"wpcf7-form-control-wrap\" data-name=\"correo\"><input size=\"40\" maxlength=\"400\" class=\"wpcf7-form-control wpcf7-email wpcf7-validates-as-required wpcf7-text wpcf7-validates-as-email\" aria-required=\"true\" aria-invalid=\"false\" value=\"\" type=\"email\" name=\"correo\" \/><\/span>\n\t<\/p>\n<\/div>\n<div class=\"container_input\">\n\t<p><label>Telefone de contato<\/label><span class=\"wpcf7-form-control-wrap\" data-name=\"telefono\"><input size=\"40\" maxlength=\"400\" class=\"wpcf7-form-control wpcf7-tel wpcf7-validates-as-required wpcf7-text wpcf7-validates-as-tel\" aria-required=\"true\" aria-invalid=\"false\" value=\"\" type=\"tel\" name=\"telefono\" \/><\/span>\n\t<\/p>\n<\/div>\n<div class=\"container_input container_input_full\">\n\t<p><label>Onde Gostaria de trabalhar?<\/label><span class=\"wpcf7-form-control-wrap\" data-name=\"area\"><select class=\"wpcf7-form-control wpcf7-select\" aria-invalid=\"false\" name=\"area\"><option value=\"Sede\">Sede<\/option><option value=\"A.S. La Junquera\">A.S. La Junquera<\/option><option value=\"A.S La Junquera-Llers\">A.S La Junquera-Llers<\/option><option value=\"A.S. Pamplona\">A.S. Pamplona<\/option><option value=\"A.S. San Rom\u00e1n\">A.S. San Rom\u00e1n<\/option><option value=\"A.S. Guarrom\u00e1n\">A.S. Guarrom\u00e1n<\/option><option value=\"A.S. El L\u00edmite\">A.S. El L\u00edmite<\/option><option value=\"A.S. Lorca\">A.S. Lorca<\/option><\/select><\/span>\n\t<\/p>\n<\/div>\n<div class=\"container_input container_input_full\">\n\t<p><label>Em qual departamento voc\u00ea gostaria de trabalhar? (Aplic\u00e1vel apenas para vagas na Sede Central)<\/label><span class=\"wpcf7-form-control-wrap\" data-name=\"area-2\"><select class=\"wpcf7-form-control wpcf7-select\" aria-invalid=\"false\" name=\"area-2\"><option value=\"Nenhum\">Nenhum<\/option><option value=\"Comercial\">Comercial<\/option><option value=\"Inform\u00e1tica\">Inform\u00e1tica<\/option><option value=\"Internacional\">Internacional<\/option><option value=\"Varejo\">Varejo<\/option><option value=\"Marketing\">Marketing<\/option><option value=\"Marketing\">Marketing<\/option><option value=\"Recursos Humanos\">Recursos Humanos<\/option><option value=\"Administra\u00e7\u00e3o\">Administra\u00e7\u00e3o<\/option><option value=\"Qualidade\">Qualidade<\/option><\/select><\/span>\n\t<\/p>\n<\/div>\n<div class=\"container_input container_input_full\">\n\t<p><label>Fale-nos de si<\/label><span class=\"wpcf7-form-control-wrap\" data-name=\"hablanos-de-ti\"><textarea cols=\"40\" rows=\"10\" maxlength=\"2000\" class=\"wpcf7-form-control wpcf7-textarea wpcf7-validates-as-required\" aria-required=\"true\" aria-invalid=\"false\" name=\"hablanos-de-ti\"><\/textarea><\/span>\n\t<\/p>\n<\/div>\n<div class=\"container_input container_input_full\">\n\t<p><label>Anexe o seu CV <\/label><span class=\"wpcf7-form-control-wrap\" data-name=\"curriculum\"><input size=\"40\" class=\"wpcf7-form-control wpcf7-file\" accept=\".pdf\" aria-invalid=\"false\" type=\"file\" name=\"curriculum\" \/><\/span><br \/>\n<small>(formato pdf, m\u00e1ximo 1MB)<\/small>\n\t<\/p>\n<\/div>\n<div class=\"acceptance\">\n\t<p><span class=\"wpcf7-form-control-wrap\" data-name=\"optional\"><span class=\"wpcf7-form-control wpcf7-acceptance\"><span class=\"wpcf7-list-item\"><label><input type=\"checkbox\" name=\"optional\" value=\"1\" aria-invalid=\"false\" \/><span class=\"wpcf7-list-item-label\">Aceito a <a href=\"https:\/\/www.andamur.com\/pt-pt\/politica-de-privacidade\/\" target=\"_blank\">pol\u00edtica de privacidade<\/a><\/span><\/label><\/span><\/span><\/span>\n\t<\/p>\n<\/div>\n<div class=\"container_button\">\n<input class=\"wpcf7-form-control wpcf7-hidden\" value=\"\" type=\"hidden\" name=\"ecoded_vs_bots\" \/>\n\t<p><input class=\"wpcf7-form-control wpcf7-submit has-spinner\" type=\"submit\" value=\"Enviar\" \/>\n\t<\/p>\n<\/div><div class=\"wpcf7-response-output\" aria-hidden=\"true\"><\/div>\n<\/form>\n<\/div>\n<br \/>\n[\/av_textblock]<\/p>\n<p>[\/av_one_full][\/av_cell_one_half]<br \/>\n[\/av_layout_row]<\/p>\n","protected":false},"excerpt":{"rendered":"<p>[av_submenu which_menu=&#8221; menu=&#8217;182&#8242; position=&#8217;right&#8217; color=&#8217;header_color&#8217; sticky=&#8217;aviaTBsticky&#8217; mobile=&#8217;disabled&#8217;] [av_submenu_item title=&#8217;N\u00f3s&#8217; link=&#8217;page,7258&#8242; linktarget=&#8221; button_style=&#8221;] [av_submenu_item title=&#8217;RSC&#8217; link=&#8217;page,7263&#8242; linktarget=&#8221; button_style=&#8221;] [av_submenu_item title=&#8217;Inova\u00e7\u00e3o&#8217; link=&#8217;page,13885&#8242; linktarget=&#8221; button_style=&#8221;] [av_submenu_item title=&#8217;Qualidade&#8217; link=&#8217;page,7266&#8242; linktarget=&#8221; button_style=&#8221;] [av_submenu_item title=&#8217;Trabalhe connosco &#8216; link=&#8217;page,7271&#8242; linktarget=&#8221; button_style=&#8221;] [av_submenu_item title=&#8217;Contacto&#8217; link=&#8217;page,7353&#8242; linktarget=&#8221; button_style=&#8221;] [\/av_submenu] [av_section min_height=&#8221; min_height_px=&#8217;500px&#8217; padding=&#8217;huge&#8217; shadow=&#8217;no-border-styling&#8217; bottom_border=&#8217;no-border-styling&#8217; bottom_border_diagonal_color=&#8217;#333333&#8242; bottom_border_diagonal_direction=&#8221; bottom_border_style=&#8221; scroll_down=&#8217;aviaTBscroll_down&#8217; id=&#8221; color=&#8217;main_color&#8217; custom_bg=&#8221; src=&#8217;https:\/\/www.andamur.com\/wp-content\/uploads\/2017\/11\/transitio06.jpg&#8217; attachment=&#8217;3606&#8242; [&hellip;]<\/p>\n","protected":false},"author":1,"featured_media":0,"parent":7258,"menu_order":0,"comment_status":"closed","ping_status":"closed","template":"page-templates\/custom_15.php","meta":{"_acf_changed":false,"footnotes":""},"class_list":["post-7271","page","type-page","status-publish","hentry"],"acf":[],"yoast_head":"<!-- This site is optimized with the Yoast SEO plugin v25.4 - https:\/\/yoast.com\/wordpress\/plugins\/seo\/ -->\n<title>Trabalhe connosco - Andamur<\/title>\n<meta name=\"robots\" content=\"index, follow, max-snippet:-1, max-image-preview:large, max-video-preview:-1\" \/>\n<link rel=\"canonical\" href=\"https:\/\/www.andamur.com\/pt-pt\/nos\/trabalheconnosco\/\" \/>\n<meta property=\"og:locale\" content=\"pt_PT\" \/>\n<meta property=\"og:type\" content=\"article\" \/>\n<meta property=\"og:title\" content=\"Trabalhe connosco - Andamur\" \/>\n<meta property=\"og:description\" content=\"[av_submenu which_menu=&#8221; menu=&#8217;182&#8242; position=&#8217;right&#8217; color=&#8217;header_color&#8217; sticky=&#8217;aviaTBsticky&#8217; mobile=&#8217;disabled&#8217;] [av_submenu_item title=&#8217;N\u00f3s&#8217; link=&#8217;page,7258&#8242; linktarget=&#8221; button_style=&#8221;] [av_submenu_item title=&#8217;RSC&#8217; link=&#8217;page,7263&#8242; linktarget=&#8221; button_style=&#8221;] [av_submenu_item title=&#8217;Inova\u00e7\u00e3o&#8217; link=&#8217;page,13885&#8242; linktarget=&#8221; button_style=&#8221;] [av_submenu_item title=&#8217;Qualidade&#8217; link=&#8217;page,7266&#8242; linktarget=&#8221; button_style=&#8221;] [av_submenu_item title=&#8217;Trabalhe connosco &#8216; link=&#8217;page,7271&#8242; linktarget=&#8221; button_style=&#8221;] [av_submenu_item title=&#8217;Contacto&#8217; link=&#8217;page,7353&#8242; linktarget=&#8221; button_style=&#8221;] [\/av_submenu] [av_section min_height=&#8221; min_height_px=&#8217;500px&#8217; padding=&#8217;huge&#8217; shadow=&#8217;no-border-styling&#8217; bottom_border=&#8217;no-border-styling&#8217; bottom_border_diagonal_color=&#8217;#333333&#8242; bottom_border_diagonal_direction=&#8221; bottom_border_style=&#8221; scroll_down=&#8217;aviaTBscroll_down&#8217; id=&#8221; color=&#8217;main_color&#8217; custom_bg=&#8221; src=&#8217;https:\/\/www.andamur.com\/wp-content\/uploads\/2017\/11\/transitio06.jpg&#8217; attachment=&#8217;3606&#8242; [&hellip;]\" \/>\n<meta property=\"og:url\" content=\"https:\/\/www.andamur.com\/pt-pt\/nos\/trabalheconnosco\/\" \/>\n<meta property=\"og:site_name\" content=\"Andamur\" \/>\n<meta property=\"article:publisher\" content=\"https:\/\/www.facebook.com\/AndamurEurope\/\" \/>\n<meta property=\"article:modified_time\" content=\"2025-06-17T07:56:32+00:00\" \/>\n<meta property=\"og:image\" content=\"https:\/\/www.andamur.com\/wp-content\/uploads\/2024\/02\/andamurogpic.jpg\" \/>\n\t<meta property=\"og:image:width\" content=\"1200\" \/>\n\t<meta property=\"og:image:height\" content=\"630\" \/>\n\t<meta property=\"og:image:type\" content=\"image\/jpeg\" \/>\n<meta name=\"twitter:card\" content=\"summary_large_image\" \/>\n<meta name=\"twitter:site\" content=\"@andamur_es\" \/>\n<script type=\"application\/ld+json\" class=\"yoast-schema-graph\">{\"@context\":\"https:\/\/schema.org\",\"@graph\":[{\"@type\":\"WebPage\",\"@id\":\"https:\/\/www.andamur.com\/pt-pt\/nos\/trabalheconnosco\/\",\"url\":\"https:\/\/www.andamur.com\/pt-pt\/nos\/trabalheconnosco\/\",\"name\":\"Trabalhe connosco - Andamur\",\"isPartOf\":{\"@id\":\"https:\/\/www.andamur.com\/#website\"},\"datePublished\":\"2019-05-27T09:24:14+00:00\",\"dateModified\":\"2025-06-17T07:56:32+00:00\",\"breadcrumb\":{\"@id\":\"https:\/\/www.andamur.com\/pt-pt\/nos\/trabalheconnosco\/#breadcrumb\"},\"inLanguage\":\"pt-PT\",\"potentialAction\":[{\"@type\":\"ReadAction\",\"target\":[\"https:\/\/www.andamur.com\/pt-pt\/nos\/trabalheconnosco\/\"]}]},{\"@type\":\"BreadcrumbList\",\"@id\":\"https:\/\/www.andamur.com\/pt-pt\/nos\/trabalheconnosco\/#breadcrumb\",\"itemListElement\":[{\"@type\":\"ListItem\",\"position\":1,\"name\":\"Portada\",\"item\":\"https:\/\/www.andamur.com\/pt-pt\/\"},{\"@type\":\"ListItem\",\"position\":2,\"name\":\"N\u00d3S\",\"item\":\"https:\/\/www.andamur.com\/pt-pt\/nos\/\"},{\"@type\":\"ListItem\",\"position\":3,\"name\":\"Trabalhe connosco\"}]},{\"@type\":\"WebSite\",\"@id\":\"https:\/\/www.andamur.com\/#website\",\"url\":\"https:\/\/www.andamur.com\/\",\"name\":\"Andamur\",\"description\":\"Cada viaje importa\",\"publisher\":{\"@id\":\"https:\/\/www.andamur.com\/#organization\"},\"inLanguage\":\"pt-PT\"},{\"@type\":\"Organization\",\"@id\":\"https:\/\/www.andamur.com\/#organization\",\"name\":\"Andamur\",\"url\":\"https:\/\/www.andamur.com\/\",\"logo\":{\"@type\":\"ImageObject\",\"inLanguage\":\"pt-PT\",\"@id\":\"https:\/\/www.andamur.com\/#\/schema\/logo\/image\/\",\"url\":\"https:\/\/www.andamur.com\/wp-content\/uploads\/2024\/02\/andamurogpic.jpg\",\"contentUrl\":\"https:\/\/www.andamur.com\/wp-content\/uploads\/2024\/02\/andamurogpic.jpg\",\"width\":1200,\"height\":630,\"caption\":\"Andamur\"},\"image\":{\"@id\":\"https:\/\/www.andamur.com\/#\/schema\/logo\/image\/\"},\"sameAs\":[\"https:\/\/www.facebook.com\/AndamurEurope\/\",\"https:\/\/x.com\/andamur_es\",\"https:\/\/www.instagram.com\/andamureurope\/\",\"https:\/\/www.youtube.com\/channel\/UCWP1SBl8J8SjUCcWBo_Uu1w\"]}]}<\/script>\n<!-- \/ Yoast SEO plugin. -->","yoast_head_json":{"title":"Trabalhe connosco - Andamur","robots":{"index":"index","follow":"follow","max-snippet":"max-snippet:-1","max-image-preview":"max-image-preview:large","max-video-preview":"max-video-preview:-1"},"canonical":"https:\/\/www.andamur.com\/pt-pt\/nos\/trabalheconnosco\/","og_locale":"pt_PT","og_type":"article","og_title":"Trabalhe connosco - Andamur","og_description":"[av_submenu which_menu=&#8221; menu=&#8217;182&#8242; position=&#8217;right&#8217; color=&#8217;header_color&#8217; sticky=&#8217;aviaTBsticky&#8217; mobile=&#8217;disabled&#8217;] [av_submenu_item title=&#8217;N\u00f3s&#8217; link=&#8217;page,7258&#8242; linktarget=&#8221; button_style=&#8221;] [av_submenu_item title=&#8217;RSC&#8217; link=&#8217;page,7263&#8242; linktarget=&#8221; button_style=&#8221;] [av_submenu_item title=&#8217;Inova\u00e7\u00e3o&#8217; link=&#8217;page,13885&#8242; linktarget=&#8221; button_style=&#8221;] [av_submenu_item title=&#8217;Qualidade&#8217; link=&#8217;page,7266&#8242; linktarget=&#8221; button_style=&#8221;] [av_submenu_item title=&#8217;Trabalhe connosco &#8216; link=&#8217;page,7271&#8242; linktarget=&#8221; button_style=&#8221;] [av_submenu_item title=&#8217;Contacto&#8217; link=&#8217;page,7353&#8242; linktarget=&#8221; button_style=&#8221;] [\/av_submenu] [av_section min_height=&#8221; min_height_px=&#8217;500px&#8217; padding=&#8217;huge&#8217; shadow=&#8217;no-border-styling&#8217; bottom_border=&#8217;no-border-styling&#8217; bottom_border_diagonal_color=&#8217;#333333&#8242; bottom_border_diagonal_direction=&#8221; bottom_border_style=&#8221; scroll_down=&#8217;aviaTBscroll_down&#8217; id=&#8221; color=&#8217;main_color&#8217; custom_bg=&#8221; src=&#8217;https:\/\/www.andamur.com\/wp-content\/uploads\/2017\/11\/transitio06.jpg&#8217; attachment=&#8217;3606&#8242; [&hellip;]","og_url":"https:\/\/www.andamur.com\/pt-pt\/nos\/trabalheconnosco\/","og_site_name":"Andamur","article_publisher":"https:\/\/www.facebook.com\/AndamurEurope\/","article_modified_time":"2025-06-17T07:56:32+00:00","og_image":[{"width":1200,"height":630,"url":"https:\/\/www.andamur.com\/wp-content\/uploads\/2024\/02\/andamurogpic.jpg","type":"image\/jpeg"}],"twitter_card":"summary_large_image","twitter_site":"@andamur_es","schema":{"@context":"https:\/\/schema.org","@graph":[{"@type":"WebPage","@id":"https:\/\/www.andamur.com\/pt-pt\/nos\/trabalheconnosco\/","url":"https:\/\/www.andamur.com\/pt-pt\/nos\/trabalheconnosco\/","name":"Trabalhe connosco - Andamur","isPartOf":{"@id":"https:\/\/www.andamur.com\/#website"},"datePublished":"2019-05-27T09:24:14+00:00","dateModified":"2025-06-17T07:56:32+00:00","breadcrumb":{"@id":"https:\/\/www.andamur.com\/pt-pt\/nos\/trabalheconnosco\/#breadcrumb"},"inLanguage":"pt-PT","potentialAction":[{"@type":"ReadAction","target":["https:\/\/www.andamur.com\/pt-pt\/nos\/trabalheconnosco\/"]}]},{"@type":"BreadcrumbList","@id":"https:\/\/www.andamur.com\/pt-pt\/nos\/trabalheconnosco\/#breadcrumb","itemListElement":[{"@type":"ListItem","position":1,"name":"Portada","item":"https:\/\/www.andamur.com\/pt-pt\/"},{"@type":"ListItem","position":2,"name":"N\u00d3S","item":"https:\/\/www.andamur.com\/pt-pt\/nos\/"},{"@type":"ListItem","position":3,"name":"Trabalhe connosco"}]},{"@type":"WebSite","@id":"https:\/\/www.andamur.com\/#website","url":"https:\/\/www.andamur.com\/","name":"Andamur","description":"Cada viaje importa","publisher":{"@id":"https:\/\/www.andamur.com\/#organization"},"inLanguage":"pt-PT"},{"@type":"Organization","@id":"https:\/\/www.andamur.com\/#organization","name":"Andamur","url":"https:\/\/www.andamur.com\/","logo":{"@type":"ImageObject","inLanguage":"pt-PT","@id":"https:\/\/www.andamur.com\/#\/schema\/logo\/image\/","url":"https:\/\/www.andamur.com\/wp-content\/uploads\/2024\/02\/andamurogpic.jpg","contentUrl":"https:\/\/www.andamur.com\/wp-content\/uploads\/2024\/02\/andamurogpic.jpg","width":1200,"height":630,"caption":"Andamur"},"image":{"@id":"https:\/\/www.andamur.com\/#\/schema\/logo\/image\/"},"sameAs":["https:\/\/www.facebook.com\/AndamurEurope\/","https:\/\/x.com\/andamur_es","https:\/\/www.instagram.com\/andamureurope\/","https:\/\/www.youtube.com\/channel\/UCWP1SBl8J8SjUCcWBo_Uu1w"]}]}},"_links":{"self":[{"href":"https:\/\/www.andamur.com\/pt-pt\/wp-json\/wp\/v2\/pages\/7271","targetHints":{"allow":["GET"]}}],"collection":[{"href":"https:\/\/www.andamur.com\/pt-pt\/wp-json\/wp\/v2\/pages"}],"about":[{"href":"https:\/\/www.andamur.com\/pt-pt\/wp-json\/wp\/v2\/types\/page"}],"author":[{"embeddable":true,"href":"https:\/\/www.andamur.com\/pt-pt\/wp-json\/wp\/v2\/users\/1"}],"replies":[{"embeddable":true,"href":"https:\/\/www.andamur.com\/pt-pt\/wp-json\/wp\/v2\/comments?post=7271"}],"version-history":[{"count":0,"href":"https:\/\/www.andamur.com\/pt-pt\/wp-json\/wp\/v2\/pages\/7271\/revisions"}],"up":[{"embeddable":true,"href":"https:\/\/www.andamur.com\/pt-pt\/wp-json\/wp\/v2\/pages\/7258"}],"wp:attachment":[{"href":"https:\/\/www.andamur.com\/pt-pt\/wp-json\/wp\/v2\/media?parent=7271"}],"curies":[{"name":"wp","href":"https:\/\/api.w.org\/{rel}","templated":true}]}}