{"id":19811,"date":"2021-04-29T16:10:28","date_gmt":"2021-04-29T15:10:28","guid":{"rendered":"https:\/\/www.andamur.com\/?page_id=19811"},"modified":"2021-04-29T17:12:09","modified_gmt":"2021-04-29T16:12:09","slug":"portugal","status":"publish","type":"page","link":"https:\/\/www.andamur.com\/pt-pt\/portugal\/","title":{"rendered":"portugal"},"content":{"rendered":"<p>[av_fullscreen size=&#8217;extra_large&#8217; image_attachment=&#8221; animation=&#8217;slide&#8217; autoplay=&#8217;false&#8217; interval=&#8217;5&#8242; control_layout=&#8217;av-control-default&#8217;]<br \/>\n[av_fullscreen_slide slide_type=&#8217;video&#8217; id=&#8221; position=&#8217;top left&#8217; video=&#8217;https:\/\/youtu.be\/Shk2B15fMO8&#8242; mobile_image=&#8217;19985&#8242; video_cover=&#8217;av-element-cover&#8217; title=&#8221; custom_title_size=&#8221; custom_content_size=&#8221; caption_pos=&#8217;caption_right caption_right_framed caption_framed&#8217; link_apply=&#8221; link=&#8217;lightbox&#8217; link_target=&#8221; button_label=&#8221; button_color=&#8217;light&#8217; link1=&#8217;manually,http:\/\/&#8217; link_target1=&#8221; button_label2=&#8221; button_color2=&#8217;light&#8217; link2=&#8217;manually,http:\/\/&#8217; link_target2=&#8221; font_color=&#8221; custom_title=&#8221; custom_content=&#8221; overlay_opacity=&#8217;0.1&#8242; overlay_color=&#8221; overlay_pattern=&#8221; overlay_custom_pattern=&#8221;][\/av_fullscreen_slide]<\/p>\n<p>[\/av_fullscreen]<\/p>\n<p>[av_section min_height=&#8221; min_height_px=&#8217;500px&#8217; padding=&#8217;default&#8217; shadow=&#8217;no-shadow&#8217; bottom_border=&#8217;border-extra-arrow-down&#8217; bottom_border_diagonal_color=&#8217;#333333&#8242; bottom_border_diagonal_direction=&#8221; bottom_border_style=&#8221; scroll_down=&#8217;aviaTBscroll_down&#8217; id=&#8221; color=&#8217;main_color&#8217; custom_bg=&#8217;#162862&#8242; src=&#8221; attachment=&#8221; attachment_size=&#8221; attach=&#8217;scroll&#8217; position=&#8217;top left&#8217; repeat=&#8217;no-repeat&#8217; video=&#8221; video_ratio=&#8217;16:9&#8242; overlay_opacity=&#8217;0.5&#8242; overlay_color=&#8221; overlay_pattern=&#8221; overlay_custom_pattern=&#8221; av_element_hidden_in_editor=&#8217;0&#8242;]<br \/>\n[av_heading heading=&#8217;CONHE\u00c7A TUDO SOBRE ANDAMUR&#8217; tag=&#8217;h3&#8242; style=&#8217;blockquote modern-quote modern-centered&#8217; size=&#8221; subheading_active=&#8221; subheading_size=&#8217;15&#8217; padding=&#8217;10&#8217; color=&#8217;custom-color-heading&#8217; custom_font=&#8217;#ffffff&#8217; admin_preview_bg=&#8221;][\/av_heading]<br \/>\n[\/av_section]<\/p>\n<p>[av_section min_height=&#8221; min_height_px=&#8217;500px&#8217; padding=&#8217;default&#8217; shadow=&#8217;no-shadow&#8217; bottom_border=&#8217;no-border-styling&#8217; bottom_border_diagonal_color=&#8217;#333333&#8242; bottom_border_diagonal_direction=&#8217;scroll&#8217; bottom_border_style=&#8217;scroll&#8217; scroll_down=&#8221; id=&#8221; color=&#8217;main_color&#8217; custom_bg=&#8221; src=&#8221; attach=&#8217;scroll&#8217; position=&#8217;top left&#8217; repeat=&#8217;no-repeat&#8217; video=&#8221; video_ratio=&#8217;16:9&#8242; video_mobile_disabled=&#8221; overlay_enable=&#8221; overlay_opacity=&#8217;0.5&#8242; overlay_color=&#8221; overlay_pattern=&#8221; overlay_custom_pattern=&#8221; av_element_hidden_in_editor=&#8217;0&#8242;]<br \/>\n[av_heading tag=&#8217;h1&#8242; padding=&#8217;10&#8217; heading=&#8217;A nossa Miss\u00e3o&#8217; color=&#8221; style=&#8217;blockquote modern-quote modern-centered&#8217; custom_font=&#8221; size=&#8217;48&#8217; subheading_active=&#8217;subheading_below&#8217; subheading_size=&#8217;15&#8217; custom_class=&#8221; admin_preview_bg=&#8221;]<br \/>\nA Andamur \u00e9 a empresa de presta\u00e7\u00e3o de servi\u00e7os em trajetos, familiar, profissionalizada e pr\u00f3xima, cuja miss\u00e3o \u00e9 gerar a m\u00e1xima rentabilidade \u00e0s empresas do setor transporte, assumindo o mais alto n\u00edvel de exig\u00eancia e compromisso com particulares, fam\u00edlias, condutores e empresas.<br \/>\n[\/av_heading]<br \/>\n[\/av_section]<\/p>\n<p>[av_section min_height=&#8221; min_height_px=&#8217;500px&#8217; padding=&#8217;default&#8217; shadow=&#8217;no-shadow&#8217; bottom_border=&#8217;no-border-styling&#8217; bottom_border_diagonal_color=&#8217;#333333&#8242; bottom_border_diagonal_direction=&#8221; bottom_border_style=&#8221; id=&#8221; color=&#8217;main_color&#8217; custom_bg=&#8217;#162862&#8242; src=&#8221; attachment=&#8221; attachment_size=&#8221; attach=&#8217;scroll&#8217; position=&#8217;top left&#8217; repeat=&#8217;no-repeat&#8217; video=&#8221; video_ratio=&#8217;16:9&#8242; overlay_opacity=&#8217;0.5&#8242; overlay_color=&#8221; overlay_pattern=&#8221; overlay_custom_pattern=&#8221; av_element_hidden_in_editor=&#8217;0&#8242;]<br \/>\n[av_heading tag=&#8217;h1&#8242; padding=&#8217;10&#8217; heading=&#8217;A nossa Vis\u00e3o&#8217; color=&#8217;custom-color-heading&#8217; style=&#8217;blockquote modern-quote modern-centered&#8217; custom_font=&#8217;#ffffff&#8217; size=&#8217;48&#8217; subheading_active=&#8217;subheading_below&#8217; subheading_size=&#8217;15&#8217; custom_class=&#8221; admin_preview_bg=&#8221;]<br \/>\nOferecer a pessoas e empresas solu\u00e7\u00f5es rent\u00e1veis, inovadoras, f\u00e1ceis e seguras<br \/>\npara chegar ao seu destino em toda a Europa, num ambiente digital, multi-energ\u00e9tico e sustent\u00e1vel.<br \/>\n[\/av_heading]<br \/>\n[\/av_section]<\/p>\n<p>[av_section min_height=&#8221; min_height_px=&#8217;500px&#8217; padding=&#8217;default&#8217; shadow=&#8217;no-shadow&#8217; bottom_border=&#8217;no-border-styling&#8217; bottom_border_diagonal_color=&#8217;#333333&#8242; bottom_border_diagonal_direction=&#8221; bottom_border_style=&#8221; id=&#8221; color=&#8217;main_color&#8217; custom_bg=&#8217;#f2f2f2&#8242; src=&#8221; attachment=&#8221; attachment_size=&#8221; attach=&#8217;scroll&#8217; position=&#8217;top left&#8217; repeat=&#8217;no-repeat&#8217; video=&#8221; video_ratio=&#8217;16:9&#8242; overlay_opacity=&#8217;0.5&#8242; overlay_color=&#8221; overlay_pattern=&#8221; overlay_custom_pattern=&#8221; av_element_hidden_in_editor=&#8217;0&#8242;]<br \/>\n[av_heading tag=&#8217;h1&#8242; padding=&#8217;10&#8217; heading=&#8217;Contacto com a equipa comercial&#8217; color=&#8217;custom-color-heading&#8217; style=&#8217;blockquote modern-quote modern-centered&#8217; custom_font=&#8217;#162862&#8242; size=&#8217;48&#8217; subheading_active=&#8221; subheading_size=&#8217;15&#8217; custom_class=&#8221; admin_preview_bg=&#8221;]<br \/>\nOferecer a pessoas e empresas solu\u00e7\u00f5es rent\u00e1veis, inovadoras, f\u00e1ceis e seguras<br \/>\npara chegar ao seu destino em toda a Europa, num ambiente digital, multi-energ\u00e9tico e sustent\u00e1vel.<br \/>\n[\/av_heading]<\/p>\n<p>[av_codeblock wrapper_element=&#8221; wrapper_element_attributes=&#8221;]<\/p>\n<div data-form-block-id=\"6cacfbfa-b9a8-eb11-b1ac-000d3aad126c\"><\/div>\n<p><script src=\"https:\/\/mktdplp102cdn.azureedge.net\/public\/latest\/js\/form-loader.js?v=1.71.2017.0\"><\/script><\/p>\n<div id=\"d591jAn3Z6sLy_tjLIZ4dw2DM_TVILgpLxv854bvVd-A\"><\/div>\n<p><script src=\"https:\/\/mktdplp102cdn.azureedge.net\/public\/latest\/js\/ws-tracking.js?v=1.71.2017.0\"><\/script><\/p>\n<div class=\"d365-mkt-config\" style=\"display: none;\" data-website-id=\"591jAn3Z6sLy_tjLIZ4dw2DM_TVILgpLxv854bvVd-A\" data-hostname=\"0df3dd163d254bc5a99e8f87361baf67.svc.dynamics.com\"><\/div>\n<p>[\/av_codeblock]<\/p>\n<p>[av_codeblock wrapper_element=&#8221; wrapper_element_attributes=&#8221;]<\/p>\n<div id=\"d9BO7u4TACbofb2LpcsPvwDOB02l7F7--qHwgSrhKCZs\"><\/div>\n<p><script src=\"https:\/\/mktdplp102cdn.azureedge.net\/public\/latest\/js\/ws-tracking.js?v=1.71.2017.0\"><\/script><\/p>\n<div class=\"d365-mkt-config\" style=\"display: none;\" data-website-id=\"9BO7u4TACbofb2LpcsPvwDOB02l7F7--qHwgSrhKCZs\" data-hostname=\"0df3dd163d254bc5a99e8f87361baf67.svc.dynamics.com\"><\/div>\n<p>[\/av_codeblock]<br \/>\n[\/av_section]<\/p>\n<p>[av_section min_height=&#8221; min_height_px=&#8217;500px&#8217; padding=&#8217;large&#8217; shadow=&#8217;no-border-styling&#8217; bottom_border=&#8217;no-border-styling&#8217; bottom_border_diagonal_color=&#8217;#333333&#8242; bottom_border_diagonal_direction=&#8221; bottom_border_style=&#8221; id=&#8221; color=&#8217;alternate_color&#8217; custom_bg=&#8217;#ffffff&#8217; src=&#8217;http:\/\/test.kriesi.at\/enfold-gym\/wp-content\/uploads\/sites\/18\/2016\/02\/hero-2.jpg&#8217; attachment=&#8217;549&#8242; attachment_size=&#8217;full&#8217; attach=&#8217;fixed&#8217; position=&#8217;center center&#8217; repeat=&#8217;no-repeat&#8217; video=&#8221; video_ratio=&#8217;16:9&#8242; video_mobile_disabled=&#8217;aviaTBvideo_mobile_disabled&#8217; overlay_opacity=&#8217;0.9&#8242; overlay_color=&#8217;#162862&#8242; overlay_pattern=&#8221; overlay_custom_pattern=&#8221; av_element_hidden_in_editor=&#8217;0&#8242;]<br \/>\n[av_heading tag=&#8217;h1&#8242; padding=&#8217;0&#8242; heading=&#8217;Saiba mas sobre&#8230;&#8217; color=&#8217;custom-color-heading&#8217; style=&#8217;blockquote modern-quote modern-centered&#8217; custom_font=&#8217;#171a63&#8242; size=&#8217;37&#8217; subheading_active=&#8221; subheading_size=&#8217;19&#8217; custom_class=&#8221; admin_preview_bg=&#8217;rgb(34, 34, 34)&#8217;]<br \/>\nCada empresa precisa de algo diferente. Por este motivo, a nossa op\u00e7\u00e3o \u00e9 ter tudo.<br \/>\n[\/av_heading]<\/p>\n<p>[av_hr class=&#8217;invisible&#8217; height=&#8217;40&#8217; shadow=&#8217;no-shadow&#8217; position=&#8217;center&#8217; custom_border=&#8217;av-border-thin&#8217; custom_width=&#8217;50px&#8217; custom_border_color=&#8221; custom_margin_top=&#8217;30px&#8217; custom_margin_bottom=&#8217;30px&#8217; icon_select=&#8217;yes&#8217; custom_icon_color=&#8221; icon=&#8217;ue808&#8242; font=&#8217;entypo-fontello&#8217; admin_preview_bg=&#8221;]<\/p>\n<p>[av_one_fifth first min_height=&#8221; vertical_alignment=&#8221; space=&#8221; custom_margin=&#8221; margin=&#8217;0px&#8217; padding=&#8217;0px&#8217; border=&#8221; border_color=&#8221; radius=&#8217;0px&#8217; background_color=&#8221; src=&#8221; background_position=&#8217;top left&#8217; background_repeat=&#8217;no-repeat&#8217; animation=&#8221; mobile_display=&#8221;]<\/p>\n<p>[\/av_one_fifth][av_one_fifth min_height=&#8221; vertical_alignment=&#8221; space=&#8221; custom_margin=&#8221; margin=&#8217;0px&#8217; padding=&#8217;0px&#8217; border=&#8221; border_color=&#8221; radius=&#8217;0px&#8217; background_color=&#8221; src=&#8221; background_position=&#8217;top left&#8217; background_repeat=&#8217;no-repeat&#8217; animation=&#8221; mobile_display=&#8221;]<\/p>\n<p>[av_image src=&#8217;https:\/\/www.andamur.com\/wp-content\/uploads\/2021\/04\/servicios-color-300&#215;300.png&#8217; attachment=&#8217;19949&#8242; attachment_size=&#8217;medium&#8217; align=&#8217;center&#8217; styling=&#8217;no-styling&#8217; hover=&#8221; link=&#8217;manually,https:\/\/www.andamur.com\/pt-pt\/servicios-andamur\/&#8217; target=&#8217;_blank&#8217; caption=&#8221; font_size=&#8221; appearance=&#8221; overlay_opacity=&#8217;0.4&#8242; overlay_color=&#8217;#000000&#8242; overlay_text_color=&#8217;#ffffff&#8217; animation=&#8217;no-animation&#8217; admin_preview_bg=&#8221;][\/av_image]<\/p>\n<p>[av_button label=&#8217;Nossos servi\u00e7os&#8217; link=&#8217;manually,https:\/\/www.andamur.com\/pt-pt\/servicios-andamur\/&#8217; link_target=&#8217;_blank&#8217; size=&#8217;large&#8217; position=&#8217;center&#8217; icon_select=&#8217;no&#8217; icon=&#8217;ue800&#8242; font=&#8217;entypo-fontello&#8217; color=&#8217;custom&#8217; custom_bg=&#8217;#fc4c02&#8242; custom_font=&#8217;#ffffff&#8217; admin_preview_bg=&#8221;]<\/p>\n<p>[\/av_one_fifth][av_one_fifth min_height=&#8221; vertical_alignment=&#8221; space=&#8221; custom_margin=&#8221; margin=&#8217;0px&#8217; padding=&#8217;0px&#8217; border=&#8221; border_color=&#8221; radius=&#8217;0px&#8217; background_color=&#8221; src=&#8221; background_position=&#8217;top left&#8217; background_repeat=&#8217;no-repeat&#8217; animation=&#8221; mobile_display=&#8221;]<\/p>\n<p>[av_image src=&#8217;https:\/\/www.andamur.com\/wp-content\/uploads\/2021\/04\/seguridad-color-300&#215;300.png&#8217; attachment=&#8217;19957&#8242; attachment_size=&#8217;medium&#8217; align=&#8217;center&#8217; styling=&#8217;no-styling&#8217; hover=&#8221; link=&#8217;manually,https:\/\/www.andamur.com\/pt-pt\/seguranca\/&#8217; target=&#8217;_blank&#8217; caption=&#8221; font_size=&#8221; appearance=&#8221; overlay_opacity=&#8217;0.4&#8242; overlay_color=&#8217;#000000&#8242; overlay_text_color=&#8217;#ffffff&#8217; animation=&#8217;no-animation&#8217; admin_preview_bg=&#8221;][\/av_image]<\/p>\n<p>[av_button label=&#8217;Seguran\u00e7a&#8217; link=&#8217;manually,https:\/\/www.andamur.com\/pt-pt\/seguranca\/&#8217; link_target=&#8217;_blank&#8217; size=&#8217;large&#8217; position=&#8217;center&#8217; icon_select=&#8217;no&#8217; icon=&#8217;ue800&#8242; font=&#8217;entypo-fontello&#8217; color=&#8217;custom&#8217; custom_bg=&#8217;#fc4c02&#8242; custom_font=&#8217;#ffffff&#8217; admin_preview_bg=&#8221;]<\/p>\n<p>[\/av_one_fifth][av_one_fifth min_height=&#8221; vertical_alignment=&#8221; space=&#8221; custom_margin=&#8221; margin=&#8217;0px&#8217; padding=&#8217;0px&#8217; border=&#8221; border_color=&#8221; radius=&#8217;0px&#8217; background_color=&#8221; src=&#8221; background_position=&#8217;top left&#8217; background_repeat=&#8217;no-repeat&#8217; animation=&#8221; mobile_display=&#8221;]<\/p>\n<p>[av_image src=&#8217;https:\/\/www.andamur.com\/wp-content\/uploads\/2021\/04\/areas-color-300&#215;300.png&#8217; attachment=&#8217;19953&#8242; attachment_size=&#8217;medium&#8217; align=&#8217;center&#8217; styling=&#8217;no-styling&#8217; hover=&#8221; link=&#8217;manually,https:\/\/www.andamur.com\/pt-pt\/areas-de-servico\/&#8217; target=&#8217;_blank&#8217; caption=&#8221; font_size=&#8221; appearance=&#8221; overlay_opacity=&#8217;0.4&#8242; overlay_color=&#8217;#000000&#8242; overlay_text_color=&#8217;#ffffff&#8217; animation=&#8217;no-animation&#8217; admin_preview_bg=&#8221;][\/av_image]<\/p>\n<p>[av_button label=&#8217;Nossas \u00e1reas&#8217; link=&#8217;manually,https:\/\/www.andamur.com\/pt-pt\/areas-de-servico\/&#8217; link_target=&#8217;_blank&#8217; size=&#8217;large&#8217; position=&#8217;center&#8217; icon_select=&#8217;no&#8217; icon=&#8217;ue800&#8242; font=&#8217;entypo-fontello&#8217; color=&#8217;custom&#8217; custom_bg=&#8217;#fc4c02&#8242; custom_font=&#8217;#ffffff&#8217; admin_preview_bg=&#8221;]<\/p>\n<p>[\/av_one_fifth][av_one_fifth min_height=&#8221; vertical_alignment=&#8221; space=&#8221; custom_margin=&#8221; margin=&#8217;0px&#8217; padding=&#8217;0px&#8217; border=&#8221; border_color=&#8221; radius=&#8217;0px&#8217; background_color=&#8221; src=&#8221; background_position=&#8217;top left&#8217; background_repeat=&#8217;no-repeat&#8217; animation=&#8221; mobile_display=&#8221;]<\/p>\n<p>[\/av_one_fifth]<br \/>\n[\/av_section]<\/p>\n","protected":false},"excerpt":{"rendered":"<p>[av_fullscreen size=&#8217;extra_large&#8217; image_attachment=&#8221; animation=&#8217;slide&#8217; autoplay=&#8217;false&#8217; interval=&#8217;5&#8242; control_layout=&#8217;av-control-default&#8217;] [av_fullscreen_slide slide_type=&#8217;video&#8217; id=&#8221; position=&#8217;top left&#8217; video=&#8217;https:\/\/youtu.be\/Shk2B15fMO8&#8242; mobile_image=&#8217;19985&#8242; video_cover=&#8217;av-element-cover&#8217; title=&#8221; custom_title_size=&#8221; custom_content_size=&#8221; caption_pos=&#8217;caption_right caption_right_framed caption_framed&#8217; link_apply=&#8221; link=&#8217;lightbox&#8217; link_target=&#8221; button_label=&#8221; button_color=&#8217;light&#8217; link1=&#8217;manually,http:\/\/&#8217; link_target1=&#8221; button_label2=&#8221; button_color2=&#8217;light&#8217; link2=&#8217;manually,http:\/\/&#8217; link_target2=&#8221; font_color=&#8221; custom_title=&#8221; custom_content=&#8221; overlay_opacity=&#8217;0.1&#8242; overlay_color=&#8221; overlay_pattern=&#8221; overlay_custom_pattern=&#8221;][\/av_fullscreen_slide] [\/av_fullscreen] [av_section min_height=&#8221; min_height_px=&#8217;500px&#8217; padding=&#8217;default&#8217; shadow=&#8217;no-shadow&#8217; bottom_border=&#8217;border-extra-arrow-down&#8217; bottom_border_diagonal_color=&#8217;#333333&#8242; bottom_border_diagonal_direction=&#8221; bottom_border_style=&#8221; scroll_down=&#8217;aviaTBscroll_down&#8217; id=&#8221; color=&#8217;main_color&#8217; custom_bg=&#8217;#162862&#8242; src=&#8221; attachment=&#8221; [&hellip;]<\/p>\n","protected":false},"author":1,"featured_media":0,"parent":0,"menu_order":0,"comment_status":"closed","ping_status":"closed","template":"","meta":{"_acf_changed":false,"footnotes":""},"class_list":["post-19811","page","type-page","status-publish","hentry"],"acf":[],"yoast_head":"<!-- This site is optimized with the Yoast SEO plugin v25.4 - https:\/\/yoast.com\/wordpress\/plugins\/seo\/ -->\n<title>portugal - Andamur<\/title>\n<meta name=\"robots\" content=\"index, follow, max-snippet:-1, max-image-preview:large, max-video-preview:-1\" \/>\n<link rel=\"canonical\" href=\"https:\/\/www.andamur.com\/pt-pt\/portugal\/\" \/>\n<meta property=\"og:locale\" content=\"pt_PT\" \/>\n<meta property=\"og:type\" content=\"article\" \/>\n<meta property=\"og:title\" content=\"portugal - Andamur\" \/>\n<meta property=\"og:description\" content=\"[av_fullscreen size=&#8217;extra_large&#8217; image_attachment=&#8221; animation=&#8217;slide&#8217; autoplay=&#8217;false&#8217; interval=&#8217;5&#8242; control_layout=&#8217;av-control-default&#8217;] [av_fullscreen_slide slide_type=&#8217;video&#8217; id=&#8221; position=&#8217;top left&#8217; video=&#8217;https:\/\/youtu.be\/Shk2B15fMO8&#8242; mobile_image=&#8217;19985&#8242; video_cover=&#8217;av-element-cover&#8217; title=&#8221; custom_title_size=&#8221; custom_content_size=&#8221; caption_pos=&#8217;caption_right caption_right_framed caption_framed&#8217; link_apply=&#8221; link=&#8217;lightbox&#8217; link_target=&#8221; button_label=&#8221; button_color=&#8217;light&#8217; link1=&#8217;manually,http:\/\/&#8217; link_target1=&#8221; button_label2=&#8221; button_color2=&#8217;light&#8217; link2=&#8217;manually,http:\/\/&#8217; link_target2=&#8221; font_color=&#8221; custom_title=&#8221; custom_content=&#8221; overlay_opacity=&#8217;0.1&#8242; overlay_color=&#8221; overlay_pattern=&#8221; overlay_custom_pattern=&#8221;][\/av_fullscreen_slide] [\/av_fullscreen] [av_section min_height=&#8221; min_height_px=&#8217;500px&#8217; padding=&#8217;default&#8217; shadow=&#8217;no-shadow&#8217; bottom_border=&#8217;border-extra-arrow-down&#8217; bottom_border_diagonal_color=&#8217;#333333&#8242; bottom_border_diagonal_direction=&#8221; bottom_border_style=&#8221; scroll_down=&#8217;aviaTBscroll_down&#8217; id=&#8221; color=&#8217;main_color&#8217; custom_bg=&#8217;#162862&#8242; src=&#8221; attachment=&#8221; [&hellip;]\" \/>\n<meta property=\"og:url\" content=\"https:\/\/www.andamur.com\/pt-pt\/portugal\/\" \/>\n<meta property=\"og:site_name\" content=\"Andamur\" \/>\n<meta property=\"article:publisher\" content=\"https:\/\/www.facebook.com\/AndamurEurope\/\" \/>\n<meta property=\"article:modified_time\" content=\"2021-04-29T16:12:09+00:00\" \/>\n<meta property=\"og:image\" content=\"https:\/\/www.andamur.com\/wp-content\/uploads\/2024\/02\/andamurogpic.jpg\" \/>\n\t<meta property=\"og:image:width\" content=\"1200\" \/>\n\t<meta property=\"og:image:height\" content=\"630\" \/>\n\t<meta property=\"og:image:type\" content=\"image\/jpeg\" \/>\n<meta name=\"twitter:card\" content=\"summary_large_image\" \/>\n<meta name=\"twitter:site\" content=\"@andamur_es\" \/>\n<meta name=\"twitter:label1\" content=\"Est. reading time\" \/>\n\t<meta name=\"twitter:data1\" content=\"8 minutes\" \/>\n<script type=\"application\/ld+json\" class=\"yoast-schema-graph\">{\"@context\":\"https:\/\/schema.org\",\"@graph\":[{\"@type\":\"WebPage\",\"@id\":\"https:\/\/www.andamur.com\/pt-pt\/portugal\/\",\"url\":\"https:\/\/www.andamur.com\/pt-pt\/portugal\/\",\"name\":\"portugal - Andamur\",\"isPartOf\":{\"@id\":\"https:\/\/www.andamur.com\/#website\"},\"datePublished\":\"2021-04-29T15:10:28+00:00\",\"dateModified\":\"2021-04-29T16:12:09+00:00\",\"breadcrumb\":{\"@id\":\"https:\/\/www.andamur.com\/pt-pt\/portugal\/#breadcrumb\"},\"inLanguage\":\"pt-PT\",\"potentialAction\":[{\"@type\":\"ReadAction\",\"target\":[\"https:\/\/www.andamur.com\/pt-pt\/portugal\/\"]}]},{\"@type\":\"BreadcrumbList\",\"@id\":\"https:\/\/www.andamur.com\/pt-pt\/portugal\/#breadcrumb\",\"itemListElement\":[{\"@type\":\"ListItem\",\"position\":1,\"name\":\"Portada\",\"item\":\"https:\/\/www.andamur.com\/pt-pt\/\"},{\"@type\":\"ListItem\",\"position\":2,\"name\":\"portugal\"}]},{\"@type\":\"WebSite\",\"@id\":\"https:\/\/www.andamur.com\/#website\",\"url\":\"https:\/\/www.andamur.com\/\",\"name\":\"Andamur\",\"description\":\"Cada viaje importa\",\"publisher\":{\"@id\":\"https:\/\/www.andamur.com\/#organization\"},\"inLanguage\":\"pt-PT\"},{\"@type\":\"Organization\",\"@id\":\"https:\/\/www.andamur.com\/#organization\",\"name\":\"Andamur\",\"url\":\"https:\/\/www.andamur.com\/\",\"logo\":{\"@type\":\"ImageObject\",\"inLanguage\":\"pt-PT\",\"@id\":\"https:\/\/www.andamur.com\/#\/schema\/logo\/image\/\",\"url\":\"https:\/\/www.andamur.com\/wp-content\/uploads\/2024\/02\/andamurogpic.jpg\",\"contentUrl\":\"https:\/\/www.andamur.com\/wp-content\/uploads\/2024\/02\/andamurogpic.jpg\",\"width\":1200,\"height\":630,\"caption\":\"Andamur\"},\"image\":{\"@id\":\"https:\/\/www.andamur.com\/#\/schema\/logo\/image\/\"},\"sameAs\":[\"https:\/\/www.facebook.com\/AndamurEurope\/\",\"https:\/\/x.com\/andamur_es\",\"https:\/\/www.instagram.com\/andamureurope\/\",\"https:\/\/www.youtube.com\/channel\/UCWP1SBl8J8SjUCcWBo_Uu1w\"]}]}<\/script>\n<!-- \/ Yoast SEO plugin. -->","yoast_head_json":{"title":"portugal - Andamur","robots":{"index":"index","follow":"follow","max-snippet":"max-snippet:-1","max-image-preview":"max-image-preview:large","max-video-preview":"max-video-preview:-1"},"canonical":"https:\/\/www.andamur.com\/pt-pt\/portugal\/","og_locale":"pt_PT","og_type":"article","og_title":"portugal - Andamur","og_description":"[av_fullscreen size=&#8217;extra_large&#8217; image_attachment=&#8221; animation=&#8217;slide&#8217; autoplay=&#8217;false&#8217; interval=&#8217;5&#8242; control_layout=&#8217;av-control-default&#8217;] [av_fullscreen_slide slide_type=&#8217;video&#8217; id=&#8221; position=&#8217;top left&#8217; video=&#8217;https:\/\/youtu.be\/Shk2B15fMO8&#8242; mobile_image=&#8217;19985&#8242; video_cover=&#8217;av-element-cover&#8217; title=&#8221; custom_title_size=&#8221; custom_content_size=&#8221; caption_pos=&#8217;caption_right caption_right_framed caption_framed&#8217; link_apply=&#8221; link=&#8217;lightbox&#8217; link_target=&#8221; button_label=&#8221; button_color=&#8217;light&#8217; link1=&#8217;manually,http:\/\/&#8217; link_target1=&#8221; button_label2=&#8221; button_color2=&#8217;light&#8217; link2=&#8217;manually,http:\/\/&#8217; link_target2=&#8221; font_color=&#8221; custom_title=&#8221; custom_content=&#8221; overlay_opacity=&#8217;0.1&#8242; overlay_color=&#8221; overlay_pattern=&#8221; overlay_custom_pattern=&#8221;][\/av_fullscreen_slide] [\/av_fullscreen] [av_section min_height=&#8221; min_height_px=&#8217;500px&#8217; padding=&#8217;default&#8217; shadow=&#8217;no-shadow&#8217; bottom_border=&#8217;border-extra-arrow-down&#8217; bottom_border_diagonal_color=&#8217;#333333&#8242; bottom_border_diagonal_direction=&#8221; bottom_border_style=&#8221; scroll_down=&#8217;aviaTBscroll_down&#8217; id=&#8221; color=&#8217;main_color&#8217; custom_bg=&#8217;#162862&#8242; src=&#8221; attachment=&#8221; [&hellip;]","og_url":"https:\/\/www.andamur.com\/pt-pt\/portugal\/","og_site_name":"Andamur","article_publisher":"https:\/\/www.facebook.com\/AndamurEurope\/","article_modified_time":"2021-04-29T16:12:09+00:00","og_image":[{"width":1200,"height":630,"url":"https:\/\/www.andamur.com\/wp-content\/uploads\/2024\/02\/andamurogpic.jpg","type":"image\/jpeg"}],"twitter_card":"summary_large_image","twitter_site":"@andamur_es","twitter_misc":{"Est. reading time":"8 minutes"},"schema":{"@context":"https:\/\/schema.org","@graph":[{"@type":"WebPage","@id":"https:\/\/www.andamur.com\/pt-pt\/portugal\/","url":"https:\/\/www.andamur.com\/pt-pt\/portugal\/","name":"portugal - Andamur","isPartOf":{"@id":"https:\/\/www.andamur.com\/#website"},"datePublished":"2021-04-29T15:10:28+00:00","dateModified":"2021-04-29T16:12:09+00:00","breadcrumb":{"@id":"https:\/\/www.andamur.com\/pt-pt\/portugal\/#breadcrumb"},"inLanguage":"pt-PT","potentialAction":[{"@type":"ReadAction","target":["https:\/\/www.andamur.com\/pt-pt\/portugal\/"]}]},{"@type":"BreadcrumbList","@id":"https:\/\/www.andamur.com\/pt-pt\/portugal\/#breadcrumb","itemListElement":[{"@type":"ListItem","position":1,"name":"Portada","item":"https:\/\/www.andamur.com\/pt-pt\/"},{"@type":"ListItem","position":2,"name":"portugal"}]},{"@type":"WebSite","@id":"https:\/\/www.andamur.com\/#website","url":"https:\/\/www.andamur.com\/","name":"Andamur","description":"Cada viaje importa","publisher":{"@id":"https:\/\/www.andamur.com\/#organization"},"inLanguage":"pt-PT"},{"@type":"Organization","@id":"https:\/\/www.andamur.com\/#organization","name":"Andamur","url":"https:\/\/www.andamur.com\/","logo":{"@type":"ImageObject","inLanguage":"pt-PT","@id":"https:\/\/www.andamur.com\/#\/schema\/logo\/image\/","url":"https:\/\/www.andamur.com\/wp-content\/uploads\/2024\/02\/andamurogpic.jpg","contentUrl":"https:\/\/www.andamur.com\/wp-content\/uploads\/2024\/02\/andamurogpic.jpg","width":1200,"height":630,"caption":"Andamur"},"image":{"@id":"https:\/\/www.andamur.com\/#\/schema\/logo\/image\/"},"sameAs":["https:\/\/www.facebook.com\/AndamurEurope\/","https:\/\/x.com\/andamur_es","https:\/\/www.instagram.com\/andamureurope\/","https:\/\/www.youtube.com\/channel\/UCWP1SBl8J8SjUCcWBo_Uu1w"]}]}},"_links":{"self":[{"href":"https:\/\/www.andamur.com\/pt-pt\/wp-json\/wp\/v2\/pages\/19811","targetHints":{"allow":["GET"]}}],"collection":[{"href":"https:\/\/www.andamur.com\/pt-pt\/wp-json\/wp\/v2\/pages"}],"about":[{"href":"https:\/\/www.andamur.com\/pt-pt\/wp-json\/wp\/v2\/types\/page"}],"author":[{"embeddable":true,"href":"https:\/\/www.andamur.com\/pt-pt\/wp-json\/wp\/v2\/users\/1"}],"replies":[{"embeddable":true,"href":"https:\/\/www.andamur.com\/pt-pt\/wp-json\/wp\/v2\/comments?post=19811"}],"version-history":[{"count":0,"href":"https:\/\/www.andamur.com\/pt-pt\/wp-json\/wp\/v2\/pages\/19811\/revisions"}],"wp:attachment":[{"href":"https:\/\/www.andamur.com\/pt-pt\/wp-json\/wp\/v2\/media?parent=19811"}],"curies":[{"name":"wp","href":"https:\/\/api.w.org\/{rel}","templated":true}]}}