{"id":9234,"date":"2019-05-23T11:43:18","date_gmt":"2019-05-23T11:43:18","guid":{"rendered":"https:\/\/www.andamur.com\/servibox\/"},"modified":"2025-02-27T11:16:43","modified_gmt":"2025-02-27T10:16:43","slug":"servibox","status":"publish","type":"page","link":"https:\/\/www.andamur.com\/pl\/servibox\/","title":{"rendered":"ServiBOX. Jedno urz\u0105dzenie dla 12 kraj\u00f3w w Europie"},"content":{"rendered":"<p>[av_section min_height=&#8217;25&#8217; min_height_px=&#8217;500px&#8217; padding=&#8217;default&#8217; shadow=&#8217;no-shadow&#8217; bottom_border=&#8217;no-border-styling&#8217; bottom_border_diagonal_color=&#8217;#333333&#8242; bottom_border_diagonal_direction=&#8221; bottom_border_style=&#8221; id=&#8221; color=&#8217;main_color&#8217; custom_bg=&#8221; src=&#8217;https:\/\/www.andamur.com\/wp-content\/uploads\/2019\/05\/LANDING-3.jpg&#8217; attachment=&#8217;7401&#8242; attachment_size=&#8217;full&#8217; attach=&#8217;fixed&#8217; position=&#8217;top left&#8217; repeat=&#8217;stretch&#8217; video=&#8221; video_ratio=&#8217;16:9&#8242; overlay_opacity=&#8217;0.5&#8242; overlay_color=&#8221; overlay_pattern=&#8221; overlay_custom_pattern=&#8221; av_element_hidden_in_editor=&#8217;0&#8242;]<\/p>\n<p>[av_hr class=&#8217;invisible&#8217; height=&#8217;10&#8217; shadow=&#8217;no-shadow&#8217; position=&#8217;center&#8217; custom_border=&#8217;av-border-thin&#8217; custom_width=&#8217;50px&#8217; custom_border_color=&#8221; custom_margin_top=&#8217;30px&#8217; custom_margin_bottom=&#8217;30px&#8217; icon_select=&#8217;yes&#8217; custom_icon_color=&#8221; icon=&#8217;ue808&#8242; font=&#8217;entypo-fontello&#8217; admin_preview_bg=&#8221;]<\/p>\n<p>[av_heading heading=&#8217;<strong>MAKSYMALNY KOMFORT PODCZAS JAZDY<\/strong>&#8216; tag=&#8217;h1&#8242; style=&#8217;blockquote modern-quote modern-centered&#8217; size=&#8217;54&#8217; subheading_active=&#8217;subheading_below&#8217; subheading_size=&#8217;32&#8217; padding=&#8217;0&#8242; color=&#8217;custom-color-heading&#8217; custom_font=&#8217;#ffffff&#8217; admin_preview_bg=&#8221;]<br \/>\nJedno urz\u0105dzenie dla 12 kraj\u00f3w w Europie<\/p>\n<p>ZAWIERA NIEMCY<br \/>\n[\/av_heading]<\/p>\n<p>[av_hr class=&#8217;invisible&#8217; height=&#8217;15&#8217; shadow=&#8217;no-shadow&#8217; position=&#8217;center&#8217; custom_border=&#8217;av-border-thin&#8217; custom_width=&#8217;50px&#8217; custom_border_color=&#8221; custom_margin_top=&#8217;30px&#8217; custom_margin_bottom=&#8217;30px&#8217; icon_select=&#8217;yes&#8217; custom_icon_color=&#8221; icon=&#8217;ue808&#8242; font=&#8217;entypo-fontello&#8217; admin_preview_bg=&#8221;]<\/p>\n<p>[av_button label=&#8217;POBIERZ TERAZ&#8217; link=&#8217;manually,https:\/\/www.andamur.com\/pl\/servibox\/#formulario&#8217; link_target=&#8221; size=&#8217;small&#8217; position=&#8217;center&#8217; icon_select=&#8217;yes&#8217; icon=&#8217;ue817&#8242; font=&#8217;entypo-fontello&#8217; color=&#8217;light&#8217; custom_bg=&#8217;#444444&#8242; custom_font=&#8217;#ffffff&#8217; admin_preview_bg=&#8221;]<\/p>\n<p>[av_hr class=&#8217;invisible&#8217; height=&#8217;50&#8217; shadow=&#8217;no-shadow&#8217; position=&#8217;center&#8217; custom_border=&#8217;av-border-thin&#8217; custom_width=&#8217;50px&#8217; custom_border_color=&#8221; custom_margin_top=&#8217;30px&#8217; custom_margin_bottom=&#8217;30px&#8217; icon_select=&#8217;yes&#8217; custom_icon_color=&#8221; icon=&#8217;ue808&#8242; font=&#8217;entypo-fontello&#8217; admin_preview_bg=&#8221;]<\/p>\n<p>[\/av_section][av_heading tag=&#8217;h1&#8242; padding=&#8217;0&#8242; heading=&#8217;Zarz\u0105dzanie i kontrola op\u0142at za autostrady, numer\u00f3w rejestracyjnych i przejazd\u00f3w&#8217; color=&#8217;custom-color-heading&#8217; style=&#8217;blockquote modern-quote modern-centered&#8217; custom_font=&#8217;#001e62&#8242; size=&#8217;46&#8217; subheading_active=&#8217;subheading_below&#8217; subheading_size=&#8217;24&#8217; custom_class=&#8221; admin_preview_bg=&#8221;]<br \/>\nNie wymaga zmiany urz\u0105dzenia<br \/>\n[\/av_heading]<\/p>\n<p>[av_hr class=&#8217;invisible&#8217; height=&#8217;35&#8217; shadow=&#8217;no-shadow&#8217; position=&#8217;center&#8217; custom_border=&#8217;av-border-thin&#8217; custom_width=&#8217;50px&#8217; custom_border_color=&#8221; custom_margin_top=&#8217;30px&#8217; custom_margin_bottom=&#8217;30px&#8217; icon_select=&#8217;yes&#8217; custom_icon_color=&#8221; icon=&#8217;ue808&#8242; font=&#8217;entypo-fontello&#8217; admin_preview_bg=&#8221;]<\/p>\n<p>[av_one_full first min_height=&#8221; vertical_alignment=&#8217;av-align-top&#8217; space=&#8221; margin=&#8217;0px&#8217; margin_sync=&#8217;true&#8217; padding=&#8217;0px&#8217; padding_sync=&#8217;true&#8217; border=&#8221; border_color=&#8221; radius=&#8217;0px&#8217; radius_sync=&#8217;true&#8217; background_color=&#8221; src=&#8221; attachment=&#8221; attachment_size=&#8221; background_position=&#8217;top left&#8217; background_repeat=&#8217;no-repeat&#8217; animation=&#8221; mobile_display=&#8221;]<br \/>\n[av_image src=&#8217;https:\/\/www.andamur.com\/wp-content\/uploads\/2019\/05\/servibox-opt.png&#8217; attachment=&#8217;7398&#8242; attachment_size=&#8217;full&#8217; align=&#8217;center&#8217; styling=&#8221; hover=&#8221; link=&#8221; target=&#8221; caption=&#8221; font_size=&#8221; appearance=&#8221; overlay_opacity=&#8217;0.4&#8242; overlay_color=&#8217;#000000&#8242; overlay_text_color=&#8217;#ffffff&#8217; animation=&#8217;no-animation&#8217; admin_preview_bg=&#8221;][\/av_image]<\/p>\n<p>[av_hr class=&#8217;invisible&#8217; height=&#8217;10&#8217; shadow=&#8217;no-shadow&#8217; position=&#8217;center&#8217; custom_border=&#8217;av-border-thin&#8217; custom_width=&#8217;50px&#8217; custom_border_color=&#8221; custom_margin_top=&#8217;30px&#8217; custom_margin_bottom=&#8217;30px&#8217; icon_select=&#8217;yes&#8217; custom_icon_color=&#8221; icon=&#8217;ue808&#8242; font=&#8217;entypo-fontello&#8217; admin_preview_bg=&#8221;]<\/p>\n<p>[av_image src=&#8217;https:\/\/www.andamur.com\/wp-content\/uploads\/2021\/06\/banderas-con-suiza.jpg&#8217; attachment=&#8217;21802&#8242; attachment_size=&#8217;full&#8217; align=&#8217;center&#8217; styling=&#8221; hover=&#8221; link=&#8221; target=&#8221; caption=&#8221; font_size=&#8221; appearance=&#8221; overlay_opacity=&#8217;0.4&#8242; overlay_color=&#8217;#000000&#8242; overlay_text_color=&#8217;#ffffff&#8217; animation=&#8217;no-animation&#8217; admin_preview_bg=&#8221;][\/av_image]<\/p>\n<p>[av_hr class=&#8217;invisible&#8217; height=&#8217;10&#8217; shadow=&#8217;no-shadow&#8217; position=&#8217;center&#8217; custom_border=&#8217;av-border-thin&#8217; custom_width=&#8217;50px&#8217; custom_border_color=&#8221; custom_margin_top=&#8217;30px&#8217; custom_margin_bottom=&#8217;30px&#8217; icon_select=&#8217;yes&#8217; custom_icon_color=&#8221; icon=&#8217;ue808&#8242; font=&#8217;entypo-fontello&#8217; admin_preview_bg=&#8221;]<br \/>\n[\/av_one_full]<\/p>\n<p>[av_section min_height=&#8221; min_height_px=&#8217;500px&#8217; padding=&#8217;default&#8217; shadow=&#8217;no-shadow&#8217; bottom_border=&#8217;no-border-styling&#8217; bottom_border_diagonal_color=&#8217;#333333&#8242; bottom_border_diagonal_direction=&#8221; bottom_border_style=&#8221; scroll_down=&#8217;aviaTBscroll_down&#8217; id=&#8221; color=&#8217;main_color&#8217; custom_bg=&#8221; src=&#8221; attachment=&#8221; attachment_size=&#8221; attach=&#8217;scroll&#8217; position=&#8217;top left&#8217; repeat=&#8217;no-repeat&#8217; video=&#8221; video_ratio=&#8217;16:9&#8242; overlay_opacity=&#8217;0.5&#8242; overlay_color=&#8221; overlay_pattern=&#8221; overlay_custom_pattern=&#8221; av_element_hidden_in_editor=&#8217;0&#8242;]<br \/>\n[av_one_half first min_height=&#8217;av-equal-height-column&#8217; vertical_alignment=&#8217;av-align-top&#8217; space=&#8221; margin=&#8217;0px&#8217; margin_sync=&#8217;true&#8217; padding=&#8217;0px,0px,0px,0px&#8217; border=&#8221; border_color=&#8221; radius=&#8217;0px&#8217; radius_sync=&#8217;true&#8217; background_color=&#8221; src=&#8221; attachment=&#8221; attachment_size=&#8221; background_position=&#8217;top left&#8217; background_repeat=&#8217;no-repeat&#8217; animation=&#8221; mobile_display=&#8221;]<\/p>\n<p>[av_iconlist position=&#8217;left&#8217; iconlist_styling=&#8221; custom_title_size=&#8221; custom_content_size=&#8221; font_color=&#8217;custom&#8217; custom_title=&#8221; custom_content=&#8221; color=&#8217;custom&#8217; custom_bg=&#8217;#ff4d00&#8242; custom_font=&#8221; custom_border=&#8221; admin_preview_bg=&#8221;]<br \/>\n[av_iconlist_item title=&#8217;Kraje&#8217; link=&#8221; linktarget=&#8221; linkelement=&#8221; icon=&#8217;ue843&#8242; font=&#8217;entypo-fontello&#8217;]<br \/>\nHiszpania, Portugalia, Francja, Tunel Liefkenshoek, Belgia, W\u0142ochy, Austria, A4 Polska, Dania, Norwegia, Szwajcaria i Niemcy.<br \/>\n[\/av_iconlist_item]<br \/>\n[av_iconlist_item title=&#8217;Technologia&#8217; link=&#8221; linktarget=&#8221; linkelement=&#8221; icon=&#8217;ue842&#8242; font=&#8217;entypo-fontello&#8217;]<br \/>\nTechnologia satelitarna<br \/>\n[\/av_iconlist_item]<br \/>\n[av_iconlist_item title=&#8217;J\u0119zyki&#8217; link=&#8221; linktarget=&#8221; linkelement=&#8221; icon=&#8217;ue841&#8242; font=&#8217;entypo-fontello&#8217;]<br \/>\nDost\u0119pny w 14 j\u0119zykach<br \/>\n[\/av_iconlist_item]<br \/>\n[av_iconlist_item title=&#8217;Zarz\u0105dzanie krajami&#8217; link=&#8221; linktarget=&#8221; linkelement=&#8221; icon=&#8217;ue817&#8242; font=&#8217;entypo-fontello&#8217;]<br \/>\nMo\u017cliwo\u015b\u0107 w\u0142\u0105czania i wy\u0142\u0105czania kraj\u00f3w bez dodatkowych koszt\u00f3w.<br \/>\n[\/av_iconlist_item]<br \/>\n[\/av_iconlist]<\/p>\n<p>[\/av_one_half][av_one_half min_height=&#8221; vertical_alignment=&#8217;av-align-top&#8217; space=&#8221; margin=&#8217;0px&#8217; margin_sync=&#8217;true&#8217; padding=&#8217;0px,30px,0px,0px&#8217; border=&#8221; border_color=&#8221; radius=&#8217;0px&#8217; radius_sync=&#8217;true&#8217; background_color=&#8221; src=&#8221; attachment=&#8221; attachment_size=&#8221; background_position=&#8217;top left&#8217; background_repeat=&#8217;no-repeat&#8217; animation=&#8221; mobile_display=&#8221;]<\/p>\n<p>[av_iconlist position=&#8217;left&#8217; iconlist_styling=&#8221; custom_title_size=&#8221; custom_content_size=&#8221; font_color=&#8217;custom&#8217; custom_title=&#8221; custom_content=&#8221; color=&#8217;custom&#8217; custom_bg=&#8217;#ff4d00&#8242; custom_font=&#8221; custom_border=&#8221; admin_preview_bg=&#8221;]<br \/>\n[av_iconlist_item title=&#8217;Wygoda u\u017cytkowania&#8217; link=&#8221; linktarget=&#8221; linkelement=&#8221; icon=&#8217;ue82b&#8217; font=&#8217;entypo-fontello&#8217;]<br \/>\nIntuicyjny i \u0142atwy w u\u017cytkowaniu<br \/>\n[\/av_iconlist_item]<br \/>\n[av_iconlist_item title=&#8217;Uruchomianie&#8217; link=&#8221; linktarget=&#8221; linkelement=&#8221; icon=&#8217;ue825&#8242; font=&#8217;entypo-fontello&#8217;]<br \/>\nNie wymaga wcze\u015bniejszej konfiguracji<br \/>\n[\/av_iconlist_item]<br \/>\n[av_iconlist_item title=&#8217;Termin dostawy&#8217; link=&#8221; linktarget=&#8221; linkelement=&#8221; icon=&#8217;ue85b&#8217; font=&#8217;entypo-fontello&#8217;]<br \/>\n5 dni roboczych<br \/>\n[\/av_iconlist_item]<br \/>\n[\/av_iconlist]<\/p>\n<p>[\/av_one_half][av_hr class=&#8217;invisible&#8217; height=&#8217;15&#8217; shadow=&#8217;no-shadow&#8217; position=&#8217;center&#8217; custom_border=&#8217;av-border-thin&#8217; custom_width=&#8217;50px&#8217; custom_border_color=&#8221; custom_margin_top=&#8217;30px&#8217; custom_margin_bottom=&#8217;30px&#8217; icon_select=&#8217;yes&#8217; custom_icon_color=&#8221; icon=&#8217;ue808&#8242; font=&#8217;entypo-fontello&#8217; admin_preview_bg=&#8221;]<\/p>\n<p>[av_icon_box position=&#8217;top&#8217; icon_style=&#8221; boxed=&#8221; icon=&#8217;ue887&#8242; font=&#8217;entypo-fontello&#8217; title=&#8217;Us\u0142ugi opcjonalne dost\u0119pne w tym samym urz\u0105dzeniu&#8217; link=&#8221; linktarget=&#8221; linkelement=&#8221; font_color=&#8221; custom_title=&#8221; custom_content=&#8221; color=&#8221; custom_bg=&#8221; custom_font=&#8221; custom_border=&#8221; admin_preview_bg=&#8221;]<\/p>\n<p style=\"text-align: center;\">Lokalizacja GPS w Europie<br \/>\nPlanowanie podr\u00f3\u017cy<br \/>\nIdentyfikacja miejsc (POI)<br \/>\nAktualne dane o ruchu i trasy alternatywne<br \/>\nObliczanie koszt\u00f3w paliwa<br \/>\nKontrola konsumpcji<br \/>\nZdalne pobieranie tachografu cyfrowego<br \/>\nBez koszt\u00f3w aktywacji<\/p>\n<p>[\/av_icon_box]<br \/>\n[\/av_section]<\/p>\n<p>[av_section min_height=&#8221; min_height_px=&#8217;500px&#8217; padding=&#8217;default&#8217; shadow=&#8217;no-shadow&#8217; bottom_border=&#8217;no-border-styling&#8217; bottom_border_diagonal_color=&#8217;#333333&#8242; bottom_border_diagonal_direction=&#8221; bottom_border_style=&#8221; id=&#8217;formulario&#8217; color=&#8217;main_color&#8217; custom_bg=&#8217;#f4f4f4&#8242; src=&#8221; attachment=&#8221; attachment_size=&#8221; attach=&#8217;scroll&#8217; position=&#8217;top left&#8217; repeat=&#8217;no-repeat&#8217; video=&#8221; video_ratio=&#8217;16:9&#8242; overlay_opacity=&#8217;0.5&#8242; overlay_color=&#8221; overlay_pattern=&#8221; overlay_custom_pattern=&#8221; av_element_hidden_in_editor=&#8217;0&#8242;]<br \/>\n[av_one_fourth first min_height=&#8221; vertical_alignment=&#8221; space=&#8221; custom_margin=&#8221; margin=&#8217;0px&#8217; padding=&#8217;0px&#8217; border=&#8221; border_color=&#8221; radius=&#8217;0px&#8217; background_color=&#8221; src=&#8221; background_position=&#8217;top left&#8217; background_repeat=&#8217;no-repeat&#8217; animation=&#8221; mobile_display=&#8221;]<\/p>\n<p>[\/av_one_fourth][av_one_half min_height=&#8221; vertical_alignment=&#8221; space=&#8221; custom_margin=&#8221; margin=&#8217;0px&#8217; padding=&#8217;0px&#8217; border=&#8221; border_color=&#8221; radius=&#8217;0px&#8217; background_color=&#8221; src=&#8221; background_position=&#8217;top left&#8217; background_repeat=&#8217;no-repeat&#8217; animation=&#8221; mobile_display=&#8221;]<\/p>\n<p>[av_contact email=&#8217;yberrafai@andamur.com&#8217; title=&#8217;ZAM\u00d3W ServiBOX&#8217; button=&#8217;wy\u015blij&#8217; on_send=&#8221; sent=&#8217;En breve contactaremos contigo. Gracias.&#8217; link=&#8217;manually,http:\/\/&#8217; subject=&#8217;LANDING SERVIBOX polaco&#8217; autorespond=&#8221; captcha=&#8217;active&#8217; hide_labels=&#8217;aviaTBhide_labels&#8217; form_align=&#8221; color=&#8221; admin_preview_bg=&#8217;rgb(34, 34, 34)&#8217;]<br \/>\n[av_contact_field label=&#8217;Imi\u0119 &amp; Nazwisko&#8217; type=&#8217;text&#8217; options=&#8221; check=&#8217;is_empty&#8217; width=&#8217;element_half&#8217; multi_select=&#8221; av_contact_preselect=&#8221;][\/av_contact_field]<br \/>\n[av_contact_field label=&#8217;sprawy osobiste&#8217; type=&#8217;text&#8217; options=&#8221; check=&#8221; width=&#8217;element_half&#8217; multi_select=&#8221; av_contact_preselect=&#8221;][\/av_contact_field]<br \/>\n[av_contact_field label=&#8217;Telefon&#8217; type=&#8217;text&#8217; options=&#8221; check=&#8221; width=&#8217;element_half&#8217; multi_select=&#8221; av_contact_preselect=&#8221;][\/av_contact_field]<br \/>\n[av_contact_field label=&#8217;E-Mail&#8217; type=&#8217;text&#8217; options=&#8221; check=&#8217;is_email&#8217; width=&#8217;element_half&#8217; multi_select=&#8221; av_contact_preselect=&#8221;][\/av_contact_field]<br \/>\n[av_contact_field label=&#8217;Wiadomo\u015b\u0107&#8217; type=&#8217;textarea&#8217; options=&#8221; check=&#8221; width=&#8221; multi_select=&#8221; av_contact_preselect=&#8221;][\/av_contact_field]<br \/>\n[av_contact_field label=&#8217;Akceptuj\u0119 <a href=\"https:\/\/www.andamur.com\/pl\/polityka-prywatnosci\/\" target=\"_blank\" rel=\"noopener noreferrer\">polityk\u0119 prywatno\u015bci&#8217; type=&#8217;checkbox&#8217; options=&#8221; check=&#8217;is_empty&#8217; width=&#8221; multi_select=&#8221; av_contact_preselect=&#8221;][\/av_contact_field]<br \/>\n[\/av_contact]<\/a><\/p>\n<p>[\/av_one_half][av_one_fourth min_height=&#8221; vertical_alignment=&#8221; space=&#8221; custom_margin=&#8221; margin=&#8217;0px&#8217; padding=&#8217;0px&#8217; border=&#8221; border_color=&#8221; radius=&#8217;0px&#8217; background_color=&#8221; src=&#8221; background_position=&#8217;top left&#8217; background_repeat=&#8217;no-repeat&#8217; animation=&#8221; mobile_display=&#8221;]<\/p>\n<p>[\/av_one_fourth]<br \/>\n[\/av_section]<\/p>\n","protected":false},"excerpt":{"rendered":"<p>[av_section min_height=&#8217;25&#8217; min_height_px=&#8217;500px&#8217; padding=&#8217;default&#8217; shadow=&#8217;no-shadow&#8217; bottom_border=&#8217;no-border-styling&#8217; bottom_border_diagonal_color=&#8217;#333333&#8242; bottom_border_diagonal_direction=&#8221; bottom_border_style=&#8221; id=&#8221; color=&#8217;main_color&#8217; custom_bg=&#8221; src=&#8217;https:\/\/www.andamur.com\/wp-content\/uploads\/2019\/05\/LANDING-3.jpg&#8217; attachment=&#8217;7401&#8242; attachment_size=&#8217;full&#8217; attach=&#8217;fixed&#8217; position=&#8217;top left&#8217; repeat=&#8217;stretch&#8217; video=&#8221; video_ratio=&#8217;16:9&#8242; overlay_opacity=&#8217;0.5&#8242; overlay_color=&#8221; overlay_pattern=&#8221; overlay_custom_pattern=&#8221; av_element_hidden_in_editor=&#8217;0&#8242;] [av_hr class=&#8217;invisible&#8217; height=&#8217;10&#8217; shadow=&#8217;no-shadow&#8217; position=&#8217;center&#8217; custom_border=&#8217;av-border-thin&#8217; custom_width=&#8217;50px&#8217; custom_border_color=&#8221; custom_margin_top=&#8217;30px&#8217; custom_margin_bottom=&#8217;30px&#8217; icon_select=&#8217;yes&#8217; custom_icon_color=&#8221; icon=&#8217;ue808&#8242; font=&#8217;entypo-fontello&#8217; admin_preview_bg=&#8221;] [av_heading heading=&#8217;MAKSYMALNY KOMFORT PODCZAS JAZDY&#8216; tag=&#8217;h1&#8242; style=&#8217;blockquote modern-quote modern-centered&#8217; size=&#8217;54&#8217; subheading_active=&#8217;subheading_below&#8217; subheading_size=&#8217;32&#8217; padding=&#8217;0&#8242; color=&#8217;custom-color-heading&#8217; [&hellip;]<\/p>\n","protected":false},"author":1,"featured_media":0,"parent":0,"menu_order":0,"comment_status":"closed","ping_status":"closed","template":"page-templates\/custom_18.php","meta":{"_acf_changed":false,"footnotes":""},"class_list":["post-9234","page","type-page","status-publish","hentry"],"acf":[],"yoast_head":"<!-- This site is optimized with the Yoast SEO plugin v25.4 - https:\/\/yoast.com\/wordpress\/plugins\/seo\/ -->\n<title>Servibox. Gesti\u00f3n y control de consumos, matr\u00edculas y servicios en peajes<\/title>\n<meta name=\"description\" content=\"Servibox es un dispositivo de peajes satelital con posibilidad de geolocalizaci\u00f3n para Espa\u00f1a, Portugal, Francia, T\u00fanel Belga, B\u00e9lgica, Italia, Austria, A4 Polonia, Dinamarca, Noruega, Suiza y Alemania.\" \/>\n<meta name=\"robots\" content=\"index, follow, max-snippet:-1, max-image-preview:large, max-video-preview:-1\" \/>\n<link rel=\"canonical\" href=\"https:\/\/www.andamur.com\/pl\/servibox\/\" \/>\n<meta property=\"og:locale\" content=\"pl_PL\" \/>\n<meta property=\"og:type\" content=\"article\" \/>\n<meta property=\"og:title\" content=\"Servibox. Gesti\u00f3n y control de consumos, matr\u00edculas y servicios en peajes\" \/>\n<meta property=\"og:description\" content=\"Servibox es un dispositivo de peajes satelital con posibilidad de geolocalizaci\u00f3n para Espa\u00f1a, Portugal, Francia, T\u00fanel Belga, B\u00e9lgica, Italia, Austria, A4 Polonia, Dinamarca, Noruega, Suiza y Alemania.\" \/>\n<meta property=\"og:url\" content=\"https:\/\/www.andamur.com\/pl\/servibox\/\" \/>\n<meta property=\"og:site_name\" content=\"Andamur\" \/>\n<meta property=\"article:publisher\" content=\"https:\/\/www.facebook.com\/AndamurEurope\/\" \/>\n<meta property=\"article:modified_time\" content=\"2025-02-27T10:16:43+00:00\" \/>\n<meta property=\"og:image\" content=\"https:\/\/www.andamur.com\/wp-content\/uploads\/2024\/02\/andamurogpic.jpg\" \/>\n\t<meta property=\"og:image:width\" content=\"1200\" \/>\n\t<meta property=\"og:image:height\" content=\"630\" \/>\n\t<meta property=\"og:image:type\" content=\"image\/jpeg\" \/>\n<meta name=\"twitter:card\" content=\"summary_large_image\" \/>\n<meta name=\"twitter:site\" content=\"@andamur_es\" \/>\n<script type=\"application\/ld+json\" class=\"yoast-schema-graph\">{\"@context\":\"https:\/\/schema.org\",\"@graph\":[{\"@type\":\"WebPage\",\"@id\":\"https:\/\/www.andamur.com\/pl\/servibox\/\",\"url\":\"https:\/\/www.andamur.com\/pl\/servibox\/\",\"name\":\"Servibox. Gesti\u00f3n y control de consumos, matr\u00edculas y servicios en peajes\",\"isPartOf\":{\"@id\":\"https:\/\/www.andamur.com\/#website\"},\"datePublished\":\"2019-05-23T11:43:18+00:00\",\"dateModified\":\"2025-02-27T10:16:43+00:00\",\"description\":\"Servibox es un dispositivo de peajes satelital con posibilidad de geolocalizaci\u00f3n para Espa\u00f1a, Portugal, Francia, T\u00fanel Belga, B\u00e9lgica, Italia, Austria, A4 Polonia, Dinamarca, Noruega, Suiza y Alemania.\",\"breadcrumb\":{\"@id\":\"https:\/\/www.andamur.com\/pl\/servibox\/#breadcrumb\"},\"inLanguage\":\"pl-PL\",\"potentialAction\":[{\"@type\":\"ReadAction\",\"target\":[\"https:\/\/www.andamur.com\/pl\/servibox\/\"]}]},{\"@type\":\"BreadcrumbList\",\"@id\":\"https:\/\/www.andamur.com\/pl\/servibox\/#breadcrumb\",\"itemListElement\":[{\"@type\":\"ListItem\",\"position\":1,\"name\":\"Portada\",\"item\":\"https:\/\/www.andamur.com\/pl\/\"},{\"@type\":\"ListItem\",\"position\":2,\"name\":\"ServiBOX. Jedno urz\u0105dzenie dla 12 kraj\u00f3w w Europie\"}]},{\"@type\":\"WebSite\",\"@id\":\"https:\/\/www.andamur.com\/#website\",\"url\":\"https:\/\/www.andamur.com\/\",\"name\":\"Andamur\",\"description\":\"Cada viaje importa\",\"publisher\":{\"@id\":\"https:\/\/www.andamur.com\/#organization\"},\"inLanguage\":\"pl-PL\"},{\"@type\":\"Organization\",\"@id\":\"https:\/\/www.andamur.com\/#organization\",\"name\":\"Andamur\",\"url\":\"https:\/\/www.andamur.com\/\",\"logo\":{\"@type\":\"ImageObject\",\"inLanguage\":\"pl-PL\",\"@id\":\"https:\/\/www.andamur.com\/#\/schema\/logo\/image\/\",\"url\":\"https:\/\/www.andamur.com\/wp-content\/uploads\/2024\/02\/andamurogpic.jpg\",\"contentUrl\":\"https:\/\/www.andamur.com\/wp-content\/uploads\/2024\/02\/andamurogpic.jpg\",\"width\":1200,\"height\":630,\"caption\":\"Andamur\"},\"image\":{\"@id\":\"https:\/\/www.andamur.com\/#\/schema\/logo\/image\/\"},\"sameAs\":[\"https:\/\/www.facebook.com\/AndamurEurope\/\",\"https:\/\/x.com\/andamur_es\",\"https:\/\/www.instagram.com\/andamureurope\/\",\"https:\/\/www.youtube.com\/channel\/UCWP1SBl8J8SjUCcWBo_Uu1w\"]}]}<\/script>\n<!-- \/ Yoast SEO plugin. -->","yoast_head_json":{"title":"Servibox. Gesti\u00f3n y control de consumos, matr\u00edculas y servicios en peajes","description":"Servibox es un dispositivo de peajes satelital con posibilidad de geolocalizaci\u00f3n para Espa\u00f1a, Portugal, Francia, T\u00fanel Belga, B\u00e9lgica, Italia, Austria, A4 Polonia, Dinamarca, Noruega, Suiza y Alemania.","robots":{"index":"index","follow":"follow","max-snippet":"max-snippet:-1","max-image-preview":"max-image-preview:large","max-video-preview":"max-video-preview:-1"},"canonical":"https:\/\/www.andamur.com\/pl\/servibox\/","og_locale":"pl_PL","og_type":"article","og_title":"Servibox. Gesti\u00f3n y control de consumos, matr\u00edculas y servicios en peajes","og_description":"Servibox es un dispositivo de peajes satelital con posibilidad de geolocalizaci\u00f3n para Espa\u00f1a, Portugal, Francia, T\u00fanel Belga, B\u00e9lgica, Italia, Austria, A4 Polonia, Dinamarca, Noruega, Suiza y Alemania.","og_url":"https:\/\/www.andamur.com\/pl\/servibox\/","og_site_name":"Andamur","article_publisher":"https:\/\/www.facebook.com\/AndamurEurope\/","article_modified_time":"2025-02-27T10:16:43+00:00","og_image":[{"width":1200,"height":630,"url":"https:\/\/www.andamur.com\/wp-content\/uploads\/2024\/02\/andamurogpic.jpg","type":"image\/jpeg"}],"twitter_card":"summary_large_image","twitter_site":"@andamur_es","schema":{"@context":"https:\/\/schema.org","@graph":[{"@type":"WebPage","@id":"https:\/\/www.andamur.com\/pl\/servibox\/","url":"https:\/\/www.andamur.com\/pl\/servibox\/","name":"Servibox. Gesti\u00f3n y control de consumos, matr\u00edculas y servicios en peajes","isPartOf":{"@id":"https:\/\/www.andamur.com\/#website"},"datePublished":"2019-05-23T11:43:18+00:00","dateModified":"2025-02-27T10:16:43+00:00","description":"Servibox es un dispositivo de peajes satelital con posibilidad de geolocalizaci\u00f3n para Espa\u00f1a, Portugal, Francia, T\u00fanel Belga, B\u00e9lgica, Italia, Austria, A4 Polonia, Dinamarca, Noruega, Suiza y Alemania.","breadcrumb":{"@id":"https:\/\/www.andamur.com\/pl\/servibox\/#breadcrumb"},"inLanguage":"pl-PL","potentialAction":[{"@type":"ReadAction","target":["https:\/\/www.andamur.com\/pl\/servibox\/"]}]},{"@type":"BreadcrumbList","@id":"https:\/\/www.andamur.com\/pl\/servibox\/#breadcrumb","itemListElement":[{"@type":"ListItem","position":1,"name":"Portada","item":"https:\/\/www.andamur.com\/pl\/"},{"@type":"ListItem","position":2,"name":"ServiBOX. Jedno urz\u0105dzenie dla 12 kraj\u00f3w w Europie"}]},{"@type":"WebSite","@id":"https:\/\/www.andamur.com\/#website","url":"https:\/\/www.andamur.com\/","name":"Andamur","description":"Cada viaje importa","publisher":{"@id":"https:\/\/www.andamur.com\/#organization"},"inLanguage":"pl-PL"},{"@type":"Organization","@id":"https:\/\/www.andamur.com\/#organization","name":"Andamur","url":"https:\/\/www.andamur.com\/","logo":{"@type":"ImageObject","inLanguage":"pl-PL","@id":"https:\/\/www.andamur.com\/#\/schema\/logo\/image\/","url":"https:\/\/www.andamur.com\/wp-content\/uploads\/2024\/02\/andamurogpic.jpg","contentUrl":"https:\/\/www.andamur.com\/wp-content\/uploads\/2024\/02\/andamurogpic.jpg","width":1200,"height":630,"caption":"Andamur"},"image":{"@id":"https:\/\/www.andamur.com\/#\/schema\/logo\/image\/"},"sameAs":["https:\/\/www.facebook.com\/AndamurEurope\/","https:\/\/x.com\/andamur_es","https:\/\/www.instagram.com\/andamureurope\/","https:\/\/www.youtube.com\/channel\/UCWP1SBl8J8SjUCcWBo_Uu1w"]}]}},"_links":{"self":[{"href":"https:\/\/www.andamur.com\/pl\/wp-json\/wp\/v2\/pages\/9234","targetHints":{"allow":["GET"]}}],"collection":[{"href":"https:\/\/www.andamur.com\/pl\/wp-json\/wp\/v2\/pages"}],"about":[{"href":"https:\/\/www.andamur.com\/pl\/wp-json\/wp\/v2\/types\/page"}],"author":[{"embeddable":true,"href":"https:\/\/www.andamur.com\/pl\/wp-json\/wp\/v2\/users\/1"}],"replies":[{"embeddable":true,"href":"https:\/\/www.andamur.com\/pl\/wp-json\/wp\/v2\/comments?post=9234"}],"version-history":[{"count":0,"href":"https:\/\/www.andamur.com\/pl\/wp-json\/wp\/v2\/pages\/9234\/revisions"}],"wp:attachment":[{"href":"https:\/\/www.andamur.com\/pl\/wp-json\/wp\/v2\/media?parent=9234"}],"curies":[{"name":"wp","href":"https:\/\/api.w.org\/{rel}","templated":true}]}}