{"id":8799,"date":"2018-03-06T08:33:03","date_gmt":"2018-03-06T08:33:03","guid":{"rendered":"https:\/\/www.andamur.com\/my\/trabaja-con-nosotros\/"},"modified":"2025-06-17T09:02:43","modified_gmt":"2025-06-17T08:02:43","slug":"kariera","status":"publish","type":"page","link":"https:\/\/www.andamur.com\/pl\/o-nas\/kariera\/","title":{"rendered":"Kariera"},"content":{"rendered":"<p>[av_submenu which_menu=&#8221; menu=&#8217;39&#8217; position=&#8217;right&#8217; color=&#8217;header_color&#8217; sticky=&#8217;aviaTBsticky&#8217; mobile=&#8217;disabled&#8217; av_uid=&#8217;av-v1oa8d&#8217;]<br \/>\n[av_submenu_item title=&#8217;Con\u00f3cenos&#8217; link=&#8217;manually,https:\/\/www.andamur.com\/pl\/o-nas\/&#8217; linktarget=&#8221; button_style=&#8221; av_uid=&#8217;av-stpc99&#8242;]<br \/>\n[av_submenu_item title=&#8217;Cada viaje importa&#8217; link=&#8217;manually,https:\/\/www.andamur.com\/pl\/every-trip-matters\/&#8217; linktarget=&#8221; button_style=&#8221; av_uid=&#8217;av-r306jh&#8217;]<br \/>\n[av_submenu_item title=&#8217;RSC&#8217; link=&#8217;manually,https:\/\/www.andamur.com\/pl\/csr\/&#8217; linktarget=&#8221; button_style=&#8221; av_uid=&#8217;av-q6ozjh&#8217;]<br \/>\n[av_submenu_item title=&#8217;Innovaci\u00f3n&#8217; link=&#8217;manually,https:\/\/www.andamur.com\/pl\/innowacji\/&#8217; linktarget=&#8221; button_style=&#8221; av_uid=&#8217;av-o7nbx9&#8242;]<br \/>\n[av_submenu_item title=&#8217;Calidad&#8217; link=&#8217;manually,https:\/\/www.andamur.com\/pl\/jakosc\/&#8217; linktarget=&#8221; button_style=&#8221; av_uid=&#8217;av-mhlj99&#8242;]<br \/>\n[av_submenu_item title=&#8217;<strong>Trabaja con nosotros <\/strong>&#8216; link=&#8217;manually,https:\/\/www.andamur.com\/pl\/o-nas\/kariera\/&#8217; linktarget=&#8221; button_style=&#8221; av_uid=&#8217;av-l1vlxp&#8217;]<br \/>\n[av_submenu_item title=&#8217;Contacto&#8217; link=&#8217;manually,https:\/\/www.andamur.com\/pl\/o-nas\/kontakt\/&#8217; linktarget=&#8221; button_style=&#8221; av_uid=&#8217;av-jgl2e5&#8242;]<br \/>\n[\/av_submenu]<\/p>\n<p>[av_section min_height=&#8221; min_height_px=&#8217;500px&#8217; padding=&#8217;huge&#8217; shadow=&#8217;no-border-styling&#8217; bottom_border=&#8217;no-border-styling&#8217; bottom_border_diagonal_color=&#8217;#333333&#8242; bottom_border_diagonal_direction=&#8221; bottom_border_style=&#8221; scroll_down=&#8217;aviaTBscroll_down&#8217; id=&#8221; color=&#8217;main_color&#8217; custom_bg=&#8221; src=&#8217;https:\/\/www.andamur.com\/wp-content\/uploads\/2017\/11\/transitio06.jpg&#8217; attachment=&#8217;3606&#8242; attachment_size=&#8217;full&#8217; attach=&#8217;parallax&#8217; position=&#8217;bottom center&#8217; repeat=&#8217;stretch&#8217; video=&#8217;https:\/\/vimeo.com\/275049911&#8242; video_ratio=&#8217;16:9&#8242; overlay_opacity=&#8217;0.8&#8242; overlay_color=&#8217;#162862&#8242; overlay_pattern=&#8221; overlay_custom_pattern=&#8221; av_element_hidden_in_editor=&#8217;0&#8242; av_uid=&#8217;av-hk1uy5&#8242;]<br \/>\n[av_hr class=&#8217;invisible&#8217; height=&#8217;230&#8242; shadow=&#8217;no-shadow&#8217; position=&#8217;center&#8217; custom_border=&#8217;av-border-fat&#8217; custom_width=&#8217;50px&#8217; custom_border_color=&#8217;#ffffff&#8217; custom_margin_top=&#8217;30px&#8217; custom_margin_bottom=&#8217;30px&#8217; icon_select=&#8217;no&#8217; custom_icon_color=&#8221; icon=&#8217;ue808&#8242; font=&#8217;entypo-fontello&#8217; admin_preview_bg=&#8217;rgb(34, 34, 34)&#8217; av_uid=&#8217;av-fhpoct&#8217;]<br \/>\n[\/av_section]<\/p>\n<p>[av_section min_height=&#8221; min_height_px=&#8217;500px&#8217; padding=&#8217;default&#8217; shadow=&#8217;no-border-styling&#8217; bottom_border=&#8217;border-extra-arrow-down&#8217; bottom_border_diagonal_color=&#8217;#333333&#8242; bottom_border_diagonal_direction=&#8221; bottom_border_style=&#8221; id=&#8221; color=&#8217;alternate_color&#8217; custom_bg=&#8221; src=&#8221; attachment=&#8221; attachment_size=&#8221; attach=&#8217;scroll&#8217; position=&#8217;top left&#8217; repeat=&#8217;no-repeat&#8217; video=&#8221; video_ratio=&#8217;16:9&#8242; overlay_opacity=&#8217;0.5&#8242; overlay_color=&#8221; overlay_pattern=&#8221; overlay_custom_pattern=&#8221; av_element_hidden_in_editor=&#8217;0&#8242; av_uid=&#8217;av-ehiy7h&#8217;]<\/p>\n<p>[av_heading heading=&#8217;<strong>CZY CHCESZ DO\u0141\u0104CZY\u0106 DO ANDAMUR?<\/strong>&#8216; tag=&#8217;h1&#8242; style=&#8217;blockquote modern-quote modern-centered&#8217; subheading_active=&#8221; show_icon=&#8221; icon=&#8217;ue800&#8242; font=&#8217;entypo-fontello&#8217; size=&#8221; av-medium-font-size-title=&#8221; av-small-font-size-title=&#8221; av-mini-font-size-title=&#8221; subheading_size=&#8217;15&#8217; av-medium-font-size=&#8221; av-small-font-size=&#8221; av-mini-font-size=&#8221; icon_size=&#8221; av-medium-font-size-1=&#8221; av-small-font-size-1=&#8221; av-mini-font-size-1=&#8221; color=&#8217;custom-color-heading&#8217; custom_font=&#8217;#ffffff&#8217; subheading_color=&#8221; seperator_color=&#8221; icon_color=&#8221; margin=&#8221; margin_sync=&#8217;true&#8217; padding=&#8217;10&#8217; icon_padding=&#8217;10&#8217; link=&#8221; link_target=&#8221; id=&#8221; custom_class=&#8221; template_class=&#8221; av_uid=&#8217;av-c73wxp&#8217; sc_version=&#8217;1.0&#8242; admin_preview_bg=&#8221;][\/av_heading]<\/p>\n<p>[av_textblock size=&#8221; av-medium-font-size=&#8221; av-small-font-size=&#8221; av-mini-font-size=&#8221; font_color=&#8217;custom&#8217; color=&#8217;#ffffff&#8217; id=&#8221; custom_class=&#8221; template_class=&#8221; av_uid=&#8217;av-m2udxvht&#8217; sc_version=&#8217;1.0&#8242; admin_preview_bg=&#8221;]<\/p>\n<p style=\"text-align: center;\">W Andamur jeste\u015bmy zespo\u0142em ponad 220 profesjonalist\u00f3w zaanga\u017cowanych w doskona\u0142o\u015b\u0107 i rozw\u00f3j. Posiadamy r\u00f3\u017cne dzia\u0142y, takie jak Administracja, Handel detaliczny, Dzia\u0142 mi\u0119dzynarodowy, Sprzeda\u017c, Marketing, IT i Zasoby ludzkie, a tak\u017ce stanowiska Pracownik\/a- Sprzedawca\/czyni.<\/p>\n<p style=\"text-align: center;\">Je\u015bli szukasz miejsca, w kt\u00f3rym mo\u017cesz rozwija\u0107 si\u0119 zawodowo i do\u0142\u0105czy\u0107 do naszego zespo\u0142u, prze\u015blij nam swoje CV i do\u0142\u0105cz do naszej podr\u00f3\u017cy!<\/p>\n<p>[\/av_textblock]<\/p>\n<p>[\/av_section][av_layout_row border=&#8221; min_height_percent=&#8221; min_height=&#8217;0&#8242; color=&#8217;main_color&#8217; mobile=&#8217;av-flex-cells&#8217; id=&#8221; av_element_hidden_in_editor=&#8217;0&#8242; av_uid=&#8217;av-argrx9&#8242;]<\/p>\n<p>[av_cell_one_half vertical_align=&#8217;top&#8217; padding=&#8217;30px&#8217; padding_sync=&#8217;true&#8217; background=&#8217;bg_color&#8217; background_color=&#8221; background_gradient_color1=&#8221; background_gradient_color2=&#8221; background_gradient_direction=&#8217;vertical&#8217; src=&#8217;https:\/\/www.andamur.com\/wp-content\/uploads\/2024\/10\/trabaja-con-nosotrosok.jpg&#8217; attachment=&#8217;57208&#8242; attachment_size=&#8217;full&#8217; background_attachment=&#8217;scroll&#8217; background_position=&#8217;top left&#8217; background_repeat=&#8217;stretch&#8217; link=&#8221; linktarget=&#8221; link_hover=&#8221; mobile_display=&#8221; custom_class=&#8221; template_class=&#8221; av_uid=&#8217;av-8pgt59&#8242; sc_version=&#8217;1.0&#8242;]<\/p>\n<p>[\/av_cell_one_half][av_cell_one_half vertical_align=&#8217;top&#8217; padding=&#8217;30px&#8217; background_color=&#8221; src=&#8221; background_attachment=&#8217;scroll&#8217; background_position=&#8217;top left&#8217; background_repeat=&#8217;no-repeat&#8217; mobile_display=&#8221; av_uid=&#8217;av-6uuejx&#8217;]<\/p>\n<p>[av_one_full first min_height=&#8221; vertical_alignment=&#8221; space=&#8221; custom_margin=&#8221; margin=&#8217;0px&#8217; padding=&#8217;0px&#8217; border=&#8221; border_color=&#8221; radius=&#8217;0px&#8217; background_color=&#8221; src=&#8221; background_position=&#8217;top left&#8217; background_repeat=&#8217;no-repeat&#8217; animation=&#8221; mobile_display=&#8221; av_uid=&#8217;av-6j9y9p&#8217;]<\/p>\n<p>[av_heading heading=&#8217;Prze\u015blij nam swoje CV&#8217; tag=&#8217;h3&#8242; style=&#8217;blockquote modern-quote&#8217; subheading_active=&#8221; show_icon=&#8221; icon=&#8217;ue800&#8242; font=&#8217;entypo-fontello&#8217; size=&#8221; av-medium-font-size-title=&#8221; av-small-font-size-title=&#8221; av-mini-font-size-title=&#8221; subheading_size=&#8217;15&#8217; av-medium-font-size=&#8221; av-small-font-size=&#8221; av-mini-font-size=&#8221; icon_size=&#8221; av-medium-font-size-1=&#8221; av-small-font-size-1=&#8221; av-mini-font-size-1=&#8221; color=&#8221; custom_font=&#8221; subheading_color=&#8221; seperator_color=&#8221; icon_color=&#8221; margin=&#8221; margin_sync=&#8217;true&#8217; padding=&#8217;10&#8217; icon_padding=&#8217;10&#8217; link=&#8221; link_target=&#8221; id=&#8221; custom_class=&#8221; template_class=&#8221; av_uid=&#8217;av-46mr71&#8242; sc_version=&#8217;1.0&#8242; admin_preview_bg=&#8221;][\/av_heading]<\/p>\n<p>[av_textblock size=&#8221; av-medium-font-size=&#8221; av-small-font-size=&#8221; av-mini-font-size=&#8221; font_color=&#8221; color=&#8221; id=&#8221; custom_class=&#8221; template_class=&#8221; av_uid=&#8217;av-2n1ifx&#8217; sc_version=&#8217;1.0&#8242; admin_preview_bg=&#8221;]<br \/>\n\n<div class=\"wpcf7 no-js\" id=\"wpcf7-f9133-o1\" lang=\"es-ES\" dir=\"ltr\" data-wpcf7-id=\"9133\">\n<div class=\"screen-reader-response\"><p role=\"status\" aria-live=\"polite\" aria-atomic=\"true\"><\/p> <ul><\/ul><\/div>\n<form action=\"\/pl\/wp-json\/wp\/v2\/pages\/8799#wpcf7-f9133-o1\" method=\"post\" class=\"wpcf7-form init\" aria-label=\"Contact form\" enctype=\"multipart\/form-data\" novalidate=\"novalidate\" data-status=\"init\">\n<fieldset class=\"hidden-fields-container\"><input type=\"hidden\" name=\"_wpcf7\" value=\"9133\" \/><input type=\"hidden\" name=\"_wpcf7_version\" value=\"6.1\" \/><input type=\"hidden\" name=\"_wpcf7_locale\" value=\"es_ES\" \/><input type=\"hidden\" name=\"_wpcf7_unit_tag\" value=\"wpcf7-f9133-o1\" \/><input type=\"hidden\" name=\"_wpcf7_container_post\" value=\"0\" \/><input type=\"hidden\" name=\"_wpcf7_posted_data_hash\" value=\"\" \/>\n<\/fieldset>\n<div class=\"container_input\">\n\t<p><label>*Imi\u0119<\/label><span class=\"wpcf7-form-control-wrap\" data-name=\"nombre\"><input size=\"40\" maxlength=\"400\" class=\"wpcf7-form-control wpcf7-text wpcf7-validates-as-required\" aria-required=\"true\" aria-invalid=\"false\" value=\"\" type=\"text\" name=\"nombre\" \/><\/span>\n\t<\/p>\n<\/div>\n<div class=\"container_input\">\n\t<p><label>Nazwiska<\/label><span class=\"wpcf7-form-control-wrap\" data-name=\"apellidos\"><input size=\"40\" maxlength=\"400\" class=\"wpcf7-form-control wpcf7-text wpcf7-validates-as-required\" aria-required=\"true\" aria-invalid=\"false\" value=\"\" type=\"text\" name=\"apellidos\" \/><\/span>\n\t<\/p>\n<\/div>\n<div class=\"container_input\">\n\t<p><label>E-mail<\/label><span class=\"wpcf7-form-control-wrap\" data-name=\"correo\"><input size=\"40\" maxlength=\"400\" class=\"wpcf7-form-control wpcf7-email wpcf7-validates-as-required wpcf7-text wpcf7-validates-as-email\" aria-required=\"true\" aria-invalid=\"false\" value=\"\" type=\"email\" name=\"correo\" \/><\/span>\n\t<\/p>\n<\/div>\n<div class=\"container_input\">\n\t<p><label>Telefon<\/label><span class=\"wpcf7-form-control-wrap\" data-name=\"telefono\"><input size=\"40\" maxlength=\"400\" class=\"wpcf7-form-control wpcf7-tel wpcf7-validates-as-required wpcf7-text wpcf7-validates-as-tel\" aria-required=\"true\" aria-invalid=\"false\" value=\"\" type=\"tel\" name=\"telefono\" \/><\/span>\n\t<\/p>\n<\/div>\n<div class=\"container_input container_input_full\">\n\t<p><label>Gdzie chcia\u0142by\u015b\/chcia\u0142aby\u015b pracowa\u0107?<\/label><span class=\"wpcf7-form-control-wrap\" data-name=\"area\"><select class=\"wpcf7-form-control wpcf7-select\" aria-invalid=\"false\" name=\"area\"><option value=\"Centrala\">Centrala<\/option><option value=\"Strefa us\u0142ugowa La Junquera\">Strefa us\u0142ugowa La Junquera<\/option><option value=\"Strefa us\u0142ugowa La Junquera-Llers\">Strefa us\u0142ugowa La Junquera-Llers<\/option><option value=\"Strefa us\u0142ugowa Pamplona\">Strefa us\u0142ugowa Pamplona<\/option><option value=\"Strefa us\u0142ugowa San Rom\u00e1n\">Strefa us\u0142ugowa San Rom\u00e1n<\/option><option value=\"Strefa us\u0142ugowa Guarrom\u00e1n\">Strefa us\u0142ugowa Guarrom\u00e1n<\/option><option value=\"Strefa us\u0142ugowa El L\u00edmite\">Strefa us\u0142ugowa El L\u00edmite<\/option><option value=\"Strefa us\u0142ugowa Lorca\">Strefa us\u0142ugowa Lorca<\/option><\/select><\/span>\n\t<\/p>\n<\/div>\n<div class=\"container_input container_input_full\">\n\t<p><label>W jakim dziale chcia\u0142by\u015b\/chcia\u0142aby\u015b pracowa\u0107? (Dotyczy tylko stanowisk w Centrali)<\/label><span class=\"wpcf7-form-control-wrap\" data-name=\"area-2\"><select class=\"wpcf7-form-control wpcf7-select\" aria-invalid=\"false\" name=\"area-2\"><option value=\"\u017baden\">\u017baden<\/option><option value=\"Handlowy\">Handlowy<\/option><option value=\"Informatyka\">Informatyka<\/option><option value=\"Mi\u0119dzynarodowy\">Mi\u0119dzynarodowy<\/option><option value=\"Sprzeda\u017c detaliczna\">Sprzeda\u017c detaliczna<\/option><option value=\"Marketing\">Marketing<\/option><option value=\"Marketing\">Marketing<\/option><option value=\"Zasoby ludzkie\">Zasoby ludzkie<\/option><option value=\"Administracja\">Administracja<\/option><option value=\"Jako\u015b\u0107\">Jako\u015b\u0107<\/option><\/select><\/span>\n\t<\/p>\n<\/div>\n<div class=\"container_input container_input_full\">\n\t<p><label>Opowiedz nam o sobie<\/label><span class=\"wpcf7-form-control-wrap\" data-name=\"hablanos-de-ti\"><textarea cols=\"40\" rows=\"10\" maxlength=\"2000\" class=\"wpcf7-form-control wpcf7-textarea wpcf7-validates-as-required\" aria-required=\"true\" aria-invalid=\"false\" name=\"hablanos-de-ti\"><\/textarea><\/span>\n\t<\/p>\n<\/div>\n<div class=\"container_input container_input_full\">\n\t<p><label>Do\u0142\u0105cz CV <\/label><span class=\"wpcf7-form-control-wrap\" data-name=\"curriculum\"><input size=\"40\" class=\"wpcf7-form-control wpcf7-file\" accept=\".pdf\" aria-invalid=\"false\" type=\"file\" name=\"curriculum\" \/><\/span><br \/>\n<small>(format pdf, maks. 1MB)<\/small>\n\t<\/p>\n<\/div>\n<div class=\"acceptance\">\n\t<p><span class=\"wpcf7-form-control-wrap\" data-name=\"aceptacion\"><span class=\"wpcf7-form-control wpcf7-acceptance\"><span class=\"wpcf7-list-item\"><label><input type=\"checkbox\" name=\"aceptacion\" value=\"1\" aria-invalid=\"false\" \/><span class=\"wpcf7-list-item-label\">Akceptuj\u0119 <a href=\"https:\/\/www.andamur.com\/pl\/polityka-prywatnosci\/\" target=\"_blank\">polityk\u0119 prywatno\u015bci<\/span><\/label><\/span><\/span><\/span>\n\t<\/p>\n<\/div>\n<div class=\"container_button\">\n<input class=\"wpcf7-form-control wpcf7-hidden\" value=\"\" type=\"hidden\" name=\"ecoded_vs_bots\" \/>\n\t<p><input class=\"wpcf7-form-control wpcf7-submit has-spinner\" type=\"submit\" value=\"wy\u015blij\" \/>\n\t<\/p>\n<\/div><div class=\"wpcf7-response-output\" aria-hidden=\"true\"><\/div>\n<\/form>\n<\/div>\n<br \/>\n[\/av_textblock]<\/p>\n<p>[\/av_one_full][\/av_cell_one_half][\/av_layout_row]<\/p>\n","protected":false},"excerpt":{"rendered":"<p>[av_submenu which_menu=&#8221; menu=&#8217;39&#8217; position=&#8217;right&#8217; color=&#8217;header_color&#8217; sticky=&#8217;aviaTBsticky&#8217; mobile=&#8217;disabled&#8217; av_uid=&#8217;av-v1oa8d&#8217;] [av_submenu_item title=&#8217;Con\u00f3cenos&#8217; link=&#8217;manually,https:\/\/www.andamur.com\/pl\/o-nas\/&#8217; linktarget=&#8221; button_style=&#8221; av_uid=&#8217;av-stpc99&#8242;] [av_submenu_item title=&#8217;Cada viaje importa&#8217; link=&#8217;manually,https:\/\/www.andamur.com\/pl\/every-trip-matters\/&#8217; linktarget=&#8221; button_style=&#8221; av_uid=&#8217;av-r306jh&#8217;] [av_submenu_item title=&#8217;RSC&#8217; link=&#8217;manually,https:\/\/www.andamur.com\/pl\/csr\/&#8217; linktarget=&#8221; button_style=&#8221; av_uid=&#8217;av-q6ozjh&#8217;] [av_submenu_item title=&#8217;Innovaci\u00f3n&#8217; link=&#8217;manually,https:\/\/www.andamur.com\/pl\/innowacji\/&#8217; linktarget=&#8221; button_style=&#8221; av_uid=&#8217;av-o7nbx9&#8242;] [av_submenu_item title=&#8217;Calidad&#8217; link=&#8217;manually,https:\/\/www.andamur.com\/pl\/jakosc\/&#8217; linktarget=&#8221; button_style=&#8221; av_uid=&#8217;av-mhlj99&#8242;] [av_submenu_item title=&#8217;Trabaja con nosotros &#8216; link=&#8217;manually,https:\/\/www.andamur.com\/pl\/o-nas\/kariera\/&#8217; linktarget=&#8221; button_style=&#8221; av_uid=&#8217;av-l1vlxp&#8217;] [av_submenu_item title=&#8217;Contacto&#8217; link=&#8217;manually,https:\/\/www.andamur.com\/pl\/o-nas\/kontakt\/&#8217; linktarget=&#8221; button_style=&#8221; av_uid=&#8217;av-jgl2e5&#8242;] [&hellip;]<\/p>\n","protected":false},"author":1,"featured_media":0,"parent":8781,"menu_order":0,"comment_status":"closed","ping_status":"closed","template":"page-templates\/custom_15.php","meta":{"_acf_changed":false,"footnotes":""},"class_list":["post-8799","page","type-page","status-publish","hentry"],"acf":[],"yoast_head":"<!-- This site is optimized with the Yoast SEO plugin v25.4 - https:\/\/yoast.com\/wordpress\/plugins\/seo\/ -->\n<title>Kariera - Andamur<\/title>\n<meta name=\"robots\" content=\"index, follow, max-snippet:-1, max-image-preview:large, max-video-preview:-1\" \/>\n<link rel=\"canonical\" href=\"https:\/\/www.andamur.com\/pl\/o-nas\/kariera\/\" \/>\n<meta property=\"og:locale\" content=\"pl_PL\" \/>\n<meta property=\"og:type\" content=\"article\" \/>\n<meta property=\"og:title\" content=\"Kariera - Andamur\" \/>\n<meta property=\"og:description\" content=\"[av_submenu which_menu=&#8221; menu=&#8217;39&#8217; position=&#8217;right&#8217; color=&#8217;header_color&#8217; sticky=&#8217;aviaTBsticky&#8217; mobile=&#8217;disabled&#8217; av_uid=&#8217;av-v1oa8d&#8217;] [av_submenu_item title=&#8217;Con\u00f3cenos&#8217; link=&#8217;manually,https:\/\/www.andamur.com\/pl\/o-nas\/&#8217; linktarget=&#8221; button_style=&#8221; av_uid=&#8217;av-stpc99&#8242;] [av_submenu_item title=&#8217;Cada viaje importa&#8217; link=&#8217;manually,https:\/\/www.andamur.com\/pl\/every-trip-matters\/&#8217; linktarget=&#8221; button_style=&#8221; av_uid=&#8217;av-r306jh&#8217;] [av_submenu_item title=&#8217;RSC&#8217; link=&#8217;manually,https:\/\/www.andamur.com\/pl\/csr\/&#8217; linktarget=&#8221; button_style=&#8221; av_uid=&#8217;av-q6ozjh&#8217;] [av_submenu_item title=&#8217;Innovaci\u00f3n&#8217; link=&#8217;manually,https:\/\/www.andamur.com\/pl\/innowacji\/&#8217; linktarget=&#8221; button_style=&#8221; av_uid=&#8217;av-o7nbx9&#8242;] [av_submenu_item title=&#8217;Calidad&#8217; link=&#8217;manually,https:\/\/www.andamur.com\/pl\/jakosc\/&#8217; linktarget=&#8221; button_style=&#8221; av_uid=&#8217;av-mhlj99&#8242;] [av_submenu_item title=&#8217;Trabaja con nosotros &#8216; link=&#8217;manually,https:\/\/www.andamur.com\/pl\/o-nas\/kariera\/&#8217; linktarget=&#8221; button_style=&#8221; av_uid=&#8217;av-l1vlxp&#8217;] [av_submenu_item title=&#8217;Contacto&#8217; link=&#8217;manually,https:\/\/www.andamur.com\/pl\/o-nas\/kontakt\/&#8217; linktarget=&#8221; button_style=&#8221; av_uid=&#8217;av-jgl2e5&#8242;] [&hellip;]\" \/>\n<meta property=\"og:url\" content=\"https:\/\/www.andamur.com\/pl\/o-nas\/kariera\/\" \/>\n<meta property=\"og:site_name\" content=\"Andamur\" \/>\n<meta property=\"article:publisher\" content=\"https:\/\/www.facebook.com\/AndamurEurope\/\" \/>\n<meta property=\"article:modified_time\" content=\"2025-06-17T08:02:43+00:00\" \/>\n<meta property=\"og:image\" content=\"https:\/\/www.andamur.com\/wp-content\/uploads\/2024\/02\/andamurogpic.jpg\" \/>\n\t<meta property=\"og:image:width\" content=\"1200\" \/>\n\t<meta property=\"og:image:height\" content=\"630\" \/>\n\t<meta property=\"og:image:type\" content=\"image\/jpeg\" \/>\n<meta name=\"twitter:card\" content=\"summary_large_image\" \/>\n<meta name=\"twitter:site\" content=\"@andamur_es\" \/>\n<script type=\"application\/ld+json\" class=\"yoast-schema-graph\">{\"@context\":\"https:\/\/schema.org\",\"@graph\":[{\"@type\":\"WebPage\",\"@id\":\"https:\/\/www.andamur.com\/pl\/o-nas\/kariera\/\",\"url\":\"https:\/\/www.andamur.com\/pl\/o-nas\/kariera\/\",\"name\":\"Kariera - Andamur\",\"isPartOf\":{\"@id\":\"https:\/\/www.andamur.com\/#website\"},\"datePublished\":\"2018-03-06T08:33:03+00:00\",\"dateModified\":\"2025-06-17T08:02:43+00:00\",\"breadcrumb\":{\"@id\":\"https:\/\/www.andamur.com\/pl\/o-nas\/kariera\/#breadcrumb\"},\"inLanguage\":\"pl-PL\",\"potentialAction\":[{\"@type\":\"ReadAction\",\"target\":[\"https:\/\/www.andamur.com\/pl\/o-nas\/kariera\/\"]}]},{\"@type\":\"BreadcrumbList\",\"@id\":\"https:\/\/www.andamur.com\/pl\/o-nas\/kariera\/#breadcrumb\",\"itemListElement\":[{\"@type\":\"ListItem\",\"position\":1,\"name\":\"Portada\",\"item\":\"https:\/\/www.andamur.com\/pl\/\"},{\"@type\":\"ListItem\",\"position\":2,\"name\":\"O Nas\",\"item\":\"https:\/\/www.andamur.com\/pl\/o-nas\/\"},{\"@type\":\"ListItem\",\"position\":3,\"name\":\"Kariera\"}]},{\"@type\":\"WebSite\",\"@id\":\"https:\/\/www.andamur.com\/#website\",\"url\":\"https:\/\/www.andamur.com\/\",\"name\":\"Andamur\",\"description\":\"Cada viaje importa\",\"publisher\":{\"@id\":\"https:\/\/www.andamur.com\/#organization\"},\"inLanguage\":\"pl-PL\"},{\"@type\":\"Organization\",\"@id\":\"https:\/\/www.andamur.com\/#organization\",\"name\":\"Andamur\",\"url\":\"https:\/\/www.andamur.com\/\",\"logo\":{\"@type\":\"ImageObject\",\"inLanguage\":\"pl-PL\",\"@id\":\"https:\/\/www.andamur.com\/#\/schema\/logo\/image\/\",\"url\":\"https:\/\/www.andamur.com\/wp-content\/uploads\/2024\/02\/andamurogpic.jpg\",\"contentUrl\":\"https:\/\/www.andamur.com\/wp-content\/uploads\/2024\/02\/andamurogpic.jpg\",\"width\":1200,\"height\":630,\"caption\":\"Andamur\"},\"image\":{\"@id\":\"https:\/\/www.andamur.com\/#\/schema\/logo\/image\/\"},\"sameAs\":[\"https:\/\/www.facebook.com\/AndamurEurope\/\",\"https:\/\/x.com\/andamur_es\",\"https:\/\/www.instagram.com\/andamureurope\/\",\"https:\/\/www.youtube.com\/channel\/UCWP1SBl8J8SjUCcWBo_Uu1w\"]}]}<\/script>\n<!-- \/ Yoast SEO plugin. -->","yoast_head_json":{"title":"Kariera - Andamur","robots":{"index":"index","follow":"follow","max-snippet":"max-snippet:-1","max-image-preview":"max-image-preview:large","max-video-preview":"max-video-preview:-1"},"canonical":"https:\/\/www.andamur.com\/pl\/o-nas\/kariera\/","og_locale":"pl_PL","og_type":"article","og_title":"Kariera - Andamur","og_description":"[av_submenu which_menu=&#8221; menu=&#8217;39&#8217; position=&#8217;right&#8217; color=&#8217;header_color&#8217; sticky=&#8217;aviaTBsticky&#8217; mobile=&#8217;disabled&#8217; av_uid=&#8217;av-v1oa8d&#8217;] [av_submenu_item title=&#8217;Con\u00f3cenos&#8217; link=&#8217;manually,https:\/\/www.andamur.com\/pl\/o-nas\/&#8217; linktarget=&#8221; button_style=&#8221; av_uid=&#8217;av-stpc99&#8242;] [av_submenu_item title=&#8217;Cada viaje importa&#8217; link=&#8217;manually,https:\/\/www.andamur.com\/pl\/every-trip-matters\/&#8217; linktarget=&#8221; button_style=&#8221; av_uid=&#8217;av-r306jh&#8217;] [av_submenu_item title=&#8217;RSC&#8217; link=&#8217;manually,https:\/\/www.andamur.com\/pl\/csr\/&#8217; linktarget=&#8221; button_style=&#8221; av_uid=&#8217;av-q6ozjh&#8217;] [av_submenu_item title=&#8217;Innovaci\u00f3n&#8217; link=&#8217;manually,https:\/\/www.andamur.com\/pl\/innowacji\/&#8217; linktarget=&#8221; button_style=&#8221; av_uid=&#8217;av-o7nbx9&#8242;] [av_submenu_item title=&#8217;Calidad&#8217; link=&#8217;manually,https:\/\/www.andamur.com\/pl\/jakosc\/&#8217; linktarget=&#8221; button_style=&#8221; av_uid=&#8217;av-mhlj99&#8242;] [av_submenu_item title=&#8217;Trabaja con nosotros &#8216; link=&#8217;manually,https:\/\/www.andamur.com\/pl\/o-nas\/kariera\/&#8217; linktarget=&#8221; button_style=&#8221; av_uid=&#8217;av-l1vlxp&#8217;] [av_submenu_item title=&#8217;Contacto&#8217; link=&#8217;manually,https:\/\/www.andamur.com\/pl\/o-nas\/kontakt\/&#8217; linktarget=&#8221; button_style=&#8221; av_uid=&#8217;av-jgl2e5&#8242;] [&hellip;]","og_url":"https:\/\/www.andamur.com\/pl\/o-nas\/kariera\/","og_site_name":"Andamur","article_publisher":"https:\/\/www.facebook.com\/AndamurEurope\/","article_modified_time":"2025-06-17T08:02:43+00:00","og_image":[{"width":1200,"height":630,"url":"https:\/\/www.andamur.com\/wp-content\/uploads\/2024\/02\/andamurogpic.jpg","type":"image\/jpeg"}],"twitter_card":"summary_large_image","twitter_site":"@andamur_es","schema":{"@context":"https:\/\/schema.org","@graph":[{"@type":"WebPage","@id":"https:\/\/www.andamur.com\/pl\/o-nas\/kariera\/","url":"https:\/\/www.andamur.com\/pl\/o-nas\/kariera\/","name":"Kariera - Andamur","isPartOf":{"@id":"https:\/\/www.andamur.com\/#website"},"datePublished":"2018-03-06T08:33:03+00:00","dateModified":"2025-06-17T08:02:43+00:00","breadcrumb":{"@id":"https:\/\/www.andamur.com\/pl\/o-nas\/kariera\/#breadcrumb"},"inLanguage":"pl-PL","potentialAction":[{"@type":"ReadAction","target":["https:\/\/www.andamur.com\/pl\/o-nas\/kariera\/"]}]},{"@type":"BreadcrumbList","@id":"https:\/\/www.andamur.com\/pl\/o-nas\/kariera\/#breadcrumb","itemListElement":[{"@type":"ListItem","position":1,"name":"Portada","item":"https:\/\/www.andamur.com\/pl\/"},{"@type":"ListItem","position":2,"name":"O Nas","item":"https:\/\/www.andamur.com\/pl\/o-nas\/"},{"@type":"ListItem","position":3,"name":"Kariera"}]},{"@type":"WebSite","@id":"https:\/\/www.andamur.com\/#website","url":"https:\/\/www.andamur.com\/","name":"Andamur","description":"Cada viaje importa","publisher":{"@id":"https:\/\/www.andamur.com\/#organization"},"inLanguage":"pl-PL"},{"@type":"Organization","@id":"https:\/\/www.andamur.com\/#organization","name":"Andamur","url":"https:\/\/www.andamur.com\/","logo":{"@type":"ImageObject","inLanguage":"pl-PL","@id":"https:\/\/www.andamur.com\/#\/schema\/logo\/image\/","url":"https:\/\/www.andamur.com\/wp-content\/uploads\/2024\/02\/andamurogpic.jpg","contentUrl":"https:\/\/www.andamur.com\/wp-content\/uploads\/2024\/02\/andamurogpic.jpg","width":1200,"height":630,"caption":"Andamur"},"image":{"@id":"https:\/\/www.andamur.com\/#\/schema\/logo\/image\/"},"sameAs":["https:\/\/www.facebook.com\/AndamurEurope\/","https:\/\/x.com\/andamur_es","https:\/\/www.instagram.com\/andamureurope\/","https:\/\/www.youtube.com\/channel\/UCWP1SBl8J8SjUCcWBo_Uu1w"]}]}},"_links":{"self":[{"href":"https:\/\/www.andamur.com\/pl\/wp-json\/wp\/v2\/pages\/8799","targetHints":{"allow":["GET"]}}],"collection":[{"href":"https:\/\/www.andamur.com\/pl\/wp-json\/wp\/v2\/pages"}],"about":[{"href":"https:\/\/www.andamur.com\/pl\/wp-json\/wp\/v2\/types\/page"}],"author":[{"embeddable":true,"href":"https:\/\/www.andamur.com\/pl\/wp-json\/wp\/v2\/users\/1"}],"replies":[{"embeddable":true,"href":"https:\/\/www.andamur.com\/pl\/wp-json\/wp\/v2\/comments?post=8799"}],"version-history":[{"count":0,"href":"https:\/\/www.andamur.com\/pl\/wp-json\/wp\/v2\/pages\/8799\/revisions"}],"up":[{"embeddable":true,"href":"https:\/\/www.andamur.com\/pl\/wp-json\/wp\/v2\/pages\/8781"}],"wp:attachment":[{"href":"https:\/\/www.andamur.com\/pl\/wp-json\/wp\/v2\/media?parent=8799"}],"curies":[{"name":"wp","href":"https:\/\/api.w.org\/{rel}","templated":true}]}}