{"id":56070,"date":"2024-10-10T11:02:49","date_gmt":"2024-10-10T10:02:49","guid":{"rendered":"https:\/\/www.andamur.com\/?page_id=56070"},"modified":"2025-09-09T11:46:09","modified_gmt":"2025-09-09T10:46:09","slug":"centro-de-recursos-andamur-connect","status":"publish","type":"page","link":"https:\/\/www.andamur.com\/pl\/centro-de-recursos-andamur-connect\/","title":{"rendered":"Centrum zasob\u00f3w Andamur Connect"},"content":{"rendered":"<p>[av_section min_height=&#8221; min_height_pc=&#8217;25&#8217; min_height_px=&#8217;500px&#8217; padding=&#8217;large&#8217; custom_margin=&#8217;0px&#8217; custom_margin_sync=&#8217;true&#8217; svg_div_top=&#8221; svg_div_top_color=&#8217;#333333&#8242; svg_div_top_width=&#8217;100&#8242; svg_div_top_height=&#8217;50&#8217; svg_div_top_max_height=&#8217;none&#8217; svg_div_top_opacity=&#8221; svg_div_bottom=&#8221; svg_div_bottom_color=&#8217;#333333&#8242; svg_div_bottom_width=&#8217;100&#8242; svg_div_bottom_height=&#8217;50&#8217; svg_div_bottom_max_height=&#8217;none&#8217; svg_div_bottom_opacity=&#8221; color=&#8217;main_color&#8217; background=&#8217;bg_color&#8217; custom_bg=&#8221; background_gradient_direction=&#8217;vertical&#8217; background_gradient_color1=&#8217;#000000&#8242; background_gradient_color2=&#8217;#ffffff&#8217; background_gradient_color3=&#8221; src=&#8217;https:\/\/www.andamur.com\/wp-content\/uploads\/2022\/08\/ANDAMUR-CONNECT-bg.jpg&#8217; attachment=&#8217;33536&#8242; attachment_size=&#8217;full&#8217; attach=&#8217;scroll&#8217; position=&#8217;center center&#8217; repeat=&#8217;stretch&#8217; video=&#8221; video_ratio=&#8217;16:9&#8242; overlay_opacity=&#8217;0.5&#8242; overlay_color=&#8221; overlay_pattern=&#8221; overlay_custom_pattern=&#8221; shadow=&#8217;no-border-styling&#8217; bottom_border=&#8217;no-border-styling&#8217; bottom_border_diagonal_color=&#8217;#333333&#8242; bottom_border_diagonal_direction=&#8221; bottom_border_style=&#8221; custom_arrow_bg=&#8221; id=&#8221; custom_class=&#8221; template_class=&#8221; aria_label=&#8221; av_element_hidden_in_editor=&#8217;0&#8242; av_uid=&#8217;av-lvdom50p&#8217; sc_version=&#8217;1.0&#8242;]<br \/>\n[av_one_full first min_height=&#8221; vertical_alignment=&#8217;av-align-top&#8217; space=&#8221; row_boxshadow=&#8221; row_boxshadow_color=&#8221; row_boxshadow_width=&#8217;10&#8217; custom_margin=&#8221; margin=&#8217;0px&#8217; mobile_breaking=&#8221; min_col_height=&#8221; padding=&#8221; svg_div_top=&#8221; svg_div_top_color=&#8217;#333333&#8242; svg_div_top_width=&#8217;100&#8242; svg_div_top_height=&#8217;50&#8217; svg_div_top_max_height=&#8217;none&#8217; svg_div_top_flip=&#8221; svg_div_top_invert=&#8221; svg_div_top_front=&#8221; svg_div_top_opacity=&#8221; svg_div_top_preview=&#8221; svg_div_bottom=&#8221; svg_div_bottom_color=&#8217;#333333&#8242; svg_div_bottom_width=&#8217;100&#8242; svg_div_bottom_height=&#8217;50&#8217; svg_div_bottom_max_height=&#8217;none&#8217; svg_div_bottom_flip=&#8221; svg_div_bottom_invert=&#8221; svg_div_bottom_front=&#8221; svg_div_bottom_opacity=&#8221; svg_div_bottom_preview=&#8221; border=&#8221; border_style=&#8217;solid&#8217; border_color=&#8221; radius=&#8221; column_boxshadow=&#8221; column_boxshadow_color=&#8221; column_boxshadow_width=&#8217;10&#8217; background=&#8217;bg_color&#8217; background_color=&#8221; background_gradient_direction=&#8217;vertical&#8217; background_gradient_color1=&#8217;#000000&#8242; background_gradient_color2=&#8217;#ffffff&#8217; background_gradient_color3=&#8221; src=&#8221; background_position=&#8217;top left&#8217; background_repeat=&#8217;no-repeat&#8217; highlight=&#8221; highlight_size=&#8221; animation=&#8221; link=&#8221; linktarget=&#8221; link_hover=&#8221; title_attr=&#8221; alt_attr=&#8221; mobile_display=&#8221; id=&#8221; custom_class=&#8221; template_class=&#8221; aria_label=&#8221; av_uid=&#8217;av-4amf6a1&#8242; sc_version=&#8217;1.0&#8242;]<\/p>\n<p>[av_image src=&#8217;https:\/\/www.andamur.com\/wp-content\/uploads\/2021\/05\/ANDAMUR-CONNECT-BANNER-logo.png&#8217; attachment=&#8217;20049&#8242; attachment_size=&#8217;full&#8217; copyright=&#8221; caption=&#8221; styling=&#8221; align=&#8217;center&#8217; font_size=&#8221; overlay_opacity=&#8217;0.4&#8242; overlay_color=&#8217;#000000&#8242; overlay_text_color=&#8217;#ffffff&#8217; animation=&#8217;fade-in&#8217; hover=&#8221; appearance=&#8221; link=&#8221; target=&#8221; title_attr=&#8221; alt_attr=&#8221; lazy_loading=&#8217;disabled&#8217; id=&#8221; custom_class=&#8221; template_class=&#8221; av_element_hidden_in_editor=&#8217;0&#8242; av_uid=&#8217;av-lwuh5oyq&#8217; sc_version=&#8217;1.0&#8242; admin_preview_bg=&#8221;][\/av_image]<\/p>\n<p>[av_hr class=&#8217;invisible&#8217; icon_select=&#8217;yes&#8217; icon=&#8217;ue808&#8242; font=&#8217;entypo-fontello&#8217; position=&#8217;center&#8217; shadow=&#8217;no-shadow&#8217; height=&#8217;50&#8217; custom_border=&#8217;av-border-thin&#8217; custom_width=&#8217;50px&#8217; custom_margin_top=&#8217;30px&#8217; custom_margin_bottom=&#8217;30px&#8217; custom_border_color=&#8221; custom_icon_color=&#8221; id=&#8221; custom_class=&#8221; template_class=&#8221; av_uid=&#8217;av-lx38gt2m&#8217; sc_version=&#8217;1.0&#8242; admin_preview_bg=&#8221;]<\/p>\n<p>[av_heading heading=&#8217;Centrum zasob\u00f3w Andamur Connect&#8217; tag=&#8217;h1&#8242; style=&#8217;blockquote modern-quote modern-centered&#8217; subheading_active=&#8217;subheading_below&#8217; show_icon=&#8221; icon=&#8217;ue800&#8242; font=&#8217;entypo-fontello&#8217; size=&#8217;40&#8217; av-medium-font-size-title=&#8221; av-small-font-size-title=&#8221; av-mini-font-size-title=&#8221; subheading_size=&#8217;18&#8217; av-medium-font-size=&#8221; av-small-font-size=&#8221; av-mini-font-size=&#8221; icon_size=&#8221; av-medium-font-size-1=&#8221; av-small-font-size-1=&#8221; av-mini-font-size-1=&#8221; color=&#8217;custom-color-heading&#8217; custom_font=&#8217;#ffffff&#8217; subheading_color=&#8221; seperator_color=&#8221; icon_color=&#8221; margin=&#8221; margin_sync=&#8217;true&#8217; padding=&#8217;10&#8217; icon_padding=&#8217;10&#8217; link=&#8221; link_target=&#8221; id=&#8221; custom_class=&#8221; template_class=&#8221; av_uid=&#8217;av-lvdoocrz&#8217; sc_version=&#8217;1.0&#8242; admin_preview_bg=&#8221;]<br \/>\nUdost\u0119pniamy te podr\u0119czniki, aby Twoje zapytania w Andamur Connect by\u0142y szybkie i proste<br \/>\n[\/av_heading]<\/p>\n<p>[\/av_one_full]<br \/>\n[\/av_section]<\/p>\n<p>[av_section min_height=&#8221; min_height_pc=&#8217;25&#8217; min_height_px=&#8217;500px&#8217; padding=&#8217;default&#8217; margin=&#8221; custom_margin=&#8217;0px&#8217; svg_div_top=&#8221; svg_div_top_color=&#8217;#333333&#8242; svg_div_top_width=&#8217;100&#8242; svg_div_top_height=&#8217;50&#8217; svg_div_top_max_height=&#8217;none&#8217; svg_div_top_flip=&#8221; svg_div_top_invert=&#8221; svg_div_top_front=&#8221; svg_div_top_opacity=&#8221; svg_div_top_preview=&#8221; svg_div_bottom=&#8221; svg_div_bottom_color=&#8217;#333333&#8242; svg_div_bottom_width=&#8217;100&#8242; svg_div_bottom_height=&#8217;50&#8217; svg_div_bottom_max_height=&#8217;none&#8217; svg_div_bottom_flip=&#8221; svg_div_bottom_invert=&#8221; svg_div_bottom_front=&#8221; svg_div_bottom_opacity=&#8221; svg_div_bottom_preview=&#8221; color=&#8217;main_color&#8217; background=&#8217;bg_color&#8217; custom_bg=&#8221; background_gradient_direction=&#8217;vertical&#8217; background_gradient_color1=&#8217;#000000&#8242; background_gradient_color2=&#8217;#ffffff&#8217; background_gradient_color3=&#8221; src=&#8221; attach=&#8217;scroll&#8217; position=&#8217;top left&#8217; repeat=&#8217;no-repeat&#8217; video=&#8221; video_ratio=&#8217;16:9&#8242; video_mobile_disabled=&#8221; overlay_enable=&#8221; overlay_opacity=&#8217;0.5&#8242; overlay_color=&#8221; overlay_pattern=&#8221; overlay_custom_pattern=&#8221; shadow=&#8217;no-border-styling&#8217; bottom_border=&#8217;no-border-styling&#8217; bottom_border_diagonal_color=&#8217;#333333&#8242; bottom_border_diagonal_direction=&#8221; bottom_border_style=&#8221; scroll_down=&#8221; custom_arrow_bg=&#8221; av-desktop-hide=&#8221; av-medium-hide=&#8221; av-small-hide=&#8221; av-mini-hide=&#8221; id=&#8221; custom_class=&#8221; template_class=&#8221; aria_label=&#8221; av_element_hidden_in_editor=&#8217;0&#8242; av_uid=&#8217;av-3rmc47d&#8217; sc_version=&#8217;1.0&#8242;]<\/p>\n<p>[av_toggle_container faq_markup=&#8221; initial=&#8217;0&#8242; mode=&#8217;accordion&#8217; sort=&#8221; styling=&#8221; colors=&#8221; font_color=&#8221; background_color=&#8221; border_color=&#8221; colors_current=&#8221; font_color_current=&#8221; background_current=&#8221; background_color_current=&#8221; background_gradient_current_direction=&#8217;vertical&#8217; background_gradient_current_color1=&#8217;#000000&#8242; background_gradient_current_color2=&#8217;#ffffff&#8217; background_gradient_current_color3=&#8221; hover_colors=&#8221; hover_font_color=&#8221; hover_background_color=&#8221; hover_toggle_icon_color=&#8221; alb_description=&#8221; id=&#8221; custom_class=&#8221; template_class=&#8221; av_uid=&#8217;av-lvdp1x8r&#8217; sc_version=&#8217;1.0&#8242;]<br \/>\n[av_toggle title=&#8217;Jak pobra\u0107 faktury w Andamur Connect?&#8217; tags=&#8221; custom_id=&#8221; av_uid=&#8217;av-lvdpcp1f&#8217; sc_version=&#8217;1.0&#8242;]<\/p>\n<h6>W tym podr\u0119czniku znajdziesz bardzo prosty krok po kroku do pobrania swoich faktur z Andamur Connect. Prosty i natychmiastowy spos\u00f3b na efektywne zarz\u0105dzanie swoj\u0105 dokumentacj\u0105.<\/h6>\n<p>[av_button label=&#8217;Zobacz samouczek&#8217; icon_select=&#8217;no&#8217; icon=&#8217;ue800&#8242; font=&#8217;entypo-fontello&#8217; link=&#8217;manually,https:\/\/www.andamur.com\/pl\/instrukcja-pobierania-faktur\/&#8217; link_target=&#8221; size=&#8217;medium&#8217; position=&#8217;center&#8217; label_display=&#8221; title_attr=&#8221; color_options=&#8221; color=&#8217;theme-color&#8217; custom_bg=&#8217;#444444&#8242; custom_font=&#8217;#ffffff&#8217; btn_color_bg=&#8217;theme-color&#8217; btn_custom_grad_direction=&#8217;vertical&#8217; btn_custom_grad_1=&#8217;#000000&#8242; btn_custom_grad_2=&#8217;#ffffff&#8217; btn_custom_grad_3=&#8221; btn_custom_grad_opacity=&#8217;0.7&#8242; btn_custom_bg=&#8217;#444444&#8242; btn_color_bg_hover=&#8217;theme-color-highlight&#8217; btn_custom_bg_hover=&#8217;#444444&#8242; btn_color_font=&#8217;theme-color&#8217; btn_custom_font=&#8217;#ffffff&#8217; btn_color_font_hover=&#8217;white&#8217; btn_custom_font_hover=&#8217;#ffffff&#8217; border=&#8221; border_width=&#8221; border_width_sync=&#8217;true&#8217; border_color=&#8221; border_radius=&#8221; border_radius_sync=&#8217;true&#8217; box_shadow=&#8221; box_shadow_style=&#8217;0px,0px,0px,0px&#8217; box_shadow_color=&#8221; hover_opacity=&#8221; sonar_effect_effect=&#8221; sonar_effect_color=&#8221; sonar_effect_duration=&#8217;1&#8242; sonar_effect_scale=&#8221; sonar_effect_opac=&#8217;0.5&#8242; id=&#8221; custom_class=&#8221; template_class=&#8221; av_uid=&#8217;av-3huvxt5&#8242; sc_version=&#8217;1.0&#8242; admin_preview_bg=&#8221;]<br \/>\n[\/av_toggle]<br \/>\n[av_toggle title=&#8217;Jak sprawdzi\u0107 i zmieni\u0107 PIN w kartach paliwowych?&#8217; tags=&#8221; custom_id=&#8221; av_uid=&#8217;av-lwt8xlin&#8217; sc_version=&#8217;1.0&#8242;]<\/p>\n<h6>W tym podr\u0119czniku znajdziesz niezb\u0119dne wytyczne, aby sprawdzi\u0107 i zmodyfikowa\u0107 PIN swojej karty paliwowej.<\/h6>\n<p>[av_button label=&#8217;Zobacz samouczek&#8217; icon_select=&#8217;no&#8217; icon=&#8217;ue800&#8242; font=&#8217;entypo-fontello&#8217; link=&#8217;manually,https:\/\/www.andamur.com\/pl\/instrukcje-obslugi-i-zmiana-numeru-pin-karty-paliwowej\/&#8217; link_target=&#8221; size=&#8217;medium&#8217; position=&#8217;center&#8217; label_display=&#8221; title_attr=&#8221; color_options=&#8221; color=&#8217;theme-color&#8217; custom_bg=&#8217;#444444&#8242; custom_font=&#8217;#ffffff&#8217; btn_color_bg=&#8217;theme-color&#8217; btn_custom_grad_direction=&#8217;vertical&#8217; btn_custom_grad_1=&#8217;#000000&#8242; btn_custom_grad_2=&#8217;#ffffff&#8217; btn_custom_grad_3=&#8221; btn_custom_grad_opacity=&#8217;0.7&#8242; btn_custom_bg=&#8217;#444444&#8242; btn_color_bg_hover=&#8217;theme-color-highlight&#8217; btn_custom_bg_hover=&#8217;#444444&#8242; btn_color_font=&#8217;theme-color&#8217; btn_custom_font=&#8217;#ffffff&#8217; btn_color_font_hover=&#8217;white&#8217; btn_custom_font_hover=&#8217;#ffffff&#8217; border=&#8221; border_width=&#8221; border_width_sync=&#8217;true&#8217; border_color=&#8221; border_radius=&#8221; border_radius_sync=&#8217;true&#8217; box_shadow=&#8221; box_shadow_style=&#8217;0px,0px,0px,0px&#8217; box_shadow_color=&#8221; hover_opacity=&#8221; sonar_effect_effect=&#8221; sonar_effect_color=&#8221; sonar_effect_duration=&#8217;1&#8242; sonar_effect_scale=&#8221; sonar_effect_opac=&#8217;0.5&#8242; id=&#8221; custom_class=&#8221; template_class=&#8221; av_uid=&#8217;av-3huvxt5&#8242; sc_version=&#8217;1.0&#8242; admin_preview_bg=&#8221;]<br \/>\n[\/av_toggle]<br \/>\n[av_toggle title=&#8217;Jak zmodyfikowa\u0107 limity moich kart paliwowych?&#8217; tags=&#8221; custom_id=&#8221; av_uid=&#8217;av-lwt8xlin&#8217; sc_version=&#8217;1.0&#8242;]<\/p>\n<h6>W tym podr\u0119czniku znajdziesz niezb\u0119dne wytyczne, aby zmodyfikowa\u0107 limity swoich kart paliwowych.<\/h6>\n<p>[av_button label=&#8217;Zobacz samouczek&#8217; icon_select=&#8217;no&#8217; icon=&#8217;ue800&#8242; font=&#8217;entypo-fontello&#8217; link=&#8217;manually,https:\/\/www.andamur.com\/pl\/modyfikacja-limitu-kart-paliwowych\/&#8217; link_target=&#8221; size=&#8217;medium&#8217; position=&#8217;center&#8217; label_display=&#8221; title_attr=&#8221; color_options=&#8221; color=&#8217;theme-color&#8217; custom_bg=&#8217;#444444&#8242; custom_font=&#8217;#ffffff&#8217; btn_color_bg=&#8217;theme-color&#8217; btn_custom_grad_direction=&#8217;vertical&#8217; btn_custom_grad_1=&#8217;#000000&#8242; btn_custom_grad_2=&#8217;#ffffff&#8217; btn_custom_grad_3=&#8221; btn_custom_grad_opacity=&#8217;0.7&#8242; btn_custom_bg=&#8217;#444444&#8242; btn_color_bg_hover=&#8217;theme-color-highlight&#8217; btn_custom_bg_hover=&#8217;#444444&#8242; btn_color_font=&#8217;theme-color&#8217; btn_custom_font=&#8217;#ffffff&#8217; btn_color_font_hover=&#8217;white&#8217; btn_custom_font_hover=&#8217;#ffffff&#8217; border=&#8221; border_width=&#8221; border_width_sync=&#8217;true&#8217; border_color=&#8221; border_radius=&#8221; border_radius_sync=&#8217;true&#8217; box_shadow=&#8221; box_shadow_style=&#8217;0px,0px,0px,0px&#8217; box_shadow_color=&#8221; hover_opacity=&#8221; sonar_effect_effect=&#8221; sonar_effect_color=&#8221; sonar_effect_duration=&#8217;1&#8242; sonar_effect_scale=&#8221; sonar_effect_opac=&#8217;0.5&#8242; id=&#8221; custom_class=&#8221; template_class=&#8221; av_uid=&#8217;av-3huvxt5&#8242; sc_version=&#8217;1.0&#8242; admin_preview_bg=&#8221;]<br \/>\n[\/av_toggle]<br \/>\n[\/av_toggle_container]<\/p>\n<p>[\/av_section]<\/p>\n","protected":false},"excerpt":{"rendered":"<p>[av_section min_height=&#8221; min_height_pc=&#8217;25&#8217; min_height_px=&#8217;500px&#8217; padding=&#8217;large&#8217; custom_margin=&#8217;0px&#8217; custom_margin_sync=&#8217;true&#8217; svg_div_top=&#8221; svg_div_top_color=&#8217;#333333&#8242; svg_div_top_width=&#8217;100&#8242; svg_div_top_height=&#8217;50&#8217; svg_div_top_max_height=&#8217;none&#8217; svg_div_top_opacity=&#8221; svg_div_bottom=&#8221; svg_div_bottom_color=&#8217;#333333&#8242; svg_div_bottom_width=&#8217;100&#8242; svg_div_bottom_height=&#8217;50&#8217; svg_div_bottom_max_height=&#8217;none&#8217; svg_div_bottom_opacity=&#8221; color=&#8217;main_color&#8217; background=&#8217;bg_color&#8217; custom_bg=&#8221; background_gradient_direction=&#8217;vertical&#8217; background_gradient_color1=&#8217;#000000&#8242; background_gradient_color2=&#8217;#ffffff&#8217; background_gradient_color3=&#8221; src=&#8217;https:\/\/www.andamur.com\/wp-content\/uploads\/2022\/08\/ANDAMUR-CONNECT-bg.jpg&#8217; attachment=&#8217;33536&#8242; attachment_size=&#8217;full&#8217; attach=&#8217;scroll&#8217; position=&#8217;center center&#8217; repeat=&#8217;stretch&#8217; video=&#8221; video_ratio=&#8217;16:9&#8242; overlay_opacity=&#8217;0.5&#8242; overlay_color=&#8221; overlay_pattern=&#8221; overlay_custom_pattern=&#8221; shadow=&#8217;no-border-styling&#8217; bottom_border=&#8217;no-border-styling&#8217; bottom_border_diagonal_color=&#8217;#333333&#8242; bottom_border_diagonal_direction=&#8221; bottom_border_style=&#8221; custom_arrow_bg=&#8221; id=&#8221; custom_class=&#8221; template_class=&#8221; aria_label=&#8221; av_element_hidden_in_editor=&#8217;0&#8242; av_uid=&#8217;av-lvdom50p&#8217; sc_version=&#8217;1.0&#8242;] [av_one_full first min_height=&#8221; [&hellip;]<\/p>\n","protected":false},"author":1,"featured_media":0,"parent":0,"menu_order":0,"comment_status":"closed","ping_status":"closed","template":"page-templates\/work.php","meta":{"_acf_changed":false,"footnotes":""},"class_list":["post-56070","page","type-page","status-publish","hentry"],"acf":[],"yoast_head":"<!-- This site is optimized with the Yoast SEO plugin v25.4 - https:\/\/yoast.com\/wordpress\/plugins\/seo\/ -->\n<title>Centrum zasob\u00f3w Andamur Connect - Andamur<\/title>\n<meta name=\"robots\" content=\"index, follow, max-snippet:-1, max-image-preview:large, max-video-preview:-1\" \/>\n<link rel=\"canonical\" href=\"https:\/\/www.andamur.com\/pl\/centro-de-recursos-andamur-connect\/\" \/>\n<meta property=\"og:locale\" content=\"pl_PL\" \/>\n<meta property=\"og:type\" content=\"article\" \/>\n<meta property=\"og:title\" content=\"Centrum zasob\u00f3w Andamur Connect - Andamur\" \/>\n<meta property=\"og:description\" content=\"[av_section min_height=&#8221; min_height_pc=&#8217;25&#8217; min_height_px=&#8217;500px&#8217; padding=&#8217;large&#8217; custom_margin=&#8217;0px&#8217; custom_margin_sync=&#8217;true&#8217; svg_div_top=&#8221; svg_div_top_color=&#8217;#333333&#8242; svg_div_top_width=&#8217;100&#8242; svg_div_top_height=&#8217;50&#8217; svg_div_top_max_height=&#8217;none&#8217; svg_div_top_opacity=&#8221; svg_div_bottom=&#8221; svg_div_bottom_color=&#8217;#333333&#8242; svg_div_bottom_width=&#8217;100&#8242; svg_div_bottom_height=&#8217;50&#8217; svg_div_bottom_max_height=&#8217;none&#8217; svg_div_bottom_opacity=&#8221; color=&#8217;main_color&#8217; background=&#8217;bg_color&#8217; custom_bg=&#8221; background_gradient_direction=&#8217;vertical&#8217; background_gradient_color1=&#8217;#000000&#8242; background_gradient_color2=&#8217;#ffffff&#8217; background_gradient_color3=&#8221; src=&#8217;https:\/\/www.andamur.com\/wp-content\/uploads\/2022\/08\/ANDAMUR-CONNECT-bg.jpg&#8217; attachment=&#8217;33536&#8242; attachment_size=&#8217;full&#8217; attach=&#8217;scroll&#8217; position=&#8217;center center&#8217; repeat=&#8217;stretch&#8217; video=&#8221; video_ratio=&#8217;16:9&#8242; overlay_opacity=&#8217;0.5&#8242; overlay_color=&#8221; overlay_pattern=&#8221; overlay_custom_pattern=&#8221; shadow=&#8217;no-border-styling&#8217; bottom_border=&#8217;no-border-styling&#8217; bottom_border_diagonal_color=&#8217;#333333&#8242; bottom_border_diagonal_direction=&#8221; bottom_border_style=&#8221; custom_arrow_bg=&#8221; id=&#8221; custom_class=&#8221; template_class=&#8221; aria_label=&#8221; av_element_hidden_in_editor=&#8217;0&#8242; av_uid=&#8217;av-lvdom50p&#8217; sc_version=&#8217;1.0&#8242;] [av_one_full first min_height=&#8221; [&hellip;]\" \/>\n<meta property=\"og:url\" content=\"https:\/\/www.andamur.com\/pl\/centro-de-recursos-andamur-connect\/\" \/>\n<meta property=\"og:site_name\" content=\"Andamur\" \/>\n<meta property=\"article:publisher\" content=\"https:\/\/www.facebook.com\/AndamurEurope\/\" \/>\n<meta property=\"article:modified_time\" content=\"2025-09-09T10:46:09+00:00\" \/>\n<meta property=\"og:image\" content=\"https:\/\/www.andamur.com\/wp-content\/uploads\/2024\/02\/andamurogpic.jpg\" \/>\n\t<meta property=\"og:image:width\" content=\"1200\" \/>\n\t<meta property=\"og:image:height\" content=\"630\" \/>\n\t<meta property=\"og:image:type\" content=\"image\/jpeg\" \/>\n<meta name=\"twitter:card\" content=\"summary_large_image\" \/>\n<meta name=\"twitter:site\" content=\"@andamur_es\" \/>\n<script type=\"application\/ld+json\" class=\"yoast-schema-graph\">{\"@context\":\"https:\/\/schema.org\",\"@graph\":[{\"@type\":\"WebPage\",\"@id\":\"https:\/\/www.andamur.com\/pl\/centro-de-recursos-andamur-connect\/\",\"url\":\"https:\/\/www.andamur.com\/pl\/centro-de-recursos-andamur-connect\/\",\"name\":\"Centrum zasob\u00f3w Andamur Connect - Andamur\",\"isPartOf\":{\"@id\":\"https:\/\/www.andamur.com\/#website\"},\"datePublished\":\"2024-10-10T10:02:49+00:00\",\"dateModified\":\"2025-09-09T10:46:09+00:00\",\"breadcrumb\":{\"@id\":\"https:\/\/www.andamur.com\/pl\/centro-de-recursos-andamur-connect\/#breadcrumb\"},\"inLanguage\":\"pl-PL\",\"potentialAction\":[{\"@type\":\"ReadAction\",\"target\":[\"https:\/\/www.andamur.com\/pl\/centro-de-recursos-andamur-connect\/\"]}]},{\"@type\":\"BreadcrumbList\",\"@id\":\"https:\/\/www.andamur.com\/pl\/centro-de-recursos-andamur-connect\/#breadcrumb\",\"itemListElement\":[{\"@type\":\"ListItem\",\"position\":1,\"name\":\"Portada\",\"item\":\"https:\/\/www.andamur.com\/pl\/\"},{\"@type\":\"ListItem\",\"position\":2,\"name\":\"Centrum zasob\u00f3w Andamur Connect\"}]},{\"@type\":\"WebSite\",\"@id\":\"https:\/\/www.andamur.com\/#website\",\"url\":\"https:\/\/www.andamur.com\/\",\"name\":\"Andamur\",\"description\":\"Cada viaje importa\",\"publisher\":{\"@id\":\"https:\/\/www.andamur.com\/#organization\"},\"inLanguage\":\"pl-PL\"},{\"@type\":\"Organization\",\"@id\":\"https:\/\/www.andamur.com\/#organization\",\"name\":\"Andamur\",\"url\":\"https:\/\/www.andamur.com\/\",\"logo\":{\"@type\":\"ImageObject\",\"inLanguage\":\"pl-PL\",\"@id\":\"https:\/\/www.andamur.com\/#\/schema\/logo\/image\/\",\"url\":\"https:\/\/www.andamur.com\/wp-content\/uploads\/2024\/02\/andamurogpic.jpg\",\"contentUrl\":\"https:\/\/www.andamur.com\/wp-content\/uploads\/2024\/02\/andamurogpic.jpg\",\"width\":1200,\"height\":630,\"caption\":\"Andamur\"},\"image\":{\"@id\":\"https:\/\/www.andamur.com\/#\/schema\/logo\/image\/\"},\"sameAs\":[\"https:\/\/www.facebook.com\/AndamurEurope\/\",\"https:\/\/x.com\/andamur_es\",\"https:\/\/www.instagram.com\/andamureurope\/\",\"https:\/\/www.youtube.com\/channel\/UCWP1SBl8J8SjUCcWBo_Uu1w\"]}]}<\/script>\n<!-- \/ Yoast SEO plugin. -->","yoast_head_json":{"title":"Centrum zasob\u00f3w Andamur Connect - Andamur","robots":{"index":"index","follow":"follow","max-snippet":"max-snippet:-1","max-image-preview":"max-image-preview:large","max-video-preview":"max-video-preview:-1"},"canonical":"https:\/\/www.andamur.com\/pl\/centro-de-recursos-andamur-connect\/","og_locale":"pl_PL","og_type":"article","og_title":"Centrum zasob\u00f3w Andamur Connect - Andamur","og_description":"[av_section min_height=&#8221; min_height_pc=&#8217;25&#8217; min_height_px=&#8217;500px&#8217; padding=&#8217;large&#8217; custom_margin=&#8217;0px&#8217; custom_margin_sync=&#8217;true&#8217; svg_div_top=&#8221; svg_div_top_color=&#8217;#333333&#8242; svg_div_top_width=&#8217;100&#8242; svg_div_top_height=&#8217;50&#8217; svg_div_top_max_height=&#8217;none&#8217; svg_div_top_opacity=&#8221; svg_div_bottom=&#8221; svg_div_bottom_color=&#8217;#333333&#8242; svg_div_bottom_width=&#8217;100&#8242; svg_div_bottom_height=&#8217;50&#8217; svg_div_bottom_max_height=&#8217;none&#8217; svg_div_bottom_opacity=&#8221; color=&#8217;main_color&#8217; background=&#8217;bg_color&#8217; custom_bg=&#8221; background_gradient_direction=&#8217;vertical&#8217; background_gradient_color1=&#8217;#000000&#8242; background_gradient_color2=&#8217;#ffffff&#8217; background_gradient_color3=&#8221; src=&#8217;https:\/\/www.andamur.com\/wp-content\/uploads\/2022\/08\/ANDAMUR-CONNECT-bg.jpg&#8217; attachment=&#8217;33536&#8242; attachment_size=&#8217;full&#8217; attach=&#8217;scroll&#8217; position=&#8217;center center&#8217; repeat=&#8217;stretch&#8217; video=&#8221; video_ratio=&#8217;16:9&#8242; overlay_opacity=&#8217;0.5&#8242; overlay_color=&#8221; overlay_pattern=&#8221; overlay_custom_pattern=&#8221; shadow=&#8217;no-border-styling&#8217; bottom_border=&#8217;no-border-styling&#8217; bottom_border_diagonal_color=&#8217;#333333&#8242; bottom_border_diagonal_direction=&#8221; bottom_border_style=&#8221; custom_arrow_bg=&#8221; id=&#8221; custom_class=&#8221; template_class=&#8221; aria_label=&#8221; av_element_hidden_in_editor=&#8217;0&#8242; av_uid=&#8217;av-lvdom50p&#8217; sc_version=&#8217;1.0&#8242;] [av_one_full first min_height=&#8221; [&hellip;]","og_url":"https:\/\/www.andamur.com\/pl\/centro-de-recursos-andamur-connect\/","og_site_name":"Andamur","article_publisher":"https:\/\/www.facebook.com\/AndamurEurope\/","article_modified_time":"2025-09-09T10:46:09+00:00","og_image":[{"width":1200,"height":630,"url":"https:\/\/www.andamur.com\/wp-content\/uploads\/2024\/02\/andamurogpic.jpg","type":"image\/jpeg"}],"twitter_card":"summary_large_image","twitter_site":"@andamur_es","schema":{"@context":"https:\/\/schema.org","@graph":[{"@type":"WebPage","@id":"https:\/\/www.andamur.com\/pl\/centro-de-recursos-andamur-connect\/","url":"https:\/\/www.andamur.com\/pl\/centro-de-recursos-andamur-connect\/","name":"Centrum zasob\u00f3w Andamur Connect - Andamur","isPartOf":{"@id":"https:\/\/www.andamur.com\/#website"},"datePublished":"2024-10-10T10:02:49+00:00","dateModified":"2025-09-09T10:46:09+00:00","breadcrumb":{"@id":"https:\/\/www.andamur.com\/pl\/centro-de-recursos-andamur-connect\/#breadcrumb"},"inLanguage":"pl-PL","potentialAction":[{"@type":"ReadAction","target":["https:\/\/www.andamur.com\/pl\/centro-de-recursos-andamur-connect\/"]}]},{"@type":"BreadcrumbList","@id":"https:\/\/www.andamur.com\/pl\/centro-de-recursos-andamur-connect\/#breadcrumb","itemListElement":[{"@type":"ListItem","position":1,"name":"Portada","item":"https:\/\/www.andamur.com\/pl\/"},{"@type":"ListItem","position":2,"name":"Centrum zasob\u00f3w Andamur Connect"}]},{"@type":"WebSite","@id":"https:\/\/www.andamur.com\/#website","url":"https:\/\/www.andamur.com\/","name":"Andamur","description":"Cada viaje importa","publisher":{"@id":"https:\/\/www.andamur.com\/#organization"},"inLanguage":"pl-PL"},{"@type":"Organization","@id":"https:\/\/www.andamur.com\/#organization","name":"Andamur","url":"https:\/\/www.andamur.com\/","logo":{"@type":"ImageObject","inLanguage":"pl-PL","@id":"https:\/\/www.andamur.com\/#\/schema\/logo\/image\/","url":"https:\/\/www.andamur.com\/wp-content\/uploads\/2024\/02\/andamurogpic.jpg","contentUrl":"https:\/\/www.andamur.com\/wp-content\/uploads\/2024\/02\/andamurogpic.jpg","width":1200,"height":630,"caption":"Andamur"},"image":{"@id":"https:\/\/www.andamur.com\/#\/schema\/logo\/image\/"},"sameAs":["https:\/\/www.facebook.com\/AndamurEurope\/","https:\/\/x.com\/andamur_es","https:\/\/www.instagram.com\/andamureurope\/","https:\/\/www.youtube.com\/channel\/UCWP1SBl8J8SjUCcWBo_Uu1w"]}]}},"_links":{"self":[{"href":"https:\/\/www.andamur.com\/pl\/wp-json\/wp\/v2\/pages\/56070","targetHints":{"allow":["GET"]}}],"collection":[{"href":"https:\/\/www.andamur.com\/pl\/wp-json\/wp\/v2\/pages"}],"about":[{"href":"https:\/\/www.andamur.com\/pl\/wp-json\/wp\/v2\/types\/page"}],"author":[{"embeddable":true,"href":"https:\/\/www.andamur.com\/pl\/wp-json\/wp\/v2\/users\/1"}],"replies":[{"embeddable":true,"href":"https:\/\/www.andamur.com\/pl\/wp-json\/wp\/v2\/comments?post=56070"}],"version-history":[{"count":0,"href":"https:\/\/www.andamur.com\/pl\/wp-json\/wp\/v2\/pages\/56070\/revisions"}],"wp:attachment":[{"href":"https:\/\/www.andamur.com\/pl\/wp-json\/wp\/v2\/media?parent=56070"}],"curies":[{"name":"wp","href":"https:\/\/api.w.org\/{rel}","templated":true}]}}