{"id":37809,"date":"2022-11-24T19:01:47","date_gmt":"2022-11-24T18:01:47","guid":{"rendered":"https:\/\/www.andamur.com\/?p=37809"},"modified":"2025-03-10T08:33:56","modified_gmt":"2025-03-10T07:33:56","slug":"gotuj-w-drodze-4","status":"publish","type":"page","link":"https:\/\/www.andamur.com\/pl\/spoleczna-odpowiedzialnosc-biznesu\/zdrowe-odzywianie-wtrasie\/gotuj-w-drodze-4\/","title":{"rendered":"Gotuj w drodze 4 &#8211; Z\u0142ocisty dorsz z siekanymi czarnymi oliwkami, cebul\u0105 i pomidorem"},"content":{"rendered":"<h2><strong>GOTUJ W DRODZE 04:<\/strong><\/h2>\n<h2>Z\u0142ocisty dorsz z siekanymi czarnymi oliwkami, cebul\u0105 i pomidorem<\/h2>\n<div class=\"ecode_shortcode_video\" data-id-video=\"cOe23vBR75E\" data-type-video=\"youtube\"><i><svg width=\"100px\" height=\"71px\" viewBox=\"0 0 100 71\" version=\"1.1\" xmlns=\"http:\/\/www.w3.org\/2000\/svg\" xmlns:xlink=\"http:\/\/www.w3.org\/1999\/xlink\"><g stroke=\"none\" stroke-width=\"1\" fill=\"none\" fill-rule=\"evenodd\"><g transform=\"translate(-366.000000, -261.000000)\" fill=\"#C4302B\" fill-rule=\"nonzero\"><g transform=\"translate(366.000000, 261.000000)\"><path d=\"M79.2312815,0 L20.7687185,0 C9.29846139,0 0,9.29846139 0,20.7687185 L0,49.9938178 C0,61.4640749 9.29846139,70.7625363 20.7687185,70.7625363 L79.2312815,70.7625363 C90.7015386,70.7625363 100,61.4640749 100,49.9938178 L100,20.7687185 C100,9.29846139 90.7015386,0 79.2312815,0 Z M65.1855419,36.803174 L37.8406988,49.8450112 C37.112067,50.1925159 36.2704202,49.6612806 36.2704202,48.854124 L36.2704202,21.9552669 C36.2704202,21.1366136 37.1341928,20.6060291 37.864343,20.9760933 L65.2091861,34.8331132 C66.0221995,35.2450429 66.0080998,36.4109839 65.1855419,36.803174 Z\"><\/path><\/g><\/g><\/g><\/svg><\/i><picture><source media=\"(min-width:1024px)\" srcset=\"https:\/\/img.youtube.com\/vi\/cOe23vBR75E\/maxresdefault.jpg\"><img decoding=\"async\" loading=\"lazy\" src=\"https:\/\/img.youtube.com\/vi\/cOe23vBR75E\/hqdefault.jpg\" alt=\"Video - Gotuj w drodze 4 &#8211; Z\u0142ocisty dorsz z siekanymi czarnymi oliwkami, cebul\u0105 i pomidorem\"><\/picture><\/div>\n<h2>Gulasz ciel\u0119cy z ziemniakami,<\/h2>\n<p>cynamonem i mi\u0119t\u0105<\/p>\n<p>SK\u0141ADNIKI (na 1 osobe)<\/p>\n<p>Sma\u017conka:<\/p>\n<ul>\n<li>100 g odsolonych p\u0142at\u00f3w dorsza<\/li>\n<li>1\/2 cebuli<\/li>\n<li>1 z\u0105bek czosnku<\/li>\n<li>2 jajka<\/li>\n<li>1 ziemniak<\/li>\n<li>Gar\u015b\u0107 posiekanej natki pietruszki<\/li>\n<li>Oliwa z oliwek<\/li>\n<li>S\u00f3l i czarny pieprz<\/li>\n<\/ul>\n<p>Siekane warzywa:<\/p>\n<ul>\n<li>60 g czarnych oliwek bezpestkowych<\/li>\n<li>1\/4 cebuli<\/li>\n<li>1 pomidor<\/li>\n<\/ul>\n<h2>PRZYGOTOWANIE:<\/h2>\n<p><img decoding=\"async\" loading=\"lazy\" src=\"https:\/\/www.andamur.com\/wp-content\/uploads\/2022\/10\/Captura-de-pantalla-2022-10-27-a-las-20.29.59.png\" alt=\"\" width=\"152\" height=\"228\" \/><\/p>\n<h2>Sma\u017conka:<\/h2>\n<p>Siekamy czosnek. Kroimy cebul\u0119 w pi\u00f3rka, a ziemniaka w bardzo drobne frytki. Na patelni z du\u017c\u0105\u00a0ilo\u015bci\u0105\u00a0oliwy podsma\u017camy czosnek.<br \/>\nDodajemy cebul\u0119, s\u00f3l, pieprz i mieszamy sk\u0142adniki.<br \/>\nSma\u017cymy frytki na oleju, po czym je odcedzamy.<br \/>\nNast\u0119pnie sma\u017cymy dorsza, przewracaj\u0105c go kilka razy i dodajemy frytki. Gotujemy przez minut\u0119.<\/p>\n<p><img decoding=\"async\" loading=\"lazy\" src=\"https:\/\/www.andamur.com\/wp-content\/uploads\/2022\/10\/Captura-de-pantalla-2022-10-27-a-las-20.30.03.png\" alt=\"\" width=\"174\" height=\"256\" \/><\/p>\n<h2>Dodajemy jajko:<\/h2>\n<p>Podczas sma\u017cenia dorsza ubijamy jajka i wylewamy na patelni\u0119.<br \/>\nCzekamy, a\u017c jajko si\u0119\u00a0zetnie i dodajemy posiekan\u0105 natk\u0119 pietruszki. Solimy i pieprzymy do smaku i gotowe.<\/p>\n<p><img decoding=\"async\" loading=\"lazy\" src=\"https:\/\/www.andamur.com\/wp-content\/uploads\/2022\/10\/Captura-de-pantalla-2022-10-27-a-las-20.30.07.png\" alt=\"\" width=\"142\" height=\"240\" \/><\/p>\n<h2>Dodaj ziemniaki:<\/h2>\n<p>Wszystkie sk\u0142adniki drobno siekamy, dodajemy oliw\u0119 z oliwek, s\u00f3l, pieprz i uzyskan\u0105\u00a0zalew\u0105\u00a0polewamy ryb\u0119.<\/p>\n<h3><strong>wi\u0119kszej liczby os\u00f3b, po prostu pomn\u00f3\u017c ilo\u015bci przez liczb\u0119 os\u00f3b.<\/strong><\/h3>\n<div class=\"ecode_shortcode_button ecode_shortcode_button_center ecode_shortcode_button_full\"><a href=\"https:\/\/www.andamur.com\/wp-content\/uploads\/2022\/11\/POL-R4_compressed.pdf\" target=\"_blank\" rel=\"nofollow noreferrer noopener\" style=\"color:#ffffff; background:#001372;\">POBIERZ PDF PRZEPISU<\/a><\/div>\n","protected":false},"excerpt":{"rendered":"<p>GOTUJ W DRODZE 04: Z\u0142ocisty dorsz z siekanymi czarnymi oliwkami, cebul\u0105 i pomidorem Gulasz ciel\u0119cy z ziemniakami, cynamonem i mi\u0119t\u0105 SK\u0141ADNIKI (na 1 osobe) Sma\u017conka: 100 g odsolonych p\u0142at\u00f3w dorsza 1\/2 cebuli 1 z\u0105bek czosnku 2 jajka 1 ziemniak Gar\u015b\u0107 posiekanej natki pietruszki Oliwa z oliwek S\u00f3l i czarny pieprz Siekane warzywa: 60 g czarnych [&hellip;]<\/p>\n","protected":false},"author":1,"featured_media":37798,"parent":50314,"menu_order":0,"comment_status":"closed","ping_status":"open","template":"page-templates\/custom_22.php","meta":{"_acf_changed":false,"footnotes":""},"class_list":["post-37809","page","type-page","status-publish","has-post-thumbnail","hentry"],"acf":[],"yoast_head":"<!-- This site is optimized with the Yoast SEO plugin v25.4 - https:\/\/yoast.com\/wordpress\/plugins\/seo\/ -->\n<title>Gotuj w drodze 4 - Z\u0142ocisty dorsz z siekanymi czarnymi oliwkami, cebul\u0105 i pomidorem - Andamur<\/title>\n<meta name=\"robots\" content=\"index, follow, max-snippet:-1, max-image-preview:large, max-video-preview:-1\" \/>\n<link rel=\"canonical\" href=\"https:\/\/www.andamur.com\/pl\/spoleczna-odpowiedzialnosc-biznesu\/zdrowe-odzywianie-wtrasie\/gotuj-w-drodze-4\/\" \/>\n<meta property=\"og:locale\" content=\"pl_PL\" \/>\n<meta property=\"og:type\" content=\"article\" \/>\n<meta property=\"og:title\" content=\"Gotuj w drodze 4 - Z\u0142ocisty dorsz z siekanymi czarnymi oliwkami, cebul\u0105 i pomidorem - Andamur\" \/>\n<meta property=\"og:description\" content=\"GOTUJ W DRODZE 04: Z\u0142ocisty dorsz z siekanymi czarnymi oliwkami, cebul\u0105 i pomidorem Gulasz ciel\u0119cy z ziemniakami, cynamonem i mi\u0119t\u0105 SK\u0141ADNIKI (na 1 osobe) Sma\u017conka: 100 g odsolonych p\u0142at\u00f3w dorsza 1\/2 cebuli 1 z\u0105bek czosnku 2 jajka 1 ziemniak Gar\u015b\u0107 posiekanej natki pietruszki Oliwa z oliwek S\u00f3l i czarny pieprz Siekane warzywa: 60 g czarnych [&hellip;]\" \/>\n<meta property=\"og:url\" content=\"https:\/\/www.andamur.com\/pl\/spoleczna-odpowiedzialnosc-biznesu\/zdrowe-odzywianie-wtrasie\/gotuj-w-drodze-4\/\" \/>\n<meta property=\"og:site_name\" content=\"Andamur\" \/>\n<meta property=\"article:publisher\" content=\"https:\/\/www.facebook.com\/AndamurEurope\/\" \/>\n<meta property=\"article:modified_time\" content=\"2025-03-10T07:33:56+00:00\" \/>\n<meta property=\"og:image\" content=\"https:\/\/www.andamur.com\/wp-content\/uploads\/2022\/11\/ANDPOL-100.jpg\" \/>\n\t<meta property=\"og:image:width\" content=\"1454\" \/>\n\t<meta property=\"og:image:height\" content=\"1269\" \/>\n\t<meta property=\"og:image:type\" content=\"image\/jpeg\" \/>\n<meta name=\"twitter:card\" content=\"summary_large_image\" \/>\n<meta name=\"twitter:site\" content=\"@andamur_es\" \/>\n<meta name=\"twitter:label1\" content=\"Est. reading time\" \/>\n\t<meta name=\"twitter:data1\" content=\"1 minute\" \/>\n<script type=\"application\/ld+json\" class=\"yoast-schema-graph\">{\"@context\":\"https:\/\/schema.org\",\"@graph\":[{\"@type\":\"WebPage\",\"@id\":\"https:\/\/www.andamur.com\/pl\/spoleczna-odpowiedzialnosc-biznesu\/zdrowe-odzywianie-wtrasie\/gotuj-w-drodze-4\/\",\"url\":\"https:\/\/www.andamur.com\/pl\/spoleczna-odpowiedzialnosc-biznesu\/zdrowe-odzywianie-wtrasie\/gotuj-w-drodze-4\/\",\"name\":\"Gotuj w drodze 4 - Z\u0142ocisty dorsz z siekanymi czarnymi oliwkami, cebul\u0105 i pomidorem - Andamur\",\"isPartOf\":{\"@id\":\"https:\/\/www.andamur.com\/#website\"},\"primaryImageOfPage\":{\"@id\":\"https:\/\/www.andamur.com\/pl\/spoleczna-odpowiedzialnosc-biznesu\/zdrowe-odzywianie-wtrasie\/gotuj-w-drodze-4\/#primaryimage\"},\"image\":{\"@id\":\"https:\/\/www.andamur.com\/pl\/spoleczna-odpowiedzialnosc-biznesu\/zdrowe-odzywianie-wtrasie\/gotuj-w-drodze-4\/#primaryimage\"},\"thumbnailUrl\":\"https:\/\/www.andamur.com\/wp-content\/uploads\/2022\/11\/ANDPOL-100.jpg\",\"datePublished\":\"2022-11-24T18:01:47+00:00\",\"dateModified\":\"2025-03-10T07:33:56+00:00\",\"breadcrumb\":{\"@id\":\"https:\/\/www.andamur.com\/pl\/spoleczna-odpowiedzialnosc-biznesu\/zdrowe-odzywianie-wtrasie\/gotuj-w-drodze-4\/#breadcrumb\"},\"inLanguage\":\"pl-PL\",\"potentialAction\":[{\"@type\":\"ReadAction\",\"target\":[\"https:\/\/www.andamur.com\/pl\/spoleczna-odpowiedzialnosc-biznesu\/zdrowe-odzywianie-wtrasie\/gotuj-w-drodze-4\/\"]}]},{\"@type\":\"ImageObject\",\"inLanguage\":\"pl-PL\",\"@id\":\"https:\/\/www.andamur.com\/pl\/spoleczna-odpowiedzialnosc-biznesu\/zdrowe-odzywianie-wtrasie\/gotuj-w-drodze-4\/#primaryimage\",\"url\":\"https:\/\/www.andamur.com\/wp-content\/uploads\/2022\/11\/ANDPOL-100.jpg\",\"contentUrl\":\"https:\/\/www.andamur.com\/wp-content\/uploads\/2022\/11\/ANDPOL-100.jpg\",\"width\":1454,\"height\":1269},{\"@type\":\"BreadcrumbList\",\"@id\":\"https:\/\/www.andamur.com\/pl\/spoleczna-odpowiedzialnosc-biznesu\/zdrowe-odzywianie-wtrasie\/gotuj-w-drodze-4\/#breadcrumb\",\"itemListElement\":[{\"@type\":\"ListItem\",\"position\":1,\"name\":\"Portada\",\"item\":\"https:\/\/www.andamur.com\/pl\/\"},{\"@type\":\"ListItem\",\"position\":2,\"name\":\"Spo\u0142eczna odpowiedzialno\u015b\u0107 biznesu\",\"item\":\"https:\/\/www.andamur.com\/pl\/spoleczna-odpowiedzialnosc-biznesu\/\"},{\"@type\":\"ListItem\",\"position\":3,\"name\":\"#ZdroweOdzywianieWtrasie\",\"item\":\"https:\/\/www.andamur.com\/pl\/spoleczna-odpowiedzialnosc-biznesu\/zdrowe-odzywianie-wtrasie\/\"},{\"@type\":\"ListItem\",\"position\":4,\"name\":\"Gotuj w drodze 4 &#8211; Z\u0142ocisty dorsz z siekanymi czarnymi oliwkami, cebul\u0105 i pomidorem\"}]},{\"@type\":\"WebSite\",\"@id\":\"https:\/\/www.andamur.com\/#website\",\"url\":\"https:\/\/www.andamur.com\/\",\"name\":\"Andamur\",\"description\":\"Cada viaje importa\",\"publisher\":{\"@id\":\"https:\/\/www.andamur.com\/#organization\"},\"inLanguage\":\"pl-PL\"},{\"@type\":\"Organization\",\"@id\":\"https:\/\/www.andamur.com\/#organization\",\"name\":\"Andamur\",\"url\":\"https:\/\/www.andamur.com\/\",\"logo\":{\"@type\":\"ImageObject\",\"inLanguage\":\"pl-PL\",\"@id\":\"https:\/\/www.andamur.com\/#\/schema\/logo\/image\/\",\"url\":\"https:\/\/www.andamur.com\/wp-content\/uploads\/2024\/02\/andamurogpic.jpg\",\"contentUrl\":\"https:\/\/www.andamur.com\/wp-content\/uploads\/2024\/02\/andamurogpic.jpg\",\"width\":1200,\"height\":630,\"caption\":\"Andamur\"},\"image\":{\"@id\":\"https:\/\/www.andamur.com\/#\/schema\/logo\/image\/\"},\"sameAs\":[\"https:\/\/www.facebook.com\/AndamurEurope\/\",\"https:\/\/x.com\/andamur_es\",\"https:\/\/www.instagram.com\/andamureurope\/\",\"https:\/\/www.youtube.com\/channel\/UCWP1SBl8J8SjUCcWBo_Uu1w\"]}]}<\/script>\n<!-- \/ Yoast SEO plugin. -->","yoast_head_json":{"title":"Gotuj w drodze 4 - Z\u0142ocisty dorsz z siekanymi czarnymi oliwkami, cebul\u0105 i pomidorem - Andamur","robots":{"index":"index","follow":"follow","max-snippet":"max-snippet:-1","max-image-preview":"max-image-preview:large","max-video-preview":"max-video-preview:-1"},"canonical":"https:\/\/www.andamur.com\/pl\/spoleczna-odpowiedzialnosc-biznesu\/zdrowe-odzywianie-wtrasie\/gotuj-w-drodze-4\/","og_locale":"pl_PL","og_type":"article","og_title":"Gotuj w drodze 4 - Z\u0142ocisty dorsz z siekanymi czarnymi oliwkami, cebul\u0105 i pomidorem - Andamur","og_description":"GOTUJ W DRODZE 04: Z\u0142ocisty dorsz z siekanymi czarnymi oliwkami, cebul\u0105 i pomidorem Gulasz ciel\u0119cy z ziemniakami, cynamonem i mi\u0119t\u0105 SK\u0141ADNIKI (na 1 osobe) Sma\u017conka: 100 g odsolonych p\u0142at\u00f3w dorsza 1\/2 cebuli 1 z\u0105bek czosnku 2 jajka 1 ziemniak Gar\u015b\u0107 posiekanej natki pietruszki Oliwa z oliwek S\u00f3l i czarny pieprz Siekane warzywa: 60 g czarnych [&hellip;]","og_url":"https:\/\/www.andamur.com\/pl\/spoleczna-odpowiedzialnosc-biznesu\/zdrowe-odzywianie-wtrasie\/gotuj-w-drodze-4\/","og_site_name":"Andamur","article_publisher":"https:\/\/www.facebook.com\/AndamurEurope\/","article_modified_time":"2025-03-10T07:33:56+00:00","og_image":[{"width":1454,"height":1269,"url":"https:\/\/www.andamur.com\/wp-content\/uploads\/2022\/11\/ANDPOL-100.jpg","type":"image\/jpeg"}],"twitter_card":"summary_large_image","twitter_site":"@andamur_es","twitter_misc":{"Est. reading time":"1 minute"},"schema":{"@context":"https:\/\/schema.org","@graph":[{"@type":"WebPage","@id":"https:\/\/www.andamur.com\/pl\/spoleczna-odpowiedzialnosc-biznesu\/zdrowe-odzywianie-wtrasie\/gotuj-w-drodze-4\/","url":"https:\/\/www.andamur.com\/pl\/spoleczna-odpowiedzialnosc-biznesu\/zdrowe-odzywianie-wtrasie\/gotuj-w-drodze-4\/","name":"Gotuj w drodze 4 - Z\u0142ocisty dorsz z siekanymi czarnymi oliwkami, cebul\u0105 i pomidorem - Andamur","isPartOf":{"@id":"https:\/\/www.andamur.com\/#website"},"primaryImageOfPage":{"@id":"https:\/\/www.andamur.com\/pl\/spoleczna-odpowiedzialnosc-biznesu\/zdrowe-odzywianie-wtrasie\/gotuj-w-drodze-4\/#primaryimage"},"image":{"@id":"https:\/\/www.andamur.com\/pl\/spoleczna-odpowiedzialnosc-biznesu\/zdrowe-odzywianie-wtrasie\/gotuj-w-drodze-4\/#primaryimage"},"thumbnailUrl":"https:\/\/www.andamur.com\/wp-content\/uploads\/2022\/11\/ANDPOL-100.jpg","datePublished":"2022-11-24T18:01:47+00:00","dateModified":"2025-03-10T07:33:56+00:00","breadcrumb":{"@id":"https:\/\/www.andamur.com\/pl\/spoleczna-odpowiedzialnosc-biznesu\/zdrowe-odzywianie-wtrasie\/gotuj-w-drodze-4\/#breadcrumb"},"inLanguage":"pl-PL","potentialAction":[{"@type":"ReadAction","target":["https:\/\/www.andamur.com\/pl\/spoleczna-odpowiedzialnosc-biznesu\/zdrowe-odzywianie-wtrasie\/gotuj-w-drodze-4\/"]}]},{"@type":"ImageObject","inLanguage":"pl-PL","@id":"https:\/\/www.andamur.com\/pl\/spoleczna-odpowiedzialnosc-biznesu\/zdrowe-odzywianie-wtrasie\/gotuj-w-drodze-4\/#primaryimage","url":"https:\/\/www.andamur.com\/wp-content\/uploads\/2022\/11\/ANDPOL-100.jpg","contentUrl":"https:\/\/www.andamur.com\/wp-content\/uploads\/2022\/11\/ANDPOL-100.jpg","width":1454,"height":1269},{"@type":"BreadcrumbList","@id":"https:\/\/www.andamur.com\/pl\/spoleczna-odpowiedzialnosc-biznesu\/zdrowe-odzywianie-wtrasie\/gotuj-w-drodze-4\/#breadcrumb","itemListElement":[{"@type":"ListItem","position":1,"name":"Portada","item":"https:\/\/www.andamur.com\/pl\/"},{"@type":"ListItem","position":2,"name":"Spo\u0142eczna odpowiedzialno\u015b\u0107 biznesu","item":"https:\/\/www.andamur.com\/pl\/spoleczna-odpowiedzialnosc-biznesu\/"},{"@type":"ListItem","position":3,"name":"#ZdroweOdzywianieWtrasie","item":"https:\/\/www.andamur.com\/pl\/spoleczna-odpowiedzialnosc-biznesu\/zdrowe-odzywianie-wtrasie\/"},{"@type":"ListItem","position":4,"name":"Gotuj w drodze 4 &#8211; Z\u0142ocisty dorsz z siekanymi czarnymi oliwkami, cebul\u0105 i pomidorem"}]},{"@type":"WebSite","@id":"https:\/\/www.andamur.com\/#website","url":"https:\/\/www.andamur.com\/","name":"Andamur","description":"Cada viaje importa","publisher":{"@id":"https:\/\/www.andamur.com\/#organization"},"inLanguage":"pl-PL"},{"@type":"Organization","@id":"https:\/\/www.andamur.com\/#organization","name":"Andamur","url":"https:\/\/www.andamur.com\/","logo":{"@type":"ImageObject","inLanguage":"pl-PL","@id":"https:\/\/www.andamur.com\/#\/schema\/logo\/image\/","url":"https:\/\/www.andamur.com\/wp-content\/uploads\/2024\/02\/andamurogpic.jpg","contentUrl":"https:\/\/www.andamur.com\/wp-content\/uploads\/2024\/02\/andamurogpic.jpg","width":1200,"height":630,"caption":"Andamur"},"image":{"@id":"https:\/\/www.andamur.com\/#\/schema\/logo\/image\/"},"sameAs":["https:\/\/www.facebook.com\/AndamurEurope\/","https:\/\/x.com\/andamur_es","https:\/\/www.instagram.com\/andamureurope\/","https:\/\/www.youtube.com\/channel\/UCWP1SBl8J8SjUCcWBo_Uu1w"]}]}},"_links":{"self":[{"href":"https:\/\/www.andamur.com\/pl\/wp-json\/wp\/v2\/pages\/37809","targetHints":{"allow":["GET"]}}],"collection":[{"href":"https:\/\/www.andamur.com\/pl\/wp-json\/wp\/v2\/pages"}],"about":[{"href":"https:\/\/www.andamur.com\/pl\/wp-json\/wp\/v2\/types\/page"}],"author":[{"embeddable":true,"href":"https:\/\/www.andamur.com\/pl\/wp-json\/wp\/v2\/users\/1"}],"replies":[{"embeddable":true,"href":"https:\/\/www.andamur.com\/pl\/wp-json\/wp\/v2\/comments?post=37809"}],"version-history":[{"count":0,"href":"https:\/\/www.andamur.com\/pl\/wp-json\/wp\/v2\/pages\/37809\/revisions"}],"up":[{"embeddable":true,"href":"https:\/\/www.andamur.com\/pl\/wp-json\/wp\/v2\/pages\/50314"}],"wp:featuredmedia":[{"embeddable":true,"href":"https:\/\/www.andamur.com\/pl\/wp-json\/wp\/v2\/media\/37798"}],"wp:attachment":[{"href":"https:\/\/www.andamur.com\/pl\/wp-json\/wp\/v2\/media?parent=37809"}],"curies":[{"name":"wp","href":"https:\/\/api.w.org\/{rel}","templated":true}]}}