{"id":50468,"date":"2024-05-06T10:31:17","date_gmt":"2024-05-06T09:31:17","guid":{"rendered":"https:\/\/www.andamur.com\/?p=50468"},"modified":"2025-03-10T12:59:46","modified_gmt":"2025-03-10T11:59:46","slug":"recettes-en-route-11","status":"publish","type":"page","link":"https:\/\/www.andamur.com\/fr\/rapport-de-durabilite-2023\/prenez-soin-de-votre-alimentation-sur-la-route\/recettes-en-route-11\/","title":{"rendered":"Recettes en route 11: Ragout de viande de porc et pommes de terre a la menthe"},"content":{"rendered":"<h2><strong>RECETTES EN ROUTE 11:<\/strong><\/h2>\n<h2>Ragout de viande de porc et pommes de terre a la menthe<\/h2>\n<div class=\"ecode_shortcode_video\" data-id-video=\"kt5zCKmdMIk\" data-type-video=\"youtube\"><i><svg width=\"100px\" height=\"71px\" viewBox=\"0 0 100 71\" version=\"1.1\" xmlns=\"http:\/\/www.w3.org\/2000\/svg\" xmlns:xlink=\"http:\/\/www.w3.org\/1999\/xlink\"><g stroke=\"none\" stroke-width=\"1\" fill=\"none\" fill-rule=\"evenodd\"><g transform=\"translate(-366.000000, -261.000000)\" fill=\"#C4302B\" fill-rule=\"nonzero\"><g transform=\"translate(366.000000, 261.000000)\"><path d=\"M79.2312815,0 L20.7687185,0 C9.29846139,0 0,9.29846139 0,20.7687185 L0,49.9938178 C0,61.4640749 9.29846139,70.7625363 20.7687185,70.7625363 L79.2312815,70.7625363 C90.7015386,70.7625363 100,61.4640749 100,49.9938178 L100,20.7687185 C100,9.29846139 90.7015386,0 79.2312815,0 Z M65.1855419,36.803174 L37.8406988,49.8450112 C37.112067,50.1925159 36.2704202,49.6612806 36.2704202,48.854124 L36.2704202,21.9552669 C36.2704202,21.1366136 37.1341928,20.6060291 37.864343,20.9760933 L65.2091861,34.8331132 C66.0221995,35.2450429 66.0080998,36.4109839 65.1855419,36.803174 Z\"><\/path><\/g><\/g><\/g><\/svg><\/i><picture><source media=\"(min-width:1024px)\" srcset=\"https:\/\/img.youtube.com\/vi\/kt5zCKmdMIk\/maxresdefault.jpg\"><img decoding=\"async\" loading=\"lazy\" src=\"https:\/\/img.youtube.com\/vi\/kt5zCKmdMIk\/hqdefault.jpg\" alt=\"Video - Recettes en route 11: Ragout de viande de porc et pommes de terre a la menthe\"><\/picture><\/div>\n<h2>Ragout de viande de porc et pommes de terre a la menthe<\/h2>\n<p>Ingredients (1 personne)<\/p>\n<ul>\n<li>100 g de maigre de t\u00eate de porc<\/li>\n<li>100 g de travers de porc<\/li>\n<li>1 petit morceau de poireau<\/li>\n<li>1\/4 de poivron rouge<\/li>\n<li>2 gousses d\u2019ail<\/li>\n<li>2 feuilles de laurier<\/li>\n<li>1\/2 tomate<\/li>\n<li>1\/4 d\u2019oignon<\/li>\n<li>1 carotte<\/li>\n<li>1 pomme de terre de taille moyenne<\/li>\n<li>100 ml de vin blanc<\/li>\n<li>500-600 ml de bouillon de viande ou, \u00e0 d\u00e9faut, d\u2019eau<\/li>\n<li>1 cuill\u00e8re \u00e0 soupe d\u2019huile d\u2019olive<\/li>\n<li>1 pinc\u00e9e de thym, romarin, sel et poivre<\/li>\n<li>1 cuill\u00e9r\u00e9e de paprika fum\u00e9<\/li>\n<\/ul>\n<h2><strong>\u00c9tapes \u00e0 suivre:<\/strong><\/h2>\n<p><img decoding=\"async\" loading=\"lazy\" src=\"https:\/\/www.andamur.com\/wp-content\/uploads\/2022\/10\/Captura-de-pantalla-2022-10-27-a-las-20.29.59.png\" alt=\"\" width=\"152\" height=\"228\" \/><\/p>\n<h2>Pour la po\u00eal\u00e9e :<\/h2>\n<p>D\u00e9couper les l\u00e9gumes en petits d\u00e9s, \u00e0 l\u2019exception des tomates. Verser une bonne dose d\u2019huile d\u2019olive dans une casserole et, une fois l\u2019huile chaude, ajouter les l\u00e9gumes (sauf les tomates), le laurier, une pinc\u00e9e de thym et de romarin. Faire revenir pendant 10 minutes et ajouter le travers de porc. Faire sauter afin de les m\u00e9langer et ajouter ensuite les tomates pel\u00e9es et d\u00e9coup\u00e9es. Faire dorer 5 minutes, ajouter 1 cuill\u00e9r\u00e9e de paprika, m\u00e9langer et verser le vin blanc. Une fois le vin \u00e9vapor\u00e9, ajouter le bouillon ou l\u2019eau.<\/p>\n<p><img decoding=\"async\" loading=\"lazy\" src=\"https:\/\/www.andamur.com\/wp-content\/uploads\/2022\/10\/Captura-de-pantalla-2022-10-27-a-las-20.30.03.png\" alt=\"\" width=\"174\" height=\"256\" \/><\/p>\n<h2>Ajouter les pommes de terre :<\/h2>\n<p>Laisser cuire et, une fois la viande presque tendre, ajouter les pommes de terre cuites (en morceaux irr\u00e9guliers) et laisser mijoter jusqu\u2019\u00e0 les attendrir. Si le bouillon s\u2019\u00e9vapore trop, en rajouter un peu.<\/p>\n<p><img decoding=\"async\" loading=\"lazy\" src=\"https:\/\/www.andamur.com\/wp-content\/uploads\/2022\/10\/Captura-de-pantalla-2022-10-27-a-las-20.30.07.png\" alt=\"\" width=\"142\" height=\"240\" \/><\/p>\n<h2>Assaisonner et laisser reposer :<\/h2>\n<p>Une fois pr\u00eat, assaisonner en sel et poivre. Laisser reposer pour un meilleur go\u00fbt.<\/p>\n<h3><strong>Si vous souhaitez faire cette recette pour plusieurs personnes, il suffit de doubler la quantit\u00e9 en fonction du nombre de personnes.<\/strong><\/h3>\n<div class=\"ecode_shortcode_button ecode_shortcode_button_center ecode_shortcode_button_full\"><a href=\"https:\/\/www.andamur.com\/wp-content\/uploads\/2024\/05\/11-Ragout-de-viande-de-porc-et-pommes-de-terre-a-la-menthe-FR.pdf\" target=\"_blank\" rel=\"nofollow noreferrer noopener\" style=\"color:#ffffff; background:#001372;\">T\u00c9L\u00c9CHARGER LE PDF DE LA RECETTE<\/a><\/div>\n","protected":false},"excerpt":{"rendered":"<p>RECETTES EN ROUTE 11: Ragout de viande de porc et pommes de terre a la menthe Ragout de viande de porc et pommes de terre a la menthe Ingredients (1 personne) 100 g de maigre de t\u00eate de porc 100 g de travers de porc 1 petit morceau de poireau 1\/4 de poivron rouge 2 [&hellip;]<\/p>\n","protected":false},"author":1,"featured_media":50740,"parent":50313,"menu_order":0,"comment_status":"closed","ping_status":"open","template":"page-templates\/custom_22.php","meta":{"_acf_changed":false,"footnotes":""},"class_list":["post-50468","page","type-page","status-publish","has-post-thumbnail","hentry"],"acf":[],"yoast_head":"<!-- This site is optimized with the Yoast SEO plugin v25.4 - https:\/\/yoast.com\/wordpress\/plugins\/seo\/ -->\n<title>Recettes en route 11: Ragout de viande de porc et pommes de terre a la menthe - Andamur<\/title>\n<meta name=\"robots\" content=\"index, follow, max-snippet:-1, max-image-preview:large, max-video-preview:-1\" \/>\n<link rel=\"canonical\" href=\"https:\/\/www.andamur.com\/fr\/rapport-de-durabilite-2023\/prenez-soin-de-votre-alimentation-sur-la-route\/recettes-en-route-11\/\" \/>\n<meta property=\"og:locale\" content=\"fr_FR\" \/>\n<meta property=\"og:type\" content=\"article\" \/>\n<meta property=\"og:title\" content=\"Recettes en route 11: Ragout de viande de porc et pommes de terre a la menthe - Andamur\" \/>\n<meta property=\"og:description\" content=\"RECETTES EN ROUTE 11: Ragout de viande de porc et pommes de terre a la menthe Ragout de viande de porc et pommes de terre a la menthe Ingredients (1 personne) 100 g de maigre de t\u00eate de porc 100 g de travers de porc 1 petit morceau de poireau 1\/4 de poivron rouge 2 [&hellip;]\" \/>\n<meta property=\"og:url\" content=\"https:\/\/www.andamur.com\/fr\/rapport-de-durabilite-2023\/prenez-soin-de-votre-alimentation-sur-la-route\/recettes-en-route-11\/\" \/>\n<meta property=\"og:site_name\" content=\"Andamur\" \/>\n<meta property=\"article:publisher\" content=\"https:\/\/www.facebook.com\/AndamurEurope\/\" \/>\n<meta property=\"article:modified_time\" content=\"2025-03-10T11:59:46+00:00\" \/>\n<meta property=\"og:image\" content=\"https:\/\/www.andamur.com\/wp-content\/uploads\/2024\/04\/recetario-recetas_Mesa-de-trabajo-1-copia-6.jpg\" \/>\n\t<meta property=\"og:image:width\" content=\"800\" \/>\n\t<meta property=\"og:image:height\" content=\"800\" \/>\n\t<meta property=\"og:image:type\" content=\"image\/jpeg\" \/>\n<meta name=\"twitter:card\" content=\"summary_large_image\" \/>\n<meta name=\"twitter:site\" content=\"@andamur_es\" \/>\n<meta name=\"twitter:label1\" content=\"Est. reading time\" \/>\n\t<meta name=\"twitter:data1\" content=\"1 minute\" \/>\n<script type=\"application\/ld+json\" class=\"yoast-schema-graph\">{\"@context\":\"https:\/\/schema.org\",\"@graph\":[{\"@type\":\"WebPage\",\"@id\":\"https:\/\/www.andamur.com\/fr\/rapport-de-durabilite-2023\/prenez-soin-de-votre-alimentation-sur-la-route\/recettes-en-route-11\/\",\"url\":\"https:\/\/www.andamur.com\/fr\/rapport-de-durabilite-2023\/prenez-soin-de-votre-alimentation-sur-la-route\/recettes-en-route-11\/\",\"name\":\"Recettes en route 11: Ragout de viande de porc et pommes de terre a la menthe - Andamur\",\"isPartOf\":{\"@id\":\"https:\/\/www.andamur.com\/#website\"},\"primaryImageOfPage\":{\"@id\":\"https:\/\/www.andamur.com\/fr\/rapport-de-durabilite-2023\/prenez-soin-de-votre-alimentation-sur-la-route\/recettes-en-route-11\/#primaryimage\"},\"image\":{\"@id\":\"https:\/\/www.andamur.com\/fr\/rapport-de-durabilite-2023\/prenez-soin-de-votre-alimentation-sur-la-route\/recettes-en-route-11\/#primaryimage\"},\"thumbnailUrl\":\"https:\/\/www.andamur.com\/wp-content\/uploads\/2024\/04\/recetario-recetas_Mesa-de-trabajo-1-copia-6.jpg\",\"datePublished\":\"2024-05-06T09:31:17+00:00\",\"dateModified\":\"2025-03-10T11:59:46+00:00\",\"breadcrumb\":{\"@id\":\"https:\/\/www.andamur.com\/fr\/rapport-de-durabilite-2023\/prenez-soin-de-votre-alimentation-sur-la-route\/recettes-en-route-11\/#breadcrumb\"},\"inLanguage\":\"fr-FR\",\"potentialAction\":[{\"@type\":\"ReadAction\",\"target\":[\"https:\/\/www.andamur.com\/fr\/rapport-de-durabilite-2023\/prenez-soin-de-votre-alimentation-sur-la-route\/recettes-en-route-11\/\"]}]},{\"@type\":\"ImageObject\",\"inLanguage\":\"fr-FR\",\"@id\":\"https:\/\/www.andamur.com\/fr\/rapport-de-durabilite-2023\/prenez-soin-de-votre-alimentation-sur-la-route\/recettes-en-route-11\/#primaryimage\",\"url\":\"https:\/\/www.andamur.com\/wp-content\/uploads\/2024\/04\/recetario-recetas_Mesa-de-trabajo-1-copia-6.jpg\",\"contentUrl\":\"https:\/\/www.andamur.com\/wp-content\/uploads\/2024\/04\/recetario-recetas_Mesa-de-trabajo-1-copia-6.jpg\",\"width\":800,\"height\":800},{\"@type\":\"BreadcrumbList\",\"@id\":\"https:\/\/www.andamur.com\/fr\/rapport-de-durabilite-2023\/prenez-soin-de-votre-alimentation-sur-la-route\/recettes-en-route-11\/#breadcrumb\",\"itemListElement\":[{\"@type\":\"ListItem\",\"position\":1,\"name\":\"Portada\",\"item\":\"https:\/\/www.andamur.com\/fr\/\"},{\"@type\":\"ListItem\",\"position\":2,\"name\":\"Rapport de Durabilit\u00e9 2023\",\"item\":\"https:\/\/www.andamur.com\/fr\/rapport-de-durabilite-2023\/\"},{\"@type\":\"ListItem\",\"position\":3,\"name\":\"#PrenezSoinDeVotreAlimentationSurLaRoute\",\"item\":\"https:\/\/www.andamur.com\/fr\/rapport-de-durabilite-2023\/prenez-soin-de-votre-alimentation-sur-la-route\/\"},{\"@type\":\"ListItem\",\"position\":4,\"name\":\"Recettes en route 11: Ragout de viande de porc et pommes de terre a la menthe\"}]},{\"@type\":\"WebSite\",\"@id\":\"https:\/\/www.andamur.com\/#website\",\"url\":\"https:\/\/www.andamur.com\/\",\"name\":\"Andamur\",\"description\":\"Cada viaje importa\",\"publisher\":{\"@id\":\"https:\/\/www.andamur.com\/#organization\"},\"inLanguage\":\"fr-FR\"},{\"@type\":\"Organization\",\"@id\":\"https:\/\/www.andamur.com\/#organization\",\"name\":\"Andamur\",\"url\":\"https:\/\/www.andamur.com\/\",\"logo\":{\"@type\":\"ImageObject\",\"inLanguage\":\"fr-FR\",\"@id\":\"https:\/\/www.andamur.com\/#\/schema\/logo\/image\/\",\"url\":\"https:\/\/www.andamur.com\/wp-content\/uploads\/2024\/02\/andamurogpic.jpg\",\"contentUrl\":\"https:\/\/www.andamur.com\/wp-content\/uploads\/2024\/02\/andamurogpic.jpg\",\"width\":1200,\"height\":630,\"caption\":\"Andamur\"},\"image\":{\"@id\":\"https:\/\/www.andamur.com\/#\/schema\/logo\/image\/\"},\"sameAs\":[\"https:\/\/www.facebook.com\/AndamurEurope\/\",\"https:\/\/x.com\/andamur_es\",\"https:\/\/www.instagram.com\/andamureurope\/\",\"https:\/\/www.youtube.com\/channel\/UCWP1SBl8J8SjUCcWBo_Uu1w\"]}]}<\/script>\n<!-- \/ Yoast SEO plugin. -->","yoast_head_json":{"title":"Recettes en route 11: Ragout de viande de porc et pommes de terre a la menthe - Andamur","robots":{"index":"index","follow":"follow","max-snippet":"max-snippet:-1","max-image-preview":"max-image-preview:large","max-video-preview":"max-video-preview:-1"},"canonical":"https:\/\/www.andamur.com\/fr\/rapport-de-durabilite-2023\/prenez-soin-de-votre-alimentation-sur-la-route\/recettes-en-route-11\/","og_locale":"fr_FR","og_type":"article","og_title":"Recettes en route 11: Ragout de viande de porc et pommes de terre a la menthe - Andamur","og_description":"RECETTES EN ROUTE 11: Ragout de viande de porc et pommes de terre a la menthe Ragout de viande de porc et pommes de terre a la menthe Ingredients (1 personne) 100 g de maigre de t\u00eate de porc 100 g de travers de porc 1 petit morceau de poireau 1\/4 de poivron rouge 2 [&hellip;]","og_url":"https:\/\/www.andamur.com\/fr\/rapport-de-durabilite-2023\/prenez-soin-de-votre-alimentation-sur-la-route\/recettes-en-route-11\/","og_site_name":"Andamur","article_publisher":"https:\/\/www.facebook.com\/AndamurEurope\/","article_modified_time":"2025-03-10T11:59:46+00:00","og_image":[{"width":800,"height":800,"url":"https:\/\/www.andamur.com\/wp-content\/uploads\/2024\/04\/recetario-recetas_Mesa-de-trabajo-1-copia-6.jpg","type":"image\/jpeg"}],"twitter_card":"summary_large_image","twitter_site":"@andamur_es","twitter_misc":{"Est. reading time":"1 minute"},"schema":{"@context":"https:\/\/schema.org","@graph":[{"@type":"WebPage","@id":"https:\/\/www.andamur.com\/fr\/rapport-de-durabilite-2023\/prenez-soin-de-votre-alimentation-sur-la-route\/recettes-en-route-11\/","url":"https:\/\/www.andamur.com\/fr\/rapport-de-durabilite-2023\/prenez-soin-de-votre-alimentation-sur-la-route\/recettes-en-route-11\/","name":"Recettes en route 11: Ragout de viande de porc et pommes de terre a la menthe - Andamur","isPartOf":{"@id":"https:\/\/www.andamur.com\/#website"},"primaryImageOfPage":{"@id":"https:\/\/www.andamur.com\/fr\/rapport-de-durabilite-2023\/prenez-soin-de-votre-alimentation-sur-la-route\/recettes-en-route-11\/#primaryimage"},"image":{"@id":"https:\/\/www.andamur.com\/fr\/rapport-de-durabilite-2023\/prenez-soin-de-votre-alimentation-sur-la-route\/recettes-en-route-11\/#primaryimage"},"thumbnailUrl":"https:\/\/www.andamur.com\/wp-content\/uploads\/2024\/04\/recetario-recetas_Mesa-de-trabajo-1-copia-6.jpg","datePublished":"2024-05-06T09:31:17+00:00","dateModified":"2025-03-10T11:59:46+00:00","breadcrumb":{"@id":"https:\/\/www.andamur.com\/fr\/rapport-de-durabilite-2023\/prenez-soin-de-votre-alimentation-sur-la-route\/recettes-en-route-11\/#breadcrumb"},"inLanguage":"fr-FR","potentialAction":[{"@type":"ReadAction","target":["https:\/\/www.andamur.com\/fr\/rapport-de-durabilite-2023\/prenez-soin-de-votre-alimentation-sur-la-route\/recettes-en-route-11\/"]}]},{"@type":"ImageObject","inLanguage":"fr-FR","@id":"https:\/\/www.andamur.com\/fr\/rapport-de-durabilite-2023\/prenez-soin-de-votre-alimentation-sur-la-route\/recettes-en-route-11\/#primaryimage","url":"https:\/\/www.andamur.com\/wp-content\/uploads\/2024\/04\/recetario-recetas_Mesa-de-trabajo-1-copia-6.jpg","contentUrl":"https:\/\/www.andamur.com\/wp-content\/uploads\/2024\/04\/recetario-recetas_Mesa-de-trabajo-1-copia-6.jpg","width":800,"height":800},{"@type":"BreadcrumbList","@id":"https:\/\/www.andamur.com\/fr\/rapport-de-durabilite-2023\/prenez-soin-de-votre-alimentation-sur-la-route\/recettes-en-route-11\/#breadcrumb","itemListElement":[{"@type":"ListItem","position":1,"name":"Portada","item":"https:\/\/www.andamur.com\/fr\/"},{"@type":"ListItem","position":2,"name":"Rapport de Durabilit\u00e9 2023","item":"https:\/\/www.andamur.com\/fr\/rapport-de-durabilite-2023\/"},{"@type":"ListItem","position":3,"name":"#PrenezSoinDeVotreAlimentationSurLaRoute","item":"https:\/\/www.andamur.com\/fr\/rapport-de-durabilite-2023\/prenez-soin-de-votre-alimentation-sur-la-route\/"},{"@type":"ListItem","position":4,"name":"Recettes en route 11: Ragout de viande de porc et pommes de terre a la menthe"}]},{"@type":"WebSite","@id":"https:\/\/www.andamur.com\/#website","url":"https:\/\/www.andamur.com\/","name":"Andamur","description":"Cada viaje importa","publisher":{"@id":"https:\/\/www.andamur.com\/#organization"},"inLanguage":"fr-FR"},{"@type":"Organization","@id":"https:\/\/www.andamur.com\/#organization","name":"Andamur","url":"https:\/\/www.andamur.com\/","logo":{"@type":"ImageObject","inLanguage":"fr-FR","@id":"https:\/\/www.andamur.com\/#\/schema\/logo\/image\/","url":"https:\/\/www.andamur.com\/wp-content\/uploads\/2024\/02\/andamurogpic.jpg","contentUrl":"https:\/\/www.andamur.com\/wp-content\/uploads\/2024\/02\/andamurogpic.jpg","width":1200,"height":630,"caption":"Andamur"},"image":{"@id":"https:\/\/www.andamur.com\/#\/schema\/logo\/image\/"},"sameAs":["https:\/\/www.facebook.com\/AndamurEurope\/","https:\/\/x.com\/andamur_es","https:\/\/www.instagram.com\/andamureurope\/","https:\/\/www.youtube.com\/channel\/UCWP1SBl8J8SjUCcWBo_Uu1w"]}]}},"_links":{"self":[{"href":"https:\/\/www.andamur.com\/fr\/wp-json\/wp\/v2\/pages\/50468","targetHints":{"allow":["GET"]}}],"collection":[{"href":"https:\/\/www.andamur.com\/fr\/wp-json\/wp\/v2\/pages"}],"about":[{"href":"https:\/\/www.andamur.com\/fr\/wp-json\/wp\/v2\/types\/page"}],"author":[{"embeddable":true,"href":"https:\/\/www.andamur.com\/fr\/wp-json\/wp\/v2\/users\/1"}],"replies":[{"embeddable":true,"href":"https:\/\/www.andamur.com\/fr\/wp-json\/wp\/v2\/comments?post=50468"}],"version-history":[{"count":0,"href":"https:\/\/www.andamur.com\/fr\/wp-json\/wp\/v2\/pages\/50468\/revisions"}],"up":[{"embeddable":true,"href":"https:\/\/www.andamur.com\/fr\/wp-json\/wp\/v2\/pages\/50313"}],"wp:featuredmedia":[{"embeddable":true,"href":"https:\/\/www.andamur.com\/fr\/wp-json\/wp\/v2\/media\/50740"}],"wp:attachment":[{"href":"https:\/\/www.andamur.com\/fr\/wp-json\/wp\/v2\/media?parent=50468"}],"curies":[{"name":"wp","href":"https:\/\/api.w.org\/{rel}","templated":true}]}}