{"id":28317,"date":"2022-01-20T14:09:53","date_gmt":"2022-01-20T13:09:53","guid":{"rendered":"https:\/\/www.andamur.com\/?page_id=28317"},"modified":"2022-01-21T09:48:03","modified_gmt":"2022-01-21T08:48:03","slug":"politique-de-protection-des-donnees-du-canal-responsable","status":"publish","type":"page","link":"https:\/\/www.andamur.com\/fr\/politique-de-protection-des-donnees-du-canal-responsable\/","title":{"rendered":"Politique de protection des donn\u00e9es du canal responsable"},"content":{"rendered":"<p><strong>CANAL \u00c9THIQUE<\/strong><\/p>\n<p><strong>Informations concernant le traitement<\/strong><\/p>\n<p><strong>Qui est le responsable du traitement des donn\u00e9es personnelles ?<\/strong><\/p>\n<p>GP LIMITE ANDAMUR S.L. est le\u00a0responsable du traitement\u00a0des donn\u00e9es personnelles de la partie int\u00e9ress\u00e9e et vous informe que ces donn\u00e9es seront trait\u00e9es conform\u00e9ment aux dispositions du R\u00e8glement (UE) 2016\/679, du 27 avril 2016 (RGPD) et de la loi organique 3\/2018, du 5 d\u00e9cembre (LOPDGDD). Par cons\u00e9quent, les informations de traitement suivantes vous sont fournies :<\/p>\n<p><strong>Finalit\u00e9s du traitement. Dans quel but traitons-nous vos donn\u00e9es personnelles ?<\/strong><\/p>\n<p>Pour la bonne gestion de notre canal \u00e9thique, en traitant les irr\u00e9gularit\u00e9s correspondantes signal\u00e9es \u00e0 travers celui-ci, et en d\u00e9cidant de l&#8217;opportunit\u00e9 d&#8217;ouvrir une enqu\u00eate, afin de d\u00e9tecter d&#8217;\u00e9ventuels d\u00e9lits et d&#8217;\u00e9viter l&#8217;imposition de tout type de responsabilit\u00e9 \u00e0 GP LIMITE ANDAMUR S.L., ainsi que d&#8217;\u00e9viter tout type de conduite contraire \u00e0 la r\u00e9glementation interne ou externe de l&#8217;entit\u00e9.<\/p>\n<p><strong>L\u00e9gitimation du traitement. Pourquoi pouvons-nous traiter vos donn\u00e9es personnelles ?<\/strong><\/p>\n<p>Sur la base de l&#8217;existence d&#8217;un int\u00e9r\u00eat public (article 6.1.e RGPD) \u00e0 pr\u00e9venir les comportements contraires \u00e0 la r\u00e9glementation.<\/p>\n<p><strong>Crit\u00e8res de conservation des donn\u00e9es. Combien de temps conserverons-nous vos donn\u00e9es personnelles ?<\/strong><\/p>\n<p>Nous conserverons vos donn\u00e9es pendant une p\u00e9riode maximale de six mois \u00e0 compter de la notification de l&#8217;irr\u00e9gularit\u00e9, si les faits n&#8217;ont pas \u00e9t\u00e9 prouv\u00e9s, et \u00e0 condition que les donn\u00e9es ne soient pas n\u00e9cessaires \u00e0 d&#8217;autres fins ou \u00e0 des fins de preuve de contr\u00f4le et de surveillance dans la pr\u00e9vention des infractions. Si les faits sont av\u00e9r\u00e9s ou s&#8217;il existe des preuves suffisantes, les donn\u00e9es seront conserv\u00e9es aussi longtemps que n\u00e9cessaire pour que l&#8217;entit\u00e9 puisse exercer ses droits devant les tribunaux, et lorsqu&#8217;elles ne seront plus n\u00e9cessaires \u00e0 cette fin, elles seront supprim\u00e9es avec des mesures de s\u00e9curit\u00e9 appropri\u00e9es permettant de garantir l&#8217;anonymisation des donn\u00e9es ou leur destruction totale.<\/p>\n<p><strong>Divulgation des donn\u00e9es. \u00c0 qui divulguons-nous vos donn\u00e9es personnelles ?<\/strong><\/p>\n<p>Sauf obligation l\u00e9gale, vos donn\u00e9es ne seront divulgu\u00e9es qu&#8217;aux cat\u00e9gories de destinataires suivantes :<\/p>\n<ul>\n<li>Cours et tribunaux, ainsi que d&#8217;autres \u00e9ventuels organes de r\u00e8glement des litiges.<\/li>\n<li>Forces et corps de s\u00e9curit\u00e9 de l&#8217;\u00c9tat.<\/li>\n<li>Notaires et officiers d&#8217;\u00e9tat civil.<\/li>\n<\/ul>\n<p>Nous avons sign\u00e9 les contrats de confidentialit\u00e9 et de traitement des donn\u00e9es personnelles n\u00e9cessaires et requis par la loi pour prot\u00e9ger votre vie priv\u00e9e (article 28.3 RGPD) avec les fournisseurs qui ont besoin d&#8217;acc\u00e9der \u00e0 vos donn\u00e9es personnelles pour la prestation des services que nous avons contract\u00e9s avec eux ou qui, en raison du fonctionnement de nos services \u00e9lectroniques (site web et e-mails) peuvent avoir acc\u00e8s \u00e0 certaines donn\u00e9es personnelles.<\/p>\n<p><strong>Vos droits. Quels sont vos droits en vertu du RGPD ?<\/strong><\/p>\n<ul>\n<li>Droit d&#8217;acc\u00e8s, de rectification, de portabilit\u00e9 et de suppression des donn\u00e9es la concernant, et de limitation ou d&#8217;opposition \u00e0 leur traitement.<\/li>\n<li>Droit de d\u00e9poser une plainte aupr\u00e8s de l&#8217;autorit\u00e9 de surveillance (www.aepd.es) si la partie int\u00e9ress\u00e9e estime que le traitement n&#8217;est pas conforme \u00e0 la r\u00e9glementation en vigueur.<\/li>\n<\/ul>\n<p>Coordonn\u00e9es pour l&#8217;exercice de vos droits : GP LIMITE ANDAMUR S.L., POL\u00cdGONO INDUSTRIAL SAPRELORCA, CENTRO DE NEGOCIOS ANDAMUR. 30817 LORCA (MURCIA). Courriel : info@andamur.com<\/p>\n","protected":false},"excerpt":{"rendered":"<p>CANAL \u00c9THIQUE Informations concernant le traitement Qui est le responsable du traitement des donn\u00e9es personnelles ? GP LIMITE ANDAMUR S.L. est le\u00a0responsable du traitement\u00a0des donn\u00e9es personnelles de la partie int\u00e9ress\u00e9e et vous informe que ces donn\u00e9es seront trait\u00e9es conform\u00e9ment aux dispositions du R\u00e8glement (UE) 2016\/679, du 27 avril 2016 (RGPD) et de la loi organique [&hellip;]<\/p>\n","protected":false},"author":1,"featured_media":0,"parent":0,"menu_order":0,"comment_status":"closed","ping_status":"closed","template":"","meta":{"_acf_changed":false,"footnotes":""},"class_list":["post-28317","page","type-page","status-publish","hentry"],"acf":[],"yoast_head":"<!-- This site is optimized with the Yoast SEO plugin v25.4 - https:\/\/yoast.com\/wordpress\/plugins\/seo\/ -->\n<title>Politique de protection des donn\u00e9es du canal responsable - Andamur<\/title>\n<meta name=\"robots\" content=\"index, follow, max-snippet:-1, max-image-preview:large, max-video-preview:-1\" \/>\n<link rel=\"canonical\" href=\"https:\/\/www.andamur.com\/politica-de-proteccion-de-datos-de-canal-responsable\/\" \/>\n<meta property=\"og:locale\" content=\"fr_FR\" \/>\n<meta property=\"og:type\" content=\"article\" \/>\n<meta property=\"og:title\" content=\"Politique de protection des donn\u00e9es du canal responsable - Andamur\" \/>\n<meta property=\"og:description\" content=\"CANAL \u00c9THIQUE Informations concernant le traitement Qui est le responsable du traitement des donn\u00e9es personnelles ? GP LIMITE ANDAMUR S.L. est le\u00a0responsable du traitement\u00a0des donn\u00e9es personnelles de la partie int\u00e9ress\u00e9e et vous informe que ces donn\u00e9es seront trait\u00e9es conform\u00e9ment aux dispositions du R\u00e8glement (UE) 2016\/679, du 27 avril 2016 (RGPD) et de la loi organique [&hellip;]\" \/>\n<meta property=\"og:url\" content=\"https:\/\/www.andamur.com\/politica-de-proteccion-de-datos-de-canal-responsable\/\" \/>\n<meta property=\"og:site_name\" content=\"Andamur\" \/>\n<meta property=\"article:publisher\" content=\"https:\/\/www.facebook.com\/AndamurEurope\/\" \/>\n<meta property=\"article:modified_time\" content=\"2022-01-21T08:48:03+00:00\" \/>\n<meta property=\"og:image\" content=\"https:\/\/www.andamur.com\/wp-content\/uploads\/2024\/02\/andamurogpic.jpg\" \/>\n\t<meta property=\"og:image:width\" content=\"1200\" \/>\n\t<meta property=\"og:image:height\" content=\"630\" \/>\n\t<meta property=\"og:image:type\" content=\"image\/jpeg\" \/>\n<meta name=\"twitter:card\" content=\"summary_large_image\" \/>\n<meta name=\"twitter:site\" content=\"@andamur_es\" \/>\n<meta name=\"twitter:label1\" content=\"Est. reading time\" \/>\n\t<meta name=\"twitter:data1\" content=\"3 minutes\" \/>\n<script type=\"application\/ld+json\" class=\"yoast-schema-graph\">{\"@context\":\"https:\/\/schema.org\",\"@graph\":[{\"@type\":\"WebPage\",\"@id\":\"https:\/\/www.andamur.com\/politica-de-proteccion-de-datos-de-canal-responsable\/\",\"url\":\"https:\/\/www.andamur.com\/politica-de-proteccion-de-datos-de-canal-responsable\/\",\"name\":\"Politique de protection des donn\u00e9es du canal responsable - Andamur\",\"isPartOf\":{\"@id\":\"https:\/\/www.andamur.com\/#website\"},\"datePublished\":\"2022-01-20T13:09:53+00:00\",\"dateModified\":\"2022-01-21T08:48:03+00:00\",\"breadcrumb\":{\"@id\":\"https:\/\/www.andamur.com\/politica-de-proteccion-de-datos-de-canal-responsable\/#breadcrumb\"},\"inLanguage\":\"fr-FR\",\"potentialAction\":[{\"@type\":\"ReadAction\",\"target\":[\"https:\/\/www.andamur.com\/politica-de-proteccion-de-datos-de-canal-responsable\/\"]}]},{\"@type\":\"BreadcrumbList\",\"@id\":\"https:\/\/www.andamur.com\/politica-de-proteccion-de-datos-de-canal-responsable\/#breadcrumb\",\"itemListElement\":[{\"@type\":\"ListItem\",\"position\":1,\"name\":\"Portada\",\"item\":\"https:\/\/www.andamur.com\/fr\/\"},{\"@type\":\"ListItem\",\"position\":2,\"name\":\"Politique de protection des donn\u00e9es du canal responsable\"}]},{\"@type\":\"WebSite\",\"@id\":\"https:\/\/www.andamur.com\/#website\",\"url\":\"https:\/\/www.andamur.com\/\",\"name\":\"Andamur\",\"description\":\"Cada viaje importa\",\"publisher\":{\"@id\":\"https:\/\/www.andamur.com\/#organization\"},\"inLanguage\":\"fr-FR\"},{\"@type\":\"Organization\",\"@id\":\"https:\/\/www.andamur.com\/#organization\",\"name\":\"Andamur\",\"url\":\"https:\/\/www.andamur.com\/\",\"logo\":{\"@type\":\"ImageObject\",\"inLanguage\":\"fr-FR\",\"@id\":\"https:\/\/www.andamur.com\/#\/schema\/logo\/image\/\",\"url\":\"https:\/\/www.andamur.com\/wp-content\/uploads\/2024\/02\/andamurogpic.jpg\",\"contentUrl\":\"https:\/\/www.andamur.com\/wp-content\/uploads\/2024\/02\/andamurogpic.jpg\",\"width\":1200,\"height\":630,\"caption\":\"Andamur\"},\"image\":{\"@id\":\"https:\/\/www.andamur.com\/#\/schema\/logo\/image\/\"},\"sameAs\":[\"https:\/\/www.facebook.com\/AndamurEurope\/\",\"https:\/\/x.com\/andamur_es\",\"https:\/\/www.instagram.com\/andamureurope\/\",\"https:\/\/www.youtube.com\/channel\/UCWP1SBl8J8SjUCcWBo_Uu1w\"]}]}<\/script>\n<!-- \/ Yoast SEO plugin. -->","yoast_head_json":{"title":"Politique de protection des donn\u00e9es du canal responsable - Andamur","robots":{"index":"index","follow":"follow","max-snippet":"max-snippet:-1","max-image-preview":"max-image-preview:large","max-video-preview":"max-video-preview:-1"},"canonical":"https:\/\/www.andamur.com\/politica-de-proteccion-de-datos-de-canal-responsable\/","og_locale":"fr_FR","og_type":"article","og_title":"Politique de protection des donn\u00e9es du canal responsable - Andamur","og_description":"CANAL \u00c9THIQUE Informations concernant le traitement Qui est le responsable du traitement des donn\u00e9es personnelles ? GP LIMITE ANDAMUR S.L. est le\u00a0responsable du traitement\u00a0des donn\u00e9es personnelles de la partie int\u00e9ress\u00e9e et vous informe que ces donn\u00e9es seront trait\u00e9es conform\u00e9ment aux dispositions du R\u00e8glement (UE) 2016\/679, du 27 avril 2016 (RGPD) et de la loi organique [&hellip;]","og_url":"https:\/\/www.andamur.com\/politica-de-proteccion-de-datos-de-canal-responsable\/","og_site_name":"Andamur","article_publisher":"https:\/\/www.facebook.com\/AndamurEurope\/","article_modified_time":"2022-01-21T08:48:03+00:00","og_image":[{"width":1200,"height":630,"url":"https:\/\/www.andamur.com\/wp-content\/uploads\/2024\/02\/andamurogpic.jpg","type":"image\/jpeg"}],"twitter_card":"summary_large_image","twitter_site":"@andamur_es","twitter_misc":{"Est. reading time":"3 minutes"},"schema":{"@context":"https:\/\/schema.org","@graph":[{"@type":"WebPage","@id":"https:\/\/www.andamur.com\/politica-de-proteccion-de-datos-de-canal-responsable\/","url":"https:\/\/www.andamur.com\/politica-de-proteccion-de-datos-de-canal-responsable\/","name":"Politique de protection des donn\u00e9es du canal responsable - Andamur","isPartOf":{"@id":"https:\/\/www.andamur.com\/#website"},"datePublished":"2022-01-20T13:09:53+00:00","dateModified":"2022-01-21T08:48:03+00:00","breadcrumb":{"@id":"https:\/\/www.andamur.com\/politica-de-proteccion-de-datos-de-canal-responsable\/#breadcrumb"},"inLanguage":"fr-FR","potentialAction":[{"@type":"ReadAction","target":["https:\/\/www.andamur.com\/politica-de-proteccion-de-datos-de-canal-responsable\/"]}]},{"@type":"BreadcrumbList","@id":"https:\/\/www.andamur.com\/politica-de-proteccion-de-datos-de-canal-responsable\/#breadcrumb","itemListElement":[{"@type":"ListItem","position":1,"name":"Portada","item":"https:\/\/www.andamur.com\/fr\/"},{"@type":"ListItem","position":2,"name":"Politique de protection des donn\u00e9es du canal responsable"}]},{"@type":"WebSite","@id":"https:\/\/www.andamur.com\/#website","url":"https:\/\/www.andamur.com\/","name":"Andamur","description":"Cada viaje importa","publisher":{"@id":"https:\/\/www.andamur.com\/#organization"},"inLanguage":"fr-FR"},{"@type":"Organization","@id":"https:\/\/www.andamur.com\/#organization","name":"Andamur","url":"https:\/\/www.andamur.com\/","logo":{"@type":"ImageObject","inLanguage":"fr-FR","@id":"https:\/\/www.andamur.com\/#\/schema\/logo\/image\/","url":"https:\/\/www.andamur.com\/wp-content\/uploads\/2024\/02\/andamurogpic.jpg","contentUrl":"https:\/\/www.andamur.com\/wp-content\/uploads\/2024\/02\/andamurogpic.jpg","width":1200,"height":630,"caption":"Andamur"},"image":{"@id":"https:\/\/www.andamur.com\/#\/schema\/logo\/image\/"},"sameAs":["https:\/\/www.facebook.com\/AndamurEurope\/","https:\/\/x.com\/andamur_es","https:\/\/www.instagram.com\/andamureurope\/","https:\/\/www.youtube.com\/channel\/UCWP1SBl8J8SjUCcWBo_Uu1w"]}]}},"_links":{"self":[{"href":"https:\/\/www.andamur.com\/fr\/wp-json\/wp\/v2\/pages\/28317","targetHints":{"allow":["GET"]}}],"collection":[{"href":"https:\/\/www.andamur.com\/fr\/wp-json\/wp\/v2\/pages"}],"about":[{"href":"https:\/\/www.andamur.com\/fr\/wp-json\/wp\/v2\/types\/page"}],"author":[{"embeddable":true,"href":"https:\/\/www.andamur.com\/fr\/wp-json\/wp\/v2\/users\/1"}],"replies":[{"embeddable":true,"href":"https:\/\/www.andamur.com\/fr\/wp-json\/wp\/v2\/comments?post=28317"}],"version-history":[{"count":0,"href":"https:\/\/www.andamur.com\/fr\/wp-json\/wp\/v2\/pages\/28317\/revisions"}],"wp:attachment":[{"href":"https:\/\/www.andamur.com\/fr\/wp-json\/wp\/v2\/media?parent=28317"}],"curies":[{"name":"wp","href":"https:\/\/api.w.org\/{rel}","templated":true}]}}