{"id":20566,"date":"2021-05-24T17:57:21","date_gmt":"2021-05-24T16:57:21","guid":{"rendered":"https:\/\/www.andamur.com\/?page_id=20566"},"modified":"2025-02-26T13:56:03","modified_gmt":"2025-02-26T12:56:03","slug":"multienergia","status":"publish","type":"page","link":"https:\/\/www.andamur.com\/fr\/nos-aires\/multienergia\/","title":{"rendered":"Multienerg\u00eda"},"content":{"rendered":"<p>[av_submenu which_menu=&#8221; menu=&#8217;207&#8242; position=&#8217;right&#8217; color=&#8217;header_color&#8217; sticky=&#8217;aviaTBsticky&#8217; mobile=&#8217;disabled&#8217; mobile_submenu=&#8217;aviaTBmobile_submenu&#8217;]<br \/>\n[av_submenu_item title=&#8217;Red de Estaciones &#8216; link=&#8217;page,4164&#8242; linktarget=&#8221; button_style=&#8221;]<br \/>\n[av_submenu_item title=&#8217;\u00c1reas de Servicio Andamur&#8217; link=&#8217;page,4162&#8242; linktarget=&#8221; button_style=&#8221;]<br \/>\n[av_submenu_item title=&#8217;<strong>Multienerg\u00eda<\/strong>&#8216; link=&#8217;page,17716&#8242; linktarget=&#8221; button_style=&#8221;]<br \/>\n[av_submenu_item title=&#8217;Promociones&#8217; link=&#8217;page,13052&#8242; linktarget=&#8221; button_style=&#8221;]<br \/>\n[\/av_submenu]<\/p>\n<p>[av_section min_height=&#8217;custom&#8217; min_height_px=&#8217;400px&#8217; padding=&#8217;default&#8217; shadow=&#8217;no-border-styling&#8217; bottom_border=&#8217;no-border-styling&#8217; bottom_border_diagonal_color=&#8217;#333333&#8242; bottom_border_diagonal_direction=&#8221; bottom_border_style=&#8221; id=&#8221; color=&#8217;main_color&#8217; custom_bg=&#8221; src=&#8217;https:\/\/www.andamur.com\/wp-content\/uploads\/2020\/12\/fondo-cabecera-multienergia-05.jpg&#8217; attachment=&#8217;15764&#8242; attachment_size=&#8217;full&#8217; attach=&#8217;scroll&#8217; position=&#8217;bottom center&#8217; repeat=&#8217;stretch&#8217; video=&#8221; video_ratio=&#8217;16:9&#8242; overlay_opacity=&#8217;0.5&#8242; overlay_color=&#8221; overlay_pattern=&#8221; overlay_custom_pattern=&#8221; av_element_hidden_in_editor=&#8217;0&#8242;]<br \/>\n[av_one_fifth first min_height=&#8221; vertical_alignment=&#8221; space=&#8221; custom_margin=&#8221; margin=&#8217;0px&#8217; padding=&#8217;0px&#8217; border=&#8221; border_color=&#8221; radius=&#8217;0px&#8217; background_color=&#8221; src=&#8221; background_position=&#8217;top left&#8217; background_repeat=&#8217;no-repeat&#8217; animation=&#8221; mobile_display=&#8221;]<\/p>\n<p>[\/av_one_fifth][av_three_fifth min_height=&#8221; vertical_alignment=&#8221; space=&#8221; custom_margin=&#8221; margin=&#8217;0px&#8217; padding=&#8217;0px&#8217; border=&#8221; border_color=&#8221; radius=&#8217;0px&#8217; background_color=&#8221; src=&#8221; background_position=&#8217;top left&#8217; background_repeat=&#8217;no-repeat&#8217; animation=&#8221; mobile_display=&#8221;]<\/p>\n<p>[av_heading heading=&#8217;<\/p>\n<div style=\"font-weight: 800;\">ENTREPRISE MULTI-\u00c9NERG\u00c9TIQUE ET DURABLE<\/div>\n<p>&#8216; tag=&#8217;h3&#8242; style=&#8217;blockquote modern-quote modern-centered&#8217; size=&#8217;47&#8217; subheading_active=&#8221; subheading_size=&#8217;15&#8217; padding=&#8217;0&#8242; color=&#8217;custom-color-heading&#8217; custom_font=&#8217;#ffffff&#8217; admin_preview_bg=&#8221;][\/av_heading]<\/p>\n<p>[\/av_three_fifth][av_one_fifth min_height=&#8221; vertical_alignment=&#8221; space=&#8221; custom_margin=&#8221; margin=&#8217;0px&#8217; padding=&#8217;0px&#8217; border=&#8221; border_color=&#8221; radius=&#8217;0px&#8217; background_color=&#8221; src=&#8221; background_position=&#8217;top left&#8217; background_repeat=&#8217;no-repeat&#8217; animation=&#8221; mobile_display=&#8221;]<\/p>\n<p>[\/av_one_fifth][av_one_fifth first min_height=&#8221; vertical_alignment=&#8221; space=&#8221; custom_margin=&#8221; margin=&#8217;0px&#8217; padding=&#8217;0px&#8217; border=&#8221; border_color=&#8221; radius=&#8217;0px&#8217; background_color=&#8221; src=&#8221; background_position=&#8217;top left&#8217; background_repeat=&#8217;no-repeat&#8217; animation=&#8221; mobile_display=&#8221;]<\/p>\n<p>[\/av_one_fifth][av_three_fifth min_height=&#8221; vertical_alignment=&#8221; space=&#8221; custom_margin=&#8221; margin=&#8217;0px&#8217; padding=&#8217;0px&#8217; border=&#8221; border_color=&#8221; radius=&#8217;0px&#8217; background_color=&#8221; src=&#8221; background_position=&#8217;top left&#8217; background_repeat=&#8217;no-repeat&#8217; animation=&#8221; mobile_display=&#8221;]<\/p>\n<p>[av_textblock size=&#8221; font_color=&#8217;custom&#8217; color=&#8217;#ffffff&#8217; admin_preview_bg=&#8221;]<\/p>\n<p style=\"background-color: #e96214; padding: 10px; font-size: 25px; text-align: center;\">L`<strong>ENERGIE\u00a0<\/strong>DONT NOUS AVONS BESOIN AUJOURD\u00b4<strong>HUI<\/strong> ET \u00c1 <strong>L\u00c0VENIR<\/strong><\/p>\n<p>[\/av_textblock]<\/p>\n<p>[\/av_three_fifth][av_one_fifth min_height=&#8221; vertical_alignment=&#8221; space=&#8221; custom_margin=&#8221; margin=&#8217;0px&#8217; padding=&#8217;0px&#8217; border=&#8221; border_color=&#8221; radius=&#8217;0px&#8217; background_color=&#8221; src=&#8221; background_position=&#8217;top left&#8217; background_repeat=&#8217;no-repeat&#8217; animation=&#8221; mobile_display=&#8221;]<\/p>\n<p>[\/av_one_fifth]<br \/>\n[\/av_section]<\/p>\n<p>[av_textblock size=&#8221; font_color=&#8221; color=&#8221; admin_preview_bg=&#8221;]<\/p>\n<h2 style=\"text-align: center;\">Nos aires de service multi-\u00e9nergie sont capables de fournir du gaz, de l&#8217;\u00e9lectricit\u00e9 et du carburant traditionnel. Elles r\u00e9pondent ainsi \u00e0 la demande croissante du secteur des transports.<\/h2>\n<p>[\/av_textblock]<\/p>\n<p>[av_section min_height=&#8221; min_height_px=&#8217;500px&#8217; padding=&#8217;huge&#8217; shadow=&#8217;no-shadow&#8217; bottom_border=&#8217;no-border-styling&#8217; bottom_border_diagonal_color=&#8217;#333333&#8242; bottom_border_diagonal_direction=&#8221; bottom_border_style=&#8221; id=&#8221; color=&#8217;main_color&#8217; custom_bg=&#8221; src=&#8221; attachment=&#8221; attachment_size=&#8221; attach=&#8217;scroll&#8217; position=&#8217;top left&#8217; repeat=&#8217;no-repeat&#8217; video=&#8221; video_ratio=&#8217;16:9&#8242; overlay_opacity=&#8217;0.5&#8242; overlay_color=&#8221; overlay_pattern=&#8221; overlay_custom_pattern=&#8221; av_element_hidden_in_editor=&#8217;0&#8242;]<\/p>\n<p>[av_one_half first min_height=&#8221; vertical_alignment=&#8217;av-align-top&#8217; space=&#8221; margin=&#8217;0px&#8217; margin_sync=&#8217;true&#8217; padding=&#8217;0px&#8217; padding_sync=&#8217;true&#8217; border=&#8221; border_color=&#8221; radius=&#8217;0px&#8217; radius_sync=&#8217;true&#8217; background_color=&#8221; src=&#8221; attachment=&#8221; attachment_size=&#8221; background_position=&#8217;top left&#8217; background_repeat=&#8217;no-repeat&#8217; animation=&#8217;right-to-left&#8217; mobile_display=&#8221;]<\/p>\n<p>[av_image src=&#8217;https:\/\/www.andamur.com\/wp-content\/uploads\/2021\/02\/camion-gas-grande.png&#8217; attachment=&#8217;17866&#8242; attachment_size=&#8217;full&#8217; align=&#8217;center&#8217; styling=&#8221; hover=&#8221; link=&#8221; target=&#8221; caption=&#8221; font_size=&#8221; appearance=&#8221; overlay_opacity=&#8217;0.4&#8242; overlay_color=&#8217;#000000&#8242; overlay_text_color=&#8217;#ffffff&#8217; animation=&#8217;fade-in&#8217; admin_preview_bg=&#8221;][\/av_image]<\/p>\n<p>[av_heading tag=&#8217;h3&#8242; padding=&#8217;10&#8217; heading=&#8217;Gaz&#8217; color=&#8221; style=&#8217;blockquote modern-quote modern-centered&#8217; custom_font=&#8221; size=&#8217;40&#8217; subheading_active=&#8221; subheading_size=&#8217;15&#8217; custom_class=&#8221; admin_preview_bg=&#8221;][\/av_heading]<\/p>\n<p>[av_hr class=&#8217;invisible&#8217; height=&#8217;20&#8217; shadow=&#8217;no-shadow&#8217; position=&#8217;center&#8217; custom_border=&#8217;av-border-thin&#8217; custom_width=&#8217;50px&#8217; custom_border_color=&#8221; custom_margin_top=&#8217;30px&#8217; custom_margin_bottom=&#8217;30px&#8217; icon_select=&#8217;yes&#8217; custom_icon_color=&#8221; icon=&#8217;ue808&#8242; font=&#8217;entypo-fontello&#8217; admin_preview_bg=&#8221;]<\/p>\n<p>[av_button label=&#8217;Plus d\u2019informations&#8217; link=&#8217;page,20574&#8242; link_target=&#8221; size=&#8217;large&#8217; position=&#8217;center&#8217; icon_select=&#8217;yes&#8217; icon=&#8217;ue817&#8242; font=&#8217;entypo-fontello&#8217; color=&#8217;theme-color&#8217; custom_bg=&#8217;#444444&#8242; custom_font=&#8217;#ffffff&#8217; admin_preview_bg=&#8221;]<\/p>\n<p>[\/av_one_half][av_one_half min_height=&#8221; vertical_alignment=&#8217;av-align-top&#8217; space=&#8221; margin=&#8217;0px&#8217; margin_sync=&#8217;true&#8217; padding=&#8217;0px&#8217; padding_sync=&#8217;true&#8217; border=&#8221; border_color=&#8221; radius=&#8217;0px&#8217; radius_sync=&#8217;true&#8217; background_color=&#8221; src=&#8221; attachment=&#8221; attachment_size=&#8221; background_position=&#8217;top left&#8217; background_repeat=&#8217;no-repeat&#8217; animation=&#8217;left-to-right&#8217; mobile_display=&#8221;]<\/p>\n<p>[av_image src=&#8217;https:\/\/www.andamur.com\/wp-content\/uploads\/2021\/02\/logo-electricidad.png&#8217; attachment=&#8217;17712&#8242; attachment_size=&#8217;full&#8217; align=&#8217;center&#8217; styling=&#8221; hover=&#8221; link=&#8221; target=&#8221; caption=&#8221; font_size=&#8221; appearance=&#8221; overlay_opacity=&#8217;0.4&#8242; overlay_color=&#8217;#000000&#8242; overlay_text_color=&#8217;#ffffff&#8217; animation=&#8217;fade-in&#8217; admin_preview_bg=&#8221;][\/av_image]<\/p>\n<p>[av_heading tag=&#8217;h3&#8242; padding=&#8217;10&#8217; heading=&#8217;\u00c9lectricit\u00e9&#8217; color=&#8221; style=&#8217;blockquote modern-quote modern-centered&#8217; custom_font=&#8221; size=&#8217;40&#8217; subheading_active=&#8221; subheading_size=&#8217;15&#8217; custom_class=&#8221; admin_preview_bg=&#8221;][\/av_heading]<\/p>\n<p>[av_hr class=&#8217;invisible&#8217; height=&#8217;20&#8217; shadow=&#8217;no-shadow&#8217; position=&#8217;center&#8217; custom_border=&#8217;av-border-thin&#8217; custom_width=&#8217;50px&#8217; custom_border_color=&#8221; custom_margin_top=&#8217;30px&#8217; custom_margin_bottom=&#8217;30px&#8217; icon_select=&#8217;yes&#8217; custom_icon_color=&#8221; icon=&#8217;ue808&#8242; font=&#8217;entypo-fontello&#8217; admin_preview_bg=&#8221;]<\/p>\n<p>[av_button label=&#8217;Plus d\u2019informations&#8217; link=&#8217;page,20580&#8242; link_target=&#8221; size=&#8217;large&#8217; position=&#8217;center&#8217; icon_select=&#8217;yes&#8217; icon=&#8217;ue817&#8242; font=&#8217;entypo-fontello&#8217; color=&#8217;theme-color&#8217; custom_bg=&#8217;#444444&#8242; custom_font=&#8217;#ffffff&#8217; admin_preview_bg=&#8221;]<\/p>\n<p>[\/av_one_half][\/av_section]<\/p>\n","protected":false},"excerpt":{"rendered":"<p>[av_submenu which_menu=&#8221; menu=&#8217;207&#8242; position=&#8217;right&#8217; color=&#8217;header_color&#8217; sticky=&#8217;aviaTBsticky&#8217; mobile=&#8217;disabled&#8217; mobile_submenu=&#8217;aviaTBmobile_submenu&#8217;] [av_submenu_item title=&#8217;Red de Estaciones &#8216; link=&#8217;page,4164&#8242; linktarget=&#8221; button_style=&#8221;] [av_submenu_item title=&#8217;\u00c1reas de Servicio Andamur&#8217; link=&#8217;page,4162&#8242; linktarget=&#8221; button_style=&#8221;] [av_submenu_item title=&#8217;Multienerg\u00eda&#8216; link=&#8217;page,17716&#8242; linktarget=&#8221; button_style=&#8221;] [av_submenu_item title=&#8217;Promociones&#8217; link=&#8217;page,13052&#8242; linktarget=&#8221; button_style=&#8221;] [\/av_submenu] [av_section min_height=&#8217;custom&#8217; min_height_px=&#8217;400px&#8217; padding=&#8217;default&#8217; shadow=&#8217;no-border-styling&#8217; bottom_border=&#8217;no-border-styling&#8217; bottom_border_diagonal_color=&#8217;#333333&#8242; bottom_border_diagonal_direction=&#8221; bottom_border_style=&#8221; id=&#8221; color=&#8217;main_color&#8217; custom_bg=&#8221; src=&#8217;https:\/\/www.andamur.com\/wp-content\/uploads\/2020\/12\/fondo-cabecera-multienergia-05.jpg&#8217; attachment=&#8217;15764&#8242; attachment_size=&#8217;full&#8217; attach=&#8217;scroll&#8217; position=&#8217;bottom center&#8217; repeat=&#8217;stretch&#8217; video=&#8221; [&hellip;]<\/p>\n","protected":false},"author":1,"featured_media":0,"parent":20532,"menu_order":0,"comment_status":"closed","ping_status":"closed","template":"page-templates\/custom_7.php","meta":{"_acf_changed":false,"footnotes":""},"class_list":["post-20566","page","type-page","status-publish","hentry"],"acf":[],"yoast_head":"<!-- This site is optimized with the Yoast SEO plugin v25.4 - https:\/\/yoast.com\/wordpress\/plugins\/seo\/ -->\n<title>Multienerg\u00eda - Andamur<\/title>\n<meta name=\"robots\" content=\"index, follow, max-snippet:-1, max-image-preview:large, max-video-preview:-1\" \/>\n<link rel=\"canonical\" href=\"https:\/\/www.andamur.com\/fr\/nos-aires\/multienergia\/\" \/>\n<meta property=\"og:locale\" content=\"fr_FR\" \/>\n<meta property=\"og:type\" content=\"article\" \/>\n<meta property=\"og:title\" content=\"Multienerg\u00eda - Andamur\" \/>\n<meta property=\"og:description\" content=\"[av_submenu which_menu=&#8221; menu=&#8217;207&#8242; position=&#8217;right&#8217; color=&#8217;header_color&#8217; sticky=&#8217;aviaTBsticky&#8217; mobile=&#8217;disabled&#8217; mobile_submenu=&#8217;aviaTBmobile_submenu&#8217;] [av_submenu_item title=&#8217;Red de Estaciones &#8216; link=&#8217;page,4164&#8242; linktarget=&#8221; button_style=&#8221;] [av_submenu_item title=&#8217;\u00c1reas de Servicio Andamur&#8217; link=&#8217;page,4162&#8242; linktarget=&#8221; button_style=&#8221;] [av_submenu_item title=&#8217;Multienerg\u00eda&#8216; link=&#8217;page,17716&#8242; linktarget=&#8221; button_style=&#8221;] [av_submenu_item title=&#8217;Promociones&#8217; link=&#8217;page,13052&#8242; linktarget=&#8221; button_style=&#8221;] [\/av_submenu] [av_section min_height=&#8217;custom&#8217; min_height_px=&#8217;400px&#8217; padding=&#8217;default&#8217; shadow=&#8217;no-border-styling&#8217; bottom_border=&#8217;no-border-styling&#8217; bottom_border_diagonal_color=&#8217;#333333&#8242; bottom_border_diagonal_direction=&#8221; bottom_border_style=&#8221; id=&#8221; color=&#8217;main_color&#8217; custom_bg=&#8221; src=&#8217;https:\/\/www.andamur.com\/wp-content\/uploads\/2020\/12\/fondo-cabecera-multienergia-05.jpg&#8217; attachment=&#8217;15764&#8242; attachment_size=&#8217;full&#8217; attach=&#8217;scroll&#8217; position=&#8217;bottom center&#8217; repeat=&#8217;stretch&#8217; video=&#8221; [&hellip;]\" \/>\n<meta property=\"og:url\" content=\"https:\/\/www.andamur.com\/fr\/nos-aires\/multienergia\/\" \/>\n<meta property=\"og:site_name\" content=\"Andamur\" \/>\n<meta property=\"article:publisher\" content=\"https:\/\/www.facebook.com\/AndamurEurope\/\" \/>\n<meta property=\"article:modified_time\" content=\"2025-02-26T12:56:03+00:00\" \/>\n<meta property=\"og:image\" content=\"https:\/\/www.andamur.com\/wp-content\/uploads\/2024\/02\/andamurogpic.jpg\" \/>\n\t<meta property=\"og:image:width\" content=\"1200\" \/>\n\t<meta property=\"og:image:height\" content=\"630\" \/>\n\t<meta property=\"og:image:type\" content=\"image\/jpeg\" \/>\n<meta name=\"twitter:card\" content=\"summary_large_image\" \/>\n<meta name=\"twitter:site\" content=\"@andamur_es\" \/>\n<script type=\"application\/ld+json\" class=\"yoast-schema-graph\">{\"@context\":\"https:\/\/schema.org\",\"@graph\":[{\"@type\":\"WebPage\",\"@id\":\"https:\/\/www.andamur.com\/fr\/nos-aires\/multienergia\/\",\"url\":\"https:\/\/www.andamur.com\/fr\/nos-aires\/multienergia\/\",\"name\":\"Multienerg\u00eda - Andamur\",\"isPartOf\":{\"@id\":\"https:\/\/www.andamur.com\/#website\"},\"datePublished\":\"2021-05-24T16:57:21+00:00\",\"dateModified\":\"2025-02-26T12:56:03+00:00\",\"breadcrumb\":{\"@id\":\"https:\/\/www.andamur.com\/fr\/nos-aires\/multienergia\/#breadcrumb\"},\"inLanguage\":\"fr-FR\",\"potentialAction\":[{\"@type\":\"ReadAction\",\"target\":[\"https:\/\/www.andamur.com\/fr\/nos-aires\/multienergia\/\"]}]},{\"@type\":\"BreadcrumbList\",\"@id\":\"https:\/\/www.andamur.com\/fr\/nos-aires\/multienergia\/#breadcrumb\",\"itemListElement\":[{\"@type\":\"ListItem\",\"position\":1,\"name\":\"Portada\",\"item\":\"https:\/\/www.andamur.com\/fr\/\"},{\"@type\":\"ListItem\",\"position\":2,\"name\":\"Nos aires\",\"item\":\"https:\/\/www.andamur.com\/fr\/nos-aires\/\"},{\"@type\":\"ListItem\",\"position\":3,\"name\":\"Multienerg\u00eda\"}]},{\"@type\":\"WebSite\",\"@id\":\"https:\/\/www.andamur.com\/#website\",\"url\":\"https:\/\/www.andamur.com\/\",\"name\":\"Andamur\",\"description\":\"Cada viaje importa\",\"publisher\":{\"@id\":\"https:\/\/www.andamur.com\/#organization\"},\"inLanguage\":\"fr-FR\"},{\"@type\":\"Organization\",\"@id\":\"https:\/\/www.andamur.com\/#organization\",\"name\":\"Andamur\",\"url\":\"https:\/\/www.andamur.com\/\",\"logo\":{\"@type\":\"ImageObject\",\"inLanguage\":\"fr-FR\",\"@id\":\"https:\/\/www.andamur.com\/#\/schema\/logo\/image\/\",\"url\":\"https:\/\/www.andamur.com\/wp-content\/uploads\/2024\/02\/andamurogpic.jpg\",\"contentUrl\":\"https:\/\/www.andamur.com\/wp-content\/uploads\/2024\/02\/andamurogpic.jpg\",\"width\":1200,\"height\":630,\"caption\":\"Andamur\"},\"image\":{\"@id\":\"https:\/\/www.andamur.com\/#\/schema\/logo\/image\/\"},\"sameAs\":[\"https:\/\/www.facebook.com\/AndamurEurope\/\",\"https:\/\/x.com\/andamur_es\",\"https:\/\/www.instagram.com\/andamureurope\/\",\"https:\/\/www.youtube.com\/channel\/UCWP1SBl8J8SjUCcWBo_Uu1w\"]}]}<\/script>\n<!-- \/ Yoast SEO plugin. -->","yoast_head_json":{"title":"Multienerg\u00eda - Andamur","robots":{"index":"index","follow":"follow","max-snippet":"max-snippet:-1","max-image-preview":"max-image-preview:large","max-video-preview":"max-video-preview:-1"},"canonical":"https:\/\/www.andamur.com\/fr\/nos-aires\/multienergia\/","og_locale":"fr_FR","og_type":"article","og_title":"Multienerg\u00eda - Andamur","og_description":"[av_submenu which_menu=&#8221; menu=&#8217;207&#8242; position=&#8217;right&#8217; color=&#8217;header_color&#8217; sticky=&#8217;aviaTBsticky&#8217; mobile=&#8217;disabled&#8217; mobile_submenu=&#8217;aviaTBmobile_submenu&#8217;] [av_submenu_item title=&#8217;Red de Estaciones &#8216; link=&#8217;page,4164&#8242; linktarget=&#8221; button_style=&#8221;] [av_submenu_item title=&#8217;\u00c1reas de Servicio Andamur&#8217; link=&#8217;page,4162&#8242; linktarget=&#8221; button_style=&#8221;] [av_submenu_item title=&#8217;Multienerg\u00eda&#8216; link=&#8217;page,17716&#8242; linktarget=&#8221; button_style=&#8221;] [av_submenu_item title=&#8217;Promociones&#8217; link=&#8217;page,13052&#8242; linktarget=&#8221; button_style=&#8221;] [\/av_submenu] [av_section min_height=&#8217;custom&#8217; min_height_px=&#8217;400px&#8217; padding=&#8217;default&#8217; shadow=&#8217;no-border-styling&#8217; bottom_border=&#8217;no-border-styling&#8217; bottom_border_diagonal_color=&#8217;#333333&#8242; bottom_border_diagonal_direction=&#8221; bottom_border_style=&#8221; id=&#8221; color=&#8217;main_color&#8217; custom_bg=&#8221; src=&#8217;https:\/\/www.andamur.com\/wp-content\/uploads\/2020\/12\/fondo-cabecera-multienergia-05.jpg&#8217; attachment=&#8217;15764&#8242; attachment_size=&#8217;full&#8217; attach=&#8217;scroll&#8217; position=&#8217;bottom center&#8217; repeat=&#8217;stretch&#8217; video=&#8221; [&hellip;]","og_url":"https:\/\/www.andamur.com\/fr\/nos-aires\/multienergia\/","og_site_name":"Andamur","article_publisher":"https:\/\/www.facebook.com\/AndamurEurope\/","article_modified_time":"2025-02-26T12:56:03+00:00","og_image":[{"width":1200,"height":630,"url":"https:\/\/www.andamur.com\/wp-content\/uploads\/2024\/02\/andamurogpic.jpg","type":"image\/jpeg"}],"twitter_card":"summary_large_image","twitter_site":"@andamur_es","schema":{"@context":"https:\/\/schema.org","@graph":[{"@type":"WebPage","@id":"https:\/\/www.andamur.com\/fr\/nos-aires\/multienergia\/","url":"https:\/\/www.andamur.com\/fr\/nos-aires\/multienergia\/","name":"Multienerg\u00eda - Andamur","isPartOf":{"@id":"https:\/\/www.andamur.com\/#website"},"datePublished":"2021-05-24T16:57:21+00:00","dateModified":"2025-02-26T12:56:03+00:00","breadcrumb":{"@id":"https:\/\/www.andamur.com\/fr\/nos-aires\/multienergia\/#breadcrumb"},"inLanguage":"fr-FR","potentialAction":[{"@type":"ReadAction","target":["https:\/\/www.andamur.com\/fr\/nos-aires\/multienergia\/"]}]},{"@type":"BreadcrumbList","@id":"https:\/\/www.andamur.com\/fr\/nos-aires\/multienergia\/#breadcrumb","itemListElement":[{"@type":"ListItem","position":1,"name":"Portada","item":"https:\/\/www.andamur.com\/fr\/"},{"@type":"ListItem","position":2,"name":"Nos aires","item":"https:\/\/www.andamur.com\/fr\/nos-aires\/"},{"@type":"ListItem","position":3,"name":"Multienerg\u00eda"}]},{"@type":"WebSite","@id":"https:\/\/www.andamur.com\/#website","url":"https:\/\/www.andamur.com\/","name":"Andamur","description":"Cada viaje importa","publisher":{"@id":"https:\/\/www.andamur.com\/#organization"},"inLanguage":"fr-FR"},{"@type":"Organization","@id":"https:\/\/www.andamur.com\/#organization","name":"Andamur","url":"https:\/\/www.andamur.com\/","logo":{"@type":"ImageObject","inLanguage":"fr-FR","@id":"https:\/\/www.andamur.com\/#\/schema\/logo\/image\/","url":"https:\/\/www.andamur.com\/wp-content\/uploads\/2024\/02\/andamurogpic.jpg","contentUrl":"https:\/\/www.andamur.com\/wp-content\/uploads\/2024\/02\/andamurogpic.jpg","width":1200,"height":630,"caption":"Andamur"},"image":{"@id":"https:\/\/www.andamur.com\/#\/schema\/logo\/image\/"},"sameAs":["https:\/\/www.facebook.com\/AndamurEurope\/","https:\/\/x.com\/andamur_es","https:\/\/www.instagram.com\/andamureurope\/","https:\/\/www.youtube.com\/channel\/UCWP1SBl8J8SjUCcWBo_Uu1w"]}]}},"_links":{"self":[{"href":"https:\/\/www.andamur.com\/fr\/wp-json\/wp\/v2\/pages\/20566","targetHints":{"allow":["GET"]}}],"collection":[{"href":"https:\/\/www.andamur.com\/fr\/wp-json\/wp\/v2\/pages"}],"about":[{"href":"https:\/\/www.andamur.com\/fr\/wp-json\/wp\/v2\/types\/page"}],"author":[{"embeddable":true,"href":"https:\/\/www.andamur.com\/fr\/wp-json\/wp\/v2\/users\/1"}],"replies":[{"embeddable":true,"href":"https:\/\/www.andamur.com\/fr\/wp-json\/wp\/v2\/comments?post=20566"}],"version-history":[{"count":0,"href":"https:\/\/www.andamur.com\/fr\/wp-json\/wp\/v2\/pages\/20566\/revisions"}],"up":[{"embeddable":true,"href":"https:\/\/www.andamur.com\/fr\/wp-json\/wp\/v2\/pages\/20532"}],"wp:attachment":[{"href":"https:\/\/www.andamur.com\/fr\/wp-json\/wp\/v2\/media?parent=20566"}],"curies":[{"name":"wp","href":"https:\/\/api.w.org\/{rel}","templated":true}]}}