{"id":20136,"date":"2021-05-24T17:51:39","date_gmt":"2021-05-24T16:51:39","guid":{"rendered":"https:\/\/www.andamur.com\/?page_id=20136"},"modified":"2026-01-19T11:25:45","modified_gmt":"2026-01-19T10:25:45","slug":"reseau-de-stations","status":"publish","type":"page","link":"https:\/\/www.andamur.com\/fr\/nos-aires\/reseau-de-stations\/","title":{"rendered":"R\u00e9seau de stations"},"content":{"rendered":"<p>[av_submenu which_menu=&#8221; menu=&#8217;40&#8217; position=&#8217;right&#8217; color=&#8217;header_color&#8217; sticky=&#8217;aviaTBsticky&#8217; mobile=&#8217;disabled&#8217; mobile_submenu=&#8217;aviaTBmobile_submenu&#8217;]<br \/>\n[av_submenu_item title=&#8217;<strong>Red de Estaciones<\/strong>&#8216; link=&#8217;page,4164&#8242; linktarget=&#8221; button_style=&#8221;]<br \/>\n[av_submenu_item title=&#8217;\u00c1reas de Servicio Andamur&#8217; link=&#8217;page,4162&#8242; linktarget=&#8221; button_style=&#8221;]<br \/>\n[av_submenu_item title=&#8217;Multienerg\u00eda&#8217; link=&#8217;page,17716&#8242; linktarget=&#8221; button_style=&#8221;]<br \/>\n[av_submenu_item title=&#8217;Promociones&#8217; link=&#8217;page,13052&#8242; linktarget=&#8221; button_style=&#8221;]<br \/>\n[\/av_submenu]<\/p>\n<p>[av_section min_height=&#8221; min_height_px=&#8217;500px&#8217; padding=&#8217;default&#8217; shadow=&#8217;no-border-styling&#8217; bottom_border=&#8217;border-extra-arrow-down&#8217; bottom_border_diagonal_color=&#8217;#333333&#8242; bottom_border_diagonal_direction=&#8221; bottom_border_style=&#8221; id=&#8221; color=&#8217;main_color&#8217; custom_bg=&#8217;#162862&#8242; src=&#8221; attachment=&#8221; attachment_size=&#8221; attach=&#8217;scroll&#8217; position=&#8217;top left&#8217; repeat=&#8217;no-repeat&#8217; video=&#8221; video_ratio=&#8217;16:9&#8242; overlay_opacity=&#8217;0.5&#8242; overlay_color=&#8221; overlay_pattern=&#8221; overlay_custom_pattern=&#8221; av_element_hidden_in_editor=&#8217;0&#8242;]<\/p>\n<p>[av_hr class=&#8217;invisible&#8217; height=&#8217;5&#8242; shadow=&#8217;no-shadow&#8217; position=&#8217;center&#8217; custom_border=&#8217;av-border-thin&#8217; custom_width=&#8217;50px&#8217; custom_border_color=&#8221; custom_margin_top=&#8217;30px&#8217; custom_margin_bottom=&#8217;30px&#8217; icon_select=&#8217;yes&#8217; custom_icon_color=&#8221; icon=&#8217;ue808&#8242; font=&#8217;entypo-fontello&#8217; admin_preview_bg=&#8221;]<\/p>\n<p>[av_heading heading=&#8217;D\u00e9couvrez le r\u00e9seau d\u2019aires et de stations-service Andamur.&#8217; tag=&#8217;h1&#8242; style=&#8217;blockquote modern-quote modern-centered&#8217; subheading_active=&#8217;subheading_below&#8217; show_icon=&#8221; icon=&#8217;ue800&#8242; font=&#8217;entypo-fontello&#8217; size=&#8217;40&#8217; av-medium-font-size-title=&#8221; av-small-font-size-title=&#8221; av-mini-font-size-title=&#8221; subheading_size=&#8217;15&#8217; av-medium-font-size=&#8221; av-small-font-size=&#8221; av-mini-font-size=&#8221; icon_size=&#8221; av-medium-font-size-1=&#8221; av-small-font-size-1=&#8221; av-mini-font-size-1=&#8221; color=&#8217;custom-color-heading&#8217; custom_font=&#8217;#ffffff&#8217; subheading_color=&#8221; seperator_color=&#8221; icon_color=&#8221; margin=&#8221; margin_sync=&#8217;true&#8217; padding=&#8217;0&#8242; icon_padding=&#8217;10&#8217; link=&#8221; link_target=&#8221; id=&#8221; custom_class=&#8221; template_class=&#8221; av_uid=&#8217;av-kyiep97j&#8217; sc_version=&#8217;1.0&#8242; admin_preview_bg=&#8217;rgb(34, 34, 34)&#8217;]<br \/>\nNous poss\u00e9dons 8 aires de service situ\u00e9es dans des endroits strat\u00e9giques du pays, et plus de 700 stations en Europe au sein de notre r\u00e9seau.<br \/>\n[\/av_heading]<\/p>\n<p>[av_hr class=&#8217;invisible&#8217; height=&#8217;20&#8217; shadow=&#8217;no-shadow&#8217; position=&#8217;center&#8217; custom_border=&#8217;av-border-thin&#8217; custom_width=&#8217;50px&#8217; custom_border_color=&#8221; custom_margin_top=&#8217;30px&#8217; custom_margin_bottom=&#8217;30px&#8217; icon_select=&#8217;yes&#8217; custom_icon_color=&#8221; icon=&#8217;ue808&#8242; font=&#8217;entypo-fontello&#8217; admin_preview_bg=&#8221;]<\/p>\n<p>[\/av_section][av_section min_height=&#8221; min_height_px=&#8217;500px&#8217; padding=&#8217;no-padding&#8217; shadow=&#8217;no-border-styling&#8217; bottom_border=&#8217;no-border-styling&#8217; bottom_border_diagonal_color=&#8217;#333333&#8242; bottom_border_diagonal_direction=&#8221; bottom_border_style=&#8221; id=&#8217;mapaandamur&#8217; color=&#8217;main_color&#8217; custom_bg=&#8221; src=&#8221; attachment=&#8221; attachment_size=&#8221; attach=&#8217;scroll&#8217; position=&#8217;top left&#8217; repeat=&#8217;no-repeat&#8217; video=&#8221; video_ratio=&#8217;16:9&#8242; overlay_opacity=&#8217;0.5&#8242; overlay_color=&#8221; overlay_pattern=&#8221; overlay_custom_pattern=&#8221; av_element_hidden_in_editor=&#8217;0&#8242;]<br \/>\n[av_codeblock wrapper_element=&#8221; wrapper_element_attributes=&#8221; codeblock_type=&#8221; alb_description=&#8221; id=&#8221; custom_class=&#8221; template_class=&#8221; av_uid=&#8217;av-kwn7bmyg&#8217; sc_version=&#8217;1.0&#8242;]<br \/>\n[xyz-ips snippet=&#8221;map-andamur-fr&#8221;]<br \/>\n[\/av_codeblock]<br \/>\n[\/av_section]<\/p>\n","protected":false},"excerpt":{"rendered":"<p>[av_submenu which_menu=&#8221; menu=&#8217;40&#8217; position=&#8217;right&#8217; color=&#8217;header_color&#8217; sticky=&#8217;aviaTBsticky&#8217; mobile=&#8217;disabled&#8217; mobile_submenu=&#8217;aviaTBmobile_submenu&#8217;] [av_submenu_item title=&#8217;Red de Estaciones&#8216; link=&#8217;page,4164&#8242; linktarget=&#8221; button_style=&#8221;] [av_submenu_item title=&#8217;\u00c1reas de Servicio Andamur&#8217; link=&#8217;page,4162&#8242; linktarget=&#8221; button_style=&#8221;] [av_submenu_item title=&#8217;Multienerg\u00eda&#8217; link=&#8217;page,17716&#8242; linktarget=&#8221; button_style=&#8221;] [av_submenu_item title=&#8217;Promociones&#8217; link=&#8217;page,13052&#8242; linktarget=&#8221; button_style=&#8221;] [\/av_submenu] [av_section min_height=&#8221; min_height_px=&#8217;500px&#8217; padding=&#8217;default&#8217; shadow=&#8217;no-border-styling&#8217; bottom_border=&#8217;border-extra-arrow-down&#8217; bottom_border_diagonal_color=&#8217;#333333&#8242; bottom_border_diagonal_direction=&#8221; bottom_border_style=&#8221; id=&#8221; color=&#8217;main_color&#8217; custom_bg=&#8217;#162862&#8242; src=&#8221; attachment=&#8221; attachment_size=&#8221; attach=&#8217;scroll&#8217; position=&#8217;top left&#8217; repeat=&#8217;no-repeat&#8217; video=&#8221; video_ratio=&#8217;16:9&#8242; [&hellip;]<\/p>\n","protected":false},"author":1,"featured_media":0,"parent":20532,"menu_order":0,"comment_status":"closed","ping_status":"closed","template":"page-templates\/custom_6.php","meta":{"_acf_changed":false,"footnotes":""},"class_list":["post-20136","page","type-page","status-publish","hentry"],"acf":[],"yoast_head":"<!-- This site is optimized with the Yoast SEO plugin v25.4 - https:\/\/yoast.com\/wordpress\/plugins\/seo\/ -->\n<title>R\u00e9seau de stations - Andamur<\/title>\n<meta name=\"robots\" content=\"index, follow, max-snippet:-1, max-image-preview:large, max-video-preview:-1\" \/>\n<link rel=\"canonical\" href=\"https:\/\/www.andamur.com\/fr\/nos-aires\/reseau-de-stations\/\" \/>\n<meta property=\"og:locale\" content=\"fr_FR\" \/>\n<meta property=\"og:type\" content=\"article\" \/>\n<meta property=\"og:title\" content=\"R\u00e9seau de stations - Andamur\" \/>\n<meta property=\"og:description\" content=\"[av_submenu which_menu=&#8221; menu=&#8217;40&#8217; position=&#8217;right&#8217; color=&#8217;header_color&#8217; sticky=&#8217;aviaTBsticky&#8217; mobile=&#8217;disabled&#8217; mobile_submenu=&#8217;aviaTBmobile_submenu&#8217;] [av_submenu_item title=&#8217;Red de Estaciones&#8216; link=&#8217;page,4164&#8242; linktarget=&#8221; button_style=&#8221;] [av_submenu_item title=&#8217;\u00c1reas de Servicio Andamur&#8217; link=&#8217;page,4162&#8242; linktarget=&#8221; button_style=&#8221;] [av_submenu_item title=&#8217;Multienerg\u00eda&#8217; link=&#8217;page,17716&#8242; linktarget=&#8221; button_style=&#8221;] [av_submenu_item title=&#8217;Promociones&#8217; link=&#8217;page,13052&#8242; linktarget=&#8221; button_style=&#8221;] [\/av_submenu] [av_section min_height=&#8221; min_height_px=&#8217;500px&#8217; padding=&#8217;default&#8217; shadow=&#8217;no-border-styling&#8217; bottom_border=&#8217;border-extra-arrow-down&#8217; bottom_border_diagonal_color=&#8217;#333333&#8242; bottom_border_diagonal_direction=&#8221; bottom_border_style=&#8221; id=&#8221; color=&#8217;main_color&#8217; custom_bg=&#8217;#162862&#8242; src=&#8221; attachment=&#8221; attachment_size=&#8221; attach=&#8217;scroll&#8217; position=&#8217;top left&#8217; repeat=&#8217;no-repeat&#8217; video=&#8221; video_ratio=&#8217;16:9&#8242; [&hellip;]\" \/>\n<meta property=\"og:url\" content=\"https:\/\/www.andamur.com\/fr\/nos-aires\/reseau-de-stations\/\" \/>\n<meta property=\"og:site_name\" content=\"Andamur\" \/>\n<meta property=\"article:publisher\" content=\"https:\/\/www.facebook.com\/AndamurEurope\/\" \/>\n<meta property=\"article:modified_time\" content=\"2026-01-19T10:25:45+00:00\" \/>\n<meta property=\"og:image\" content=\"https:\/\/www.andamur.com\/wp-content\/uploads\/2024\/02\/andamurogpic.jpg\" \/>\n\t<meta property=\"og:image:width\" content=\"1200\" \/>\n\t<meta property=\"og:image:height\" content=\"630\" \/>\n\t<meta property=\"og:image:type\" content=\"image\/jpeg\" \/>\n<meta name=\"twitter:card\" content=\"summary_large_image\" \/>\n<meta name=\"twitter:site\" content=\"@andamur_es\" \/>\n<script type=\"application\/ld+json\" class=\"yoast-schema-graph\">{\"@context\":\"https:\/\/schema.org\",\"@graph\":[{\"@type\":\"WebPage\",\"@id\":\"https:\/\/www.andamur.com\/fr\/nos-aires\/reseau-de-stations\/\",\"url\":\"https:\/\/www.andamur.com\/fr\/nos-aires\/reseau-de-stations\/\",\"name\":\"R\u00e9seau de stations - Andamur\",\"isPartOf\":{\"@id\":\"https:\/\/www.andamur.com\/#website\"},\"datePublished\":\"2021-05-24T16:51:39+00:00\",\"dateModified\":\"2026-01-19T10:25:45+00:00\",\"breadcrumb\":{\"@id\":\"https:\/\/www.andamur.com\/fr\/nos-aires\/reseau-de-stations\/#breadcrumb\"},\"inLanguage\":\"fr-FR\",\"potentialAction\":[{\"@type\":\"ReadAction\",\"target\":[\"https:\/\/www.andamur.com\/fr\/nos-aires\/reseau-de-stations\/\"]}]},{\"@type\":\"BreadcrumbList\",\"@id\":\"https:\/\/www.andamur.com\/fr\/nos-aires\/reseau-de-stations\/#breadcrumb\",\"itemListElement\":[{\"@type\":\"ListItem\",\"position\":1,\"name\":\"Portada\",\"item\":\"https:\/\/www.andamur.com\/fr\/\"},{\"@type\":\"ListItem\",\"position\":2,\"name\":\"Nos aires\",\"item\":\"https:\/\/www.andamur.com\/fr\/nos-aires\/\"},{\"@type\":\"ListItem\",\"position\":3,\"name\":\"R\u00e9seau de stations\"}]},{\"@type\":\"WebSite\",\"@id\":\"https:\/\/www.andamur.com\/#website\",\"url\":\"https:\/\/www.andamur.com\/\",\"name\":\"Andamur\",\"description\":\"Cada viaje importa\",\"publisher\":{\"@id\":\"https:\/\/www.andamur.com\/#organization\"},\"inLanguage\":\"fr-FR\"},{\"@type\":\"Organization\",\"@id\":\"https:\/\/www.andamur.com\/#organization\",\"name\":\"Andamur\",\"url\":\"https:\/\/www.andamur.com\/\",\"logo\":{\"@type\":\"ImageObject\",\"inLanguage\":\"fr-FR\",\"@id\":\"https:\/\/www.andamur.com\/#\/schema\/logo\/image\/\",\"url\":\"https:\/\/www.andamur.com\/wp-content\/uploads\/2024\/02\/andamurogpic.jpg\",\"contentUrl\":\"https:\/\/www.andamur.com\/wp-content\/uploads\/2024\/02\/andamurogpic.jpg\",\"width\":1200,\"height\":630,\"caption\":\"Andamur\"},\"image\":{\"@id\":\"https:\/\/www.andamur.com\/#\/schema\/logo\/image\/\"},\"sameAs\":[\"https:\/\/www.facebook.com\/AndamurEurope\/\",\"https:\/\/x.com\/andamur_es\",\"https:\/\/www.instagram.com\/andamureurope\/\",\"https:\/\/www.youtube.com\/channel\/UCWP1SBl8J8SjUCcWBo_Uu1w\"]}]}<\/script>\n<!-- \/ Yoast SEO plugin. -->","yoast_head_json":{"title":"R\u00e9seau de stations - Andamur","robots":{"index":"index","follow":"follow","max-snippet":"max-snippet:-1","max-image-preview":"max-image-preview:large","max-video-preview":"max-video-preview:-1"},"canonical":"https:\/\/www.andamur.com\/fr\/nos-aires\/reseau-de-stations\/","og_locale":"fr_FR","og_type":"article","og_title":"R\u00e9seau de stations - Andamur","og_description":"[av_submenu which_menu=&#8221; menu=&#8217;40&#8217; position=&#8217;right&#8217; color=&#8217;header_color&#8217; sticky=&#8217;aviaTBsticky&#8217; mobile=&#8217;disabled&#8217; mobile_submenu=&#8217;aviaTBmobile_submenu&#8217;] [av_submenu_item title=&#8217;Red de Estaciones&#8216; link=&#8217;page,4164&#8242; linktarget=&#8221; button_style=&#8221;] [av_submenu_item title=&#8217;\u00c1reas de Servicio Andamur&#8217; link=&#8217;page,4162&#8242; linktarget=&#8221; button_style=&#8221;] [av_submenu_item title=&#8217;Multienerg\u00eda&#8217; link=&#8217;page,17716&#8242; linktarget=&#8221; button_style=&#8221;] [av_submenu_item title=&#8217;Promociones&#8217; link=&#8217;page,13052&#8242; linktarget=&#8221; button_style=&#8221;] [\/av_submenu] [av_section min_height=&#8221; min_height_px=&#8217;500px&#8217; padding=&#8217;default&#8217; shadow=&#8217;no-border-styling&#8217; bottom_border=&#8217;border-extra-arrow-down&#8217; bottom_border_diagonal_color=&#8217;#333333&#8242; bottom_border_diagonal_direction=&#8221; bottom_border_style=&#8221; id=&#8221; color=&#8217;main_color&#8217; custom_bg=&#8217;#162862&#8242; src=&#8221; attachment=&#8221; attachment_size=&#8221; attach=&#8217;scroll&#8217; position=&#8217;top left&#8217; repeat=&#8217;no-repeat&#8217; video=&#8221; video_ratio=&#8217;16:9&#8242; [&hellip;]","og_url":"https:\/\/www.andamur.com\/fr\/nos-aires\/reseau-de-stations\/","og_site_name":"Andamur","article_publisher":"https:\/\/www.facebook.com\/AndamurEurope\/","article_modified_time":"2026-01-19T10:25:45+00:00","og_image":[{"width":1200,"height":630,"url":"https:\/\/www.andamur.com\/wp-content\/uploads\/2024\/02\/andamurogpic.jpg","type":"image\/jpeg"}],"twitter_card":"summary_large_image","twitter_site":"@andamur_es","schema":{"@context":"https:\/\/schema.org","@graph":[{"@type":"WebPage","@id":"https:\/\/www.andamur.com\/fr\/nos-aires\/reseau-de-stations\/","url":"https:\/\/www.andamur.com\/fr\/nos-aires\/reseau-de-stations\/","name":"R\u00e9seau de stations - Andamur","isPartOf":{"@id":"https:\/\/www.andamur.com\/#website"},"datePublished":"2021-05-24T16:51:39+00:00","dateModified":"2026-01-19T10:25:45+00:00","breadcrumb":{"@id":"https:\/\/www.andamur.com\/fr\/nos-aires\/reseau-de-stations\/#breadcrumb"},"inLanguage":"fr-FR","potentialAction":[{"@type":"ReadAction","target":["https:\/\/www.andamur.com\/fr\/nos-aires\/reseau-de-stations\/"]}]},{"@type":"BreadcrumbList","@id":"https:\/\/www.andamur.com\/fr\/nos-aires\/reseau-de-stations\/#breadcrumb","itemListElement":[{"@type":"ListItem","position":1,"name":"Portada","item":"https:\/\/www.andamur.com\/fr\/"},{"@type":"ListItem","position":2,"name":"Nos aires","item":"https:\/\/www.andamur.com\/fr\/nos-aires\/"},{"@type":"ListItem","position":3,"name":"R\u00e9seau de stations"}]},{"@type":"WebSite","@id":"https:\/\/www.andamur.com\/#website","url":"https:\/\/www.andamur.com\/","name":"Andamur","description":"Cada viaje importa","publisher":{"@id":"https:\/\/www.andamur.com\/#organization"},"inLanguage":"fr-FR"},{"@type":"Organization","@id":"https:\/\/www.andamur.com\/#organization","name":"Andamur","url":"https:\/\/www.andamur.com\/","logo":{"@type":"ImageObject","inLanguage":"fr-FR","@id":"https:\/\/www.andamur.com\/#\/schema\/logo\/image\/","url":"https:\/\/www.andamur.com\/wp-content\/uploads\/2024\/02\/andamurogpic.jpg","contentUrl":"https:\/\/www.andamur.com\/wp-content\/uploads\/2024\/02\/andamurogpic.jpg","width":1200,"height":630,"caption":"Andamur"},"image":{"@id":"https:\/\/www.andamur.com\/#\/schema\/logo\/image\/"},"sameAs":["https:\/\/www.facebook.com\/AndamurEurope\/","https:\/\/x.com\/andamur_es","https:\/\/www.instagram.com\/andamureurope\/","https:\/\/www.youtube.com\/channel\/UCWP1SBl8J8SjUCcWBo_Uu1w"]}]}},"_links":{"self":[{"href":"https:\/\/www.andamur.com\/fr\/wp-json\/wp\/v2\/pages\/20136","targetHints":{"allow":["GET"]}}],"collection":[{"href":"https:\/\/www.andamur.com\/fr\/wp-json\/wp\/v2\/pages"}],"about":[{"href":"https:\/\/www.andamur.com\/fr\/wp-json\/wp\/v2\/types\/page"}],"author":[{"embeddable":true,"href":"https:\/\/www.andamur.com\/fr\/wp-json\/wp\/v2\/users\/1"}],"replies":[{"embeddable":true,"href":"https:\/\/www.andamur.com\/fr\/wp-json\/wp\/v2\/comments?post=20136"}],"version-history":[{"count":0,"href":"https:\/\/www.andamur.com\/fr\/wp-json\/wp\/v2\/pages\/20136\/revisions"}],"up":[{"embeddable":true,"href":"https:\/\/www.andamur.com\/fr\/wp-json\/wp\/v2\/pages\/20532"}],"wp:attachment":[{"href":"https:\/\/www.andamur.com\/fr\/wp-json\/wp\/v2\/media?parent=20136"}],"curies":[{"name":"wp","href":"https:\/\/api.w.org\/{rel}","templated":true}]}}