{"id":51018,"date":"2024-05-06T11:48:05","date_gmt":"2024-05-06T10:48:05","guid":{"rendered":"https:\/\/www.andamur.com\/?page_id=51018"},"modified":"2024-05-07T10:44:30","modified_gmt":"2024-05-07T09:44:30","slug":"rules-for-the-recipes-on-the-road-challenge-and-draw-for-cooking-pack-for-trucks","status":"publish","type":"page","link":"https:\/\/www.andamur.com\/en\/rules-for-the-recipes-on-the-road-challenge-and-draw-for-cooking-pack-for-trucks\/","title":{"rendered":"RULES FOR THE RECIPES ON THE ROAD CHALLENGE AND DRAW FOR COOKING PACK FOR TRUCKS"},"content":{"rendered":"<p><strong>RULES OF THE DRAW<\/strong><br \/>\nThe company GP L\u00cdMITE ANDAMUR, S.L, with offices at CENTRO DE NEGOCIOS ANDAMURCALLE MANUEL J\u00d3DAR MART\u00cdNEZ, POL. INDUSTRIAL SAPRELORCA. 30817 LORCA (MURCIA), SPAIN, with Spanish tax code CIF B-30424162, as part of its Recipes on the Road Campaign, is organising the Recipes on the Road Challenge, whose participants may enter the Draw for a Pack of Cooking Utensils for Trucks.<br \/>\nThe challenge is open to anyone over the age of 18 who takes the following steps:<\/p>\n<ol>\n<li><strong>Follow the Instagram @andamureurope or Facebook @Andamur social media accounts<\/strong><\/li>\n<li><strong>Prepare one of our recipes, show us the result (story or photo of the finished dish) and tag Andamur on one of the aforementioned social media profiles<\/strong><\/li>\n<li><strong>Add the hashtag <strong style=\"color: #55606e;\"> #RetoRecetasEnRuta<\/strong><\/strong><\/li>\n<\/ol>\n<p>Entrants may participate from 6 May to 2 June 2024. On 3 June, the draw for the Cooking Pack for trucks will be held among all the entrants who have met all the necessary requirements, and the winner will be announced on social media. Only one entry may be made per person.<br \/>\nThe 14 recipes to cook can be found at: <a href=\"https:\/\/www.andamur.com\/cuidatudietaenruta\/\">https:\/\/www.andamur.com\/cuidatudietaenruta\/<\/a><br \/>\nThe cooking pack for trucks contains the following:<\/p>\n<ul>\n<li>5\/6 cup coffee maker 24V<\/li>\n<li>Electric frying pan with lid 24V 250W<\/li>\n<li>Kettle 24V 1L 300W<\/li>\n<li>Lunch box w\/ plates 16cm<\/li>\n<li>Saucepan w\/ lid 15cm 1.1L<\/li>\n<li>Silver oven 24V 300W 9L<\/li>\n<li>Electric sandwich toaster 24V<\/li>\n<li>Electric lunch box 12V 24V 220V<\/li>\n<li>Microwave + 24V to 220V converter<\/li>\n<li>Portable stove<\/li>\n<li>Kitchen gas refill 4 pack<\/li>\n<li>Coolfreeze refrigerator CDF-036 31L<\/li>\n<li>Aluminium mug w\/ handle 40cl<\/li>\n<li>Folding table w\/ handle 80X60X69<\/li>\n<li>Electric lunch box 12\/24V w\/Cutlery<\/li>\n<\/ul>\n<p><strong>MECHANICS OF THE DRAW<\/strong><br \/>\nAnyone who participates in the Recipes on the Road Challenge who is over 18 years of age and who follows the following steps may enter the draw:<\/p>\n<ol>\n<li><strong>Follow the Instagram @andamureurope or Facebook @Andamur social media accounts<\/strong><\/li>\n<li><strong>Prepare one of our recipes, show us the result (story or photo of the finished dish) and tag Andamur on one of the aforementioned social media profiles<\/strong><\/li>\n<li><strong>Add the hashtag #RecipesOnTheRoadChallenge<\/strong><\/li>\n<\/ol>\n<p>The draw will be held on 3 June using an online application among all entrants who have met all the necessary requirements, using the entrants\u2019 social media profile field.<br \/>\nThe winner will be decided at random through an Internet application that will perform the draw digitally.<br \/>\nThe winner will be contacted via social media and informed personally by direct message on Instagram or Facebook by a member of the Andamur team, indicating the Andamur service area where the prize can be collected from.<br \/>\nThe prize consists of a pack of kitchen utensils for trucks.<br \/>\nThere will be a single winner.<br \/>\nA minimum of 15 entrants in total will be required for the draw to go ahead.<br \/>\nOnly one entry may be made per person.<br \/>\nUpon receiving the pack, the winner must send us a photo of themselves with the prize and give us their consent to publish it on social media.<br \/>\n*Grupo Andamur staff and their immediate family members will not be able to enter the draw.<\/p>\n<p><strong>ACCEPTANCE OF THE RULES<\/strong><br \/>\nParticipation in the draw implies full acceptance of these rules.<br \/>\nThe participant is required to read and understand the rules in order to participate in the draw.<br \/>\nThe organising company reserves the right to justifiably disqualify any participant who commits fraud or hinders or impedes the good functioning and normal course and regulation of this draw, as well as the resolution of any issue arising from this promotional activity.<br \/>\nGP L\u00cdMITE ANDAMUR S.L. is responsible for the data collected based on the legitimate interest and informed consent of the interested party and will handle it for the purpose of managing the draw, publishing the winners on the company\u2019s website and social media, as well as sending information and promotions to the participants entered in the draw through the contact methods provided. It will be kept for as long as these purposes exist, and it will not be passed on to third parties except as legally provided. The interested party may revoke their consent at any time, as well as request access, correction or deletion of the data. The interested party undertakes to provide truthful, accurate and current data; more information on our privacy policy is available by clicking here. Remember to accept to participate in the draw.<\/p>\n<p><strong>DATA PROTECTION<\/strong><br \/>\nIn accordance with current regulations on data protection, the data provided when completing the survey to participate in the contest are mandatory and will be used by GP L\u00cdMITE ANDAMUR, S.L. (Andamur) as the data controller to manage the participation of interested parties in the draw, to publish the winners on Andamur\u2019s website and social media profiles, as well as to send information about Andamur\u2019s services and offers via the requested mediums. The winner will be announced on these platforms.<br \/>\nThe winner is therefore required to provide informed consent for the assignment and use of their image as an indispensable condition to receive the prize. Authorising Andamur to publish photographs and videos of the prize-giving on the aforementioned media (website and social media).<br \/>\nAndamur will handle the data exclusively for these purposes and will not pass it on to third parties, keeping it until the interested party declares otherwise or there is legal provision for keeping it. The interested party may revoke their consent, as well as request access, correction, deletion, limitation, portability and opposition in the terms legally provided, by writing to comunicacion@andamur.com, without the revocation of consent entailing that the data handling is illegal before it is withdrawn.<br \/>\nIn any case Andamur has implemented a strict privacy and data protection policy having implemented the technical and organisational security measures as required by current regulations aimed at ensuring the confidentiality, integrity and availability of the information.<br \/>\nYou can find out more about our privacy policy by visiting <a href=\"https:\/\/www.andamur.com\/en\/privacy-policy\/\">https:\/\/www.andamur.com\/en\/privacy-policy\/<\/a><\/p>\n","protected":false},"excerpt":{"rendered":"<p>RULES OF THE DRAW The company GP L\u00cdMITE ANDAMUR, S.L, with offices at CENTRO DE NEGOCIOS ANDAMURCALLE MANUEL J\u00d3DAR MART\u00cdNEZ, POL. INDUSTRIAL SAPRELORCA. 30817 LORCA (MURCIA), SPAIN, with Spanish tax code CIF B-30424162, as part of its Recipes on the Road Campaign, is organising the Recipes on the Road Challenge, whose participants may enter the [&hellip;]<\/p>\n","protected":false},"author":1,"featured_media":0,"parent":0,"menu_order":0,"comment_status":"closed","ping_status":"closed","template":"","meta":{"_acf_changed":false,"footnotes":""},"class_list":["post-51018","page","type-page","status-publish","hentry"],"acf":[],"yoast_head":"<!-- This site is optimized with the Yoast SEO plugin v25.4 - https:\/\/yoast.com\/wordpress\/plugins\/seo\/ -->\n<title>RULES FOR THE RECIPES ON THE ROAD CHALLENGE AND DRAW FOR COOKING PACK FOR TRUCKS - Andamur<\/title>\n<meta name=\"robots\" content=\"index, follow, max-snippet:-1, max-image-preview:large, max-video-preview:-1\" \/>\n<link rel=\"canonical\" href=\"https:\/\/www.andamur.com\/en\/rules-for-the-recipes-on-the-road-challenge-and-draw-for-cooking-pack-for-trucks\/\" \/>\n<meta property=\"og:locale\" content=\"en_US\" \/>\n<meta property=\"og:type\" content=\"article\" \/>\n<meta property=\"og:title\" content=\"RULES FOR THE RECIPES ON THE ROAD CHALLENGE AND DRAW FOR COOKING PACK FOR TRUCKS - Andamur\" \/>\n<meta property=\"og:description\" content=\"RULES OF THE DRAW The company GP L\u00cdMITE ANDAMUR, S.L, with offices at CENTRO DE NEGOCIOS ANDAMURCALLE MANUEL J\u00d3DAR MART\u00cdNEZ, POL. INDUSTRIAL SAPRELORCA. 30817 LORCA (MURCIA), SPAIN, with Spanish tax code CIF B-30424162, as part of its Recipes on the Road Campaign, is organising the Recipes on the Road Challenge, whose participants may enter the [&hellip;]\" \/>\n<meta property=\"og:url\" content=\"https:\/\/www.andamur.com\/en\/rules-for-the-recipes-on-the-road-challenge-and-draw-for-cooking-pack-for-trucks\/\" \/>\n<meta property=\"og:site_name\" content=\"Andamur\" \/>\n<meta property=\"article:publisher\" content=\"https:\/\/www.facebook.com\/AndamurEurope\/\" \/>\n<meta property=\"article:modified_time\" content=\"2024-05-07T09:44:30+00:00\" \/>\n<meta property=\"og:image\" content=\"https:\/\/www.andamur.com\/wp-content\/uploads\/2024\/02\/andamurogpic.jpg\" \/>\n\t<meta property=\"og:image:width\" content=\"1200\" \/>\n\t<meta property=\"og:image:height\" content=\"630\" \/>\n\t<meta property=\"og:image:type\" content=\"image\/jpeg\" \/>\n<meta name=\"twitter:card\" content=\"summary_large_image\" \/>\n<meta name=\"twitter:site\" content=\"@andamur_es\" \/>\n<meta name=\"twitter:label1\" content=\"Est. reading time\" \/>\n\t<meta name=\"twitter:data1\" content=\"5 minutes\" \/>\n<script type=\"application\/ld+json\" class=\"yoast-schema-graph\">{\"@context\":\"https:\/\/schema.org\",\"@graph\":[{\"@type\":\"WebPage\",\"@id\":\"https:\/\/www.andamur.com\/en\/rules-for-the-recipes-on-the-road-challenge-and-draw-for-cooking-pack-for-trucks\/\",\"url\":\"https:\/\/www.andamur.com\/en\/rules-for-the-recipes-on-the-road-challenge-and-draw-for-cooking-pack-for-trucks\/\",\"name\":\"RULES FOR THE RECIPES ON THE ROAD CHALLENGE AND DRAW FOR COOKING PACK FOR TRUCKS - Andamur\",\"isPartOf\":{\"@id\":\"https:\/\/www.andamur.com\/#website\"},\"datePublished\":\"2024-05-06T10:48:05+00:00\",\"dateModified\":\"2024-05-07T09:44:30+00:00\",\"breadcrumb\":{\"@id\":\"https:\/\/www.andamur.com\/en\/rules-for-the-recipes-on-the-road-challenge-and-draw-for-cooking-pack-for-trucks\/#breadcrumb\"},\"inLanguage\":\"en-US\",\"potentialAction\":[{\"@type\":\"ReadAction\",\"target\":[\"https:\/\/www.andamur.com\/en\/rules-for-the-recipes-on-the-road-challenge-and-draw-for-cooking-pack-for-trucks\/\"]}]},{\"@type\":\"BreadcrumbList\",\"@id\":\"https:\/\/www.andamur.com\/en\/rules-for-the-recipes-on-the-road-challenge-and-draw-for-cooking-pack-for-trucks\/#breadcrumb\",\"itemListElement\":[{\"@type\":\"ListItem\",\"position\":1,\"name\":\"Portada\",\"item\":\"https:\/\/www.andamur.com\/en\/\"},{\"@type\":\"ListItem\",\"position\":2,\"name\":\"RULES FOR THE RECIPES ON THE ROAD CHALLENGE AND DRAW FOR COOKING PACK FOR TRUCKS\"}]},{\"@type\":\"WebSite\",\"@id\":\"https:\/\/www.andamur.com\/#website\",\"url\":\"https:\/\/www.andamur.com\/\",\"name\":\"Andamur\",\"description\":\"Cada viaje importa\",\"publisher\":{\"@id\":\"https:\/\/www.andamur.com\/#organization\"},\"inLanguage\":\"en-US\"},{\"@type\":\"Organization\",\"@id\":\"https:\/\/www.andamur.com\/#organization\",\"name\":\"Andamur\",\"url\":\"https:\/\/www.andamur.com\/\",\"logo\":{\"@type\":\"ImageObject\",\"inLanguage\":\"en-US\",\"@id\":\"https:\/\/www.andamur.com\/#\/schema\/logo\/image\/\",\"url\":\"https:\/\/www.andamur.com\/wp-content\/uploads\/2024\/02\/andamurogpic.jpg\",\"contentUrl\":\"https:\/\/www.andamur.com\/wp-content\/uploads\/2024\/02\/andamurogpic.jpg\",\"width\":1200,\"height\":630,\"caption\":\"Andamur\"},\"image\":{\"@id\":\"https:\/\/www.andamur.com\/#\/schema\/logo\/image\/\"},\"sameAs\":[\"https:\/\/www.facebook.com\/AndamurEurope\/\",\"https:\/\/x.com\/andamur_es\",\"https:\/\/www.instagram.com\/andamureurope\/\",\"https:\/\/www.youtube.com\/channel\/UCWP1SBl8J8SjUCcWBo_Uu1w\"]}]}<\/script>\n<!-- \/ Yoast SEO plugin. -->","yoast_head_json":{"title":"RULES FOR THE RECIPES ON THE ROAD CHALLENGE AND DRAW FOR COOKING PACK FOR TRUCKS - Andamur","robots":{"index":"index","follow":"follow","max-snippet":"max-snippet:-1","max-image-preview":"max-image-preview:large","max-video-preview":"max-video-preview:-1"},"canonical":"https:\/\/www.andamur.com\/en\/rules-for-the-recipes-on-the-road-challenge-and-draw-for-cooking-pack-for-trucks\/","og_locale":"en_US","og_type":"article","og_title":"RULES FOR THE RECIPES ON THE ROAD CHALLENGE AND DRAW FOR COOKING PACK FOR TRUCKS - Andamur","og_description":"RULES OF THE DRAW The company GP L\u00cdMITE ANDAMUR, S.L, with offices at CENTRO DE NEGOCIOS ANDAMURCALLE MANUEL J\u00d3DAR MART\u00cdNEZ, POL. INDUSTRIAL SAPRELORCA. 30817 LORCA (MURCIA), SPAIN, with Spanish tax code CIF B-30424162, as part of its Recipes on the Road Campaign, is organising the Recipes on the Road Challenge, whose participants may enter the [&hellip;]","og_url":"https:\/\/www.andamur.com\/en\/rules-for-the-recipes-on-the-road-challenge-and-draw-for-cooking-pack-for-trucks\/","og_site_name":"Andamur","article_publisher":"https:\/\/www.facebook.com\/AndamurEurope\/","article_modified_time":"2024-05-07T09:44:30+00:00","og_image":[{"width":1200,"height":630,"url":"https:\/\/www.andamur.com\/wp-content\/uploads\/2024\/02\/andamurogpic.jpg","type":"image\/jpeg"}],"twitter_card":"summary_large_image","twitter_site":"@andamur_es","twitter_misc":{"Est. reading time":"5 minutes"},"schema":{"@context":"https:\/\/schema.org","@graph":[{"@type":"WebPage","@id":"https:\/\/www.andamur.com\/en\/rules-for-the-recipes-on-the-road-challenge-and-draw-for-cooking-pack-for-trucks\/","url":"https:\/\/www.andamur.com\/en\/rules-for-the-recipes-on-the-road-challenge-and-draw-for-cooking-pack-for-trucks\/","name":"RULES FOR THE RECIPES ON THE ROAD CHALLENGE AND DRAW FOR COOKING PACK FOR TRUCKS - Andamur","isPartOf":{"@id":"https:\/\/www.andamur.com\/#website"},"datePublished":"2024-05-06T10:48:05+00:00","dateModified":"2024-05-07T09:44:30+00:00","breadcrumb":{"@id":"https:\/\/www.andamur.com\/en\/rules-for-the-recipes-on-the-road-challenge-and-draw-for-cooking-pack-for-trucks\/#breadcrumb"},"inLanguage":"en-US","potentialAction":[{"@type":"ReadAction","target":["https:\/\/www.andamur.com\/en\/rules-for-the-recipes-on-the-road-challenge-and-draw-for-cooking-pack-for-trucks\/"]}]},{"@type":"BreadcrumbList","@id":"https:\/\/www.andamur.com\/en\/rules-for-the-recipes-on-the-road-challenge-and-draw-for-cooking-pack-for-trucks\/#breadcrumb","itemListElement":[{"@type":"ListItem","position":1,"name":"Portada","item":"https:\/\/www.andamur.com\/en\/"},{"@type":"ListItem","position":2,"name":"RULES FOR THE RECIPES ON THE ROAD CHALLENGE AND DRAW FOR COOKING PACK FOR TRUCKS"}]},{"@type":"WebSite","@id":"https:\/\/www.andamur.com\/#website","url":"https:\/\/www.andamur.com\/","name":"Andamur","description":"Cada viaje importa","publisher":{"@id":"https:\/\/www.andamur.com\/#organization"},"inLanguage":"en-US"},{"@type":"Organization","@id":"https:\/\/www.andamur.com\/#organization","name":"Andamur","url":"https:\/\/www.andamur.com\/","logo":{"@type":"ImageObject","inLanguage":"en-US","@id":"https:\/\/www.andamur.com\/#\/schema\/logo\/image\/","url":"https:\/\/www.andamur.com\/wp-content\/uploads\/2024\/02\/andamurogpic.jpg","contentUrl":"https:\/\/www.andamur.com\/wp-content\/uploads\/2024\/02\/andamurogpic.jpg","width":1200,"height":630,"caption":"Andamur"},"image":{"@id":"https:\/\/www.andamur.com\/#\/schema\/logo\/image\/"},"sameAs":["https:\/\/www.facebook.com\/AndamurEurope\/","https:\/\/x.com\/andamur_es","https:\/\/www.instagram.com\/andamureurope\/","https:\/\/www.youtube.com\/channel\/UCWP1SBl8J8SjUCcWBo_Uu1w"]}]}},"_links":{"self":[{"href":"https:\/\/www.andamur.com\/en\/wp-json\/wp\/v2\/pages\/51018","targetHints":{"allow":["GET"]}}],"collection":[{"href":"https:\/\/www.andamur.com\/en\/wp-json\/wp\/v2\/pages"}],"about":[{"href":"https:\/\/www.andamur.com\/en\/wp-json\/wp\/v2\/types\/page"}],"author":[{"embeddable":true,"href":"https:\/\/www.andamur.com\/en\/wp-json\/wp\/v2\/users\/1"}],"replies":[{"embeddable":true,"href":"https:\/\/www.andamur.com\/en\/wp-json\/wp\/v2\/comments?post=51018"}],"version-history":[{"count":0,"href":"https:\/\/www.andamur.com\/en\/wp-json\/wp\/v2\/pages\/51018\/revisions"}],"wp:attachment":[{"href":"https:\/\/www.andamur.com\/en\/wp-json\/wp\/v2\/media?parent=51018"}],"curies":[{"name":"wp","href":"https:\/\/api.w.org\/{rel}","templated":true}]}}