{"id":38138,"date":"2022-12-19T18:50:54","date_gmt":"2022-12-19T17:50:54","guid":{"rendered":"https:\/\/www.andamur.com\/?page_id=38138"},"modified":"2022-12-27T11:49:58","modified_gmt":"2022-12-27T10:49:58","slug":"magicringshapedcakedisney","status":"publish","type":"page","link":"https:\/\/www.andamur.com\/en\/magicringshapedcakedisney\/","title":{"rendered":"RULES OF THE 2022\/2023 FIND THE TRIP TO DISNEYLAND IN THE ROSC\u00d3N (RING-SHAPED CAKE) COMPETITION"},"content":{"rendered":"<h2><strong>RULES OF THE 2022\/2023 FIND THE TRIP TO DISNEYLAND IN THE ROSC\u00d3N (RING-SHAPED CAKE) COMPETITION<\/strong><\/h2>\n<p>&nbsp;<\/p>\n<p>The company GP L\u00cdMITE ANDAMUR, S.L whose address is Pol\u00edgono Industrial Saprelorca, planta 3\u00aa, buz\u00f3n n\u00ba 280, C.P: 30817 Lorca (Murcia), holder of CIF B-30424762, is holding the <strong>\u201c2022\/2023 Find the Trip to Disneyland in the Rosc\u00f3n (ring-shaped cake) competition\u201d.<\/strong><\/p>\n<p>This competition is open to all customers who avail of an Andamur service (refuelling, use of the showers, consumption in the restaurant, security parking, etc.) on 5th January 2023 in the Andamur Service Areas (El L\u00edmite, La Junquera, La Junquera-Llers, Guarrom\u00e1n, Lorca, Pamplona and San Rom\u00e1n), as they will receive a free <strong>rosc\u00f3n (ring-shaped cake), one of which will contain the prize of a <\/strong>Trip to Disneyland Paris for 4 people, half board, for 3 nights and 4 days.<\/p>\n<p>The winner must travel between 30th January and 31st May 2023.<\/p>\n<p>&nbsp;<\/p>\n<ol>\n<li><strong>HOW THE PROMOTION WORKS<\/strong><\/li>\n<\/ol>\n<p>This competition is open to all customers who avail of an Andamur service (refuelling, use of the showers, consumption in the restaurant, security parking, etc.) on 5th January 2023 in the Andamur Service Areas (El L\u00edmite, La Junquera, La Junquera-Llers, Guarrom\u00e1n, Lorca, Pamplona and San Rom\u00e1n), as they will receive a free <strong>rosc\u00f3n (ring-shaped cake), one of which will contain the prize of a <\/strong>Trip to Disneyland Paris for 4 people, half board, for 3 nights and 4 days.<\/p>\n<p>The customer who finds the prize inside his\/her rosc\u00f3n (ring-shaped cake) must contact the Andamur Team on 672 42 73 18 and the Travel Voucher will be handed over at the Service Area of the winner&#8217;s choice on an agreed date.<\/p>\n<p>* Andamur Group employees and their first-degree relatives are not eligible to participate.<\/p>\n<p>&nbsp;<\/p>\n<ol start=\"2\">\n<li><strong>DATA PROTECTION<\/strong><\/li>\n<\/ol>\n<p>In accordance with the data protection regulations in force, the data provided by the winner shall be used by GP L\u00cdMITE ANDAMUR, S.L. (Andamur) as Data Controller to manage the participation of those interested in taking part, to publish the winners on the Andamur website and social media profiles, as well as to send information about Andamur&#8217;s services and offers on the requested media. The winner will be announced on these platforms.<\/p>\n<p>The winner is therefore obliged to sign an informed consent with regard to the transfer and use of his\/her image as a prerequisite for receiving the prize, authorising Andamur to publish photographs and videos of the prize-giving ceremony and of their trip to Disneyland on the aforementioned media (website and social networks).<\/p>\n<p>Andamur shall process the data exclusively for these purposes and shall not communicate them to other third parties. These data shall be retained until the data subject states otherwise or until there is a legal provision for the retention thereof. The data subject may revoke their consent, as well as request access, rectification, deletion, limitation, portability and opposition in accordance with the law by writing to <a href=\"mailto:comunicacion@andamur.com\">comunicacion@andamur.com<\/a> , without the withdrawal of consent rendering unlawful the processing of their data prior to the consent being withdrawn.<\/p>\n<p>In any case, Andamur has put in place a strict privacy and data protection policy and has implemented technical and organisational security measures as required by legislation in force to ensure the utmost confidentiality, integrity and availability of information. You can learn more about our privacy policy by visiting\u00a0\u00a0 <a href=\"https:\/\/www.andamur.com\/politica-de-privacidad\/\">www.andamur.com\/politica-de-privacidad\/<\/a><\/p>\n<p>&nbsp;<\/p>\n<ol start=\"3\">\n<li><strong>ACCEPTANCE OF THE RULES<\/strong><\/li>\n<\/ol>\n<p>Participation in this competition implies full acceptance of these rules, which can be consulted by the participants on:\u00a0 <a href=\"https:\/\/www.andamur.com\/en\/magicringshapedcakedisney\/\">https:\/\/www.andamur.com\/en\/magicringshapedcakedisney\/<\/a><\/p>\n<p>Participants must read and know the rules in order to participate.<\/p>\n<p>The organiser reserves the right to justifiably eliminate any participant who defrauds, alters or renders unusable the proper functioning and the normal course and regulation of this competition, as well as the resolution of any issue arising from this promotional activity.<\/p>\n","protected":false},"excerpt":{"rendered":"<p>RULES OF THE 2022\/2023 FIND THE TRIP TO DISNEYLAND IN THE ROSC\u00d3N (RING-SHAPED CAKE) COMPETITION &nbsp; The company GP L\u00cdMITE ANDAMUR, S.L whose address is Pol\u00edgono Industrial Saprelorca, planta 3\u00aa, buz\u00f3n n\u00ba 280, C.P: 30817 Lorca (Murcia), holder of CIF B-30424762, is holding the \u201c2022\/2023 Find the Trip to Disneyland in the Rosc\u00f3n (ring-shaped cake) [&hellip;]<\/p>\n","protected":false},"author":1,"featured_media":0,"parent":0,"menu_order":0,"comment_status":"closed","ping_status":"closed","template":"","meta":{"_acf_changed":false,"footnotes":""},"class_list":["post-38138","page","type-page","status-publish","hentry"],"acf":[],"yoast_head":"<!-- This site is optimized with the Yoast SEO plugin v25.4 - https:\/\/yoast.com\/wordpress\/plugins\/seo\/ -->\n<title>RULES OF THE 2022\/2023 FIND THE TRIP TO DISNEYLAND IN THE ROSC\u00d3N (RING-SHAPED CAKE) COMPETITION - Andamur<\/title>\n<meta name=\"robots\" content=\"index, follow, max-snippet:-1, max-image-preview:large, max-video-preview:-1\" \/>\n<link rel=\"canonical\" href=\"https:\/\/www.andamur.com\/en\/magicringshapedcakedisney\/\" \/>\n<meta property=\"og:locale\" content=\"en_US\" \/>\n<meta property=\"og:type\" content=\"article\" \/>\n<meta property=\"og:title\" content=\"RULES OF THE 2022\/2023 FIND THE TRIP TO DISNEYLAND IN THE ROSC\u00d3N (RING-SHAPED CAKE) COMPETITION - Andamur\" \/>\n<meta property=\"og:description\" content=\"RULES OF THE 2022\/2023 FIND THE TRIP TO DISNEYLAND IN THE ROSC\u00d3N (RING-SHAPED CAKE) COMPETITION &nbsp; The company GP L\u00cdMITE ANDAMUR, S.L whose address is Pol\u00edgono Industrial Saprelorca, planta 3\u00aa, buz\u00f3n n\u00ba 280, C.P: 30817 Lorca (Murcia), holder of CIF B-30424762, is holding the \u201c2022\/2023 Find the Trip to Disneyland in the Rosc\u00f3n (ring-shaped cake) [&hellip;]\" \/>\n<meta property=\"og:url\" content=\"https:\/\/www.andamur.com\/en\/magicringshapedcakedisney\/\" \/>\n<meta property=\"og:site_name\" content=\"Andamur\" \/>\n<meta property=\"article:publisher\" content=\"https:\/\/www.facebook.com\/AndamurEurope\/\" \/>\n<meta property=\"article:modified_time\" content=\"2022-12-27T10:49:58+00:00\" \/>\n<meta property=\"og:image\" content=\"https:\/\/www.andamur.com\/wp-content\/uploads\/2024\/02\/andamurogpic.jpg\" \/>\n\t<meta property=\"og:image:width\" content=\"1200\" \/>\n\t<meta property=\"og:image:height\" content=\"630\" \/>\n\t<meta property=\"og:image:type\" content=\"image\/jpeg\" \/>\n<meta name=\"twitter:card\" content=\"summary_large_image\" \/>\n<meta name=\"twitter:site\" content=\"@andamur_es\" \/>\n<meta name=\"twitter:label1\" content=\"Est. reading time\" \/>\n\t<meta name=\"twitter:data1\" content=\"3 minutes\" \/>\n<script type=\"application\/ld+json\" class=\"yoast-schema-graph\">{\"@context\":\"https:\/\/schema.org\",\"@graph\":[{\"@type\":\"WebPage\",\"@id\":\"https:\/\/www.andamur.com\/en\/magicringshapedcakedisney\/\",\"url\":\"https:\/\/www.andamur.com\/en\/magicringshapedcakedisney\/\",\"name\":\"RULES OF THE 2022\/2023 FIND THE TRIP TO DISNEYLAND IN THE ROSC\u00d3N (RING-SHAPED CAKE) COMPETITION - Andamur\",\"isPartOf\":{\"@id\":\"https:\/\/www.andamur.com\/#website\"},\"datePublished\":\"2022-12-19T17:50:54+00:00\",\"dateModified\":\"2022-12-27T10:49:58+00:00\",\"breadcrumb\":{\"@id\":\"https:\/\/www.andamur.com\/en\/magicringshapedcakedisney\/#breadcrumb\"},\"inLanguage\":\"en-US\",\"potentialAction\":[{\"@type\":\"ReadAction\",\"target\":[\"https:\/\/www.andamur.com\/en\/magicringshapedcakedisney\/\"]}]},{\"@type\":\"BreadcrumbList\",\"@id\":\"https:\/\/www.andamur.com\/en\/magicringshapedcakedisney\/#breadcrumb\",\"itemListElement\":[{\"@type\":\"ListItem\",\"position\":1,\"name\":\"Portada\",\"item\":\"https:\/\/www.andamur.com\/en\/\"},{\"@type\":\"ListItem\",\"position\":2,\"name\":\"RULES OF THE 2022\/2023 FIND THE TRIP TO DISNEYLAND IN THE ROSC\u00d3N (RING-SHAPED CAKE) COMPETITION\"}]},{\"@type\":\"WebSite\",\"@id\":\"https:\/\/www.andamur.com\/#website\",\"url\":\"https:\/\/www.andamur.com\/\",\"name\":\"Andamur\",\"description\":\"Cada viaje importa\",\"publisher\":{\"@id\":\"https:\/\/www.andamur.com\/#organization\"},\"inLanguage\":\"en-US\"},{\"@type\":\"Organization\",\"@id\":\"https:\/\/www.andamur.com\/#organization\",\"name\":\"Andamur\",\"url\":\"https:\/\/www.andamur.com\/\",\"logo\":{\"@type\":\"ImageObject\",\"inLanguage\":\"en-US\",\"@id\":\"https:\/\/www.andamur.com\/#\/schema\/logo\/image\/\",\"url\":\"https:\/\/www.andamur.com\/wp-content\/uploads\/2024\/02\/andamurogpic.jpg\",\"contentUrl\":\"https:\/\/www.andamur.com\/wp-content\/uploads\/2024\/02\/andamurogpic.jpg\",\"width\":1200,\"height\":630,\"caption\":\"Andamur\"},\"image\":{\"@id\":\"https:\/\/www.andamur.com\/#\/schema\/logo\/image\/\"},\"sameAs\":[\"https:\/\/www.facebook.com\/AndamurEurope\/\",\"https:\/\/x.com\/andamur_es\",\"https:\/\/www.instagram.com\/andamureurope\/\",\"https:\/\/www.youtube.com\/channel\/UCWP1SBl8J8SjUCcWBo_Uu1w\"]}]}<\/script>\n<!-- \/ Yoast SEO plugin. -->","yoast_head_json":{"title":"RULES OF THE 2022\/2023 FIND THE TRIP TO DISNEYLAND IN THE ROSC\u00d3N (RING-SHAPED CAKE) COMPETITION - Andamur","robots":{"index":"index","follow":"follow","max-snippet":"max-snippet:-1","max-image-preview":"max-image-preview:large","max-video-preview":"max-video-preview:-1"},"canonical":"https:\/\/www.andamur.com\/en\/magicringshapedcakedisney\/","og_locale":"en_US","og_type":"article","og_title":"RULES OF THE 2022\/2023 FIND THE TRIP TO DISNEYLAND IN THE ROSC\u00d3N (RING-SHAPED CAKE) COMPETITION - Andamur","og_description":"RULES OF THE 2022\/2023 FIND THE TRIP TO DISNEYLAND IN THE ROSC\u00d3N (RING-SHAPED CAKE) COMPETITION &nbsp; The company GP L\u00cdMITE ANDAMUR, S.L whose address is Pol\u00edgono Industrial Saprelorca, planta 3\u00aa, buz\u00f3n n\u00ba 280, C.P: 30817 Lorca (Murcia), holder of CIF B-30424762, is holding the \u201c2022\/2023 Find the Trip to Disneyland in the Rosc\u00f3n (ring-shaped cake) [&hellip;]","og_url":"https:\/\/www.andamur.com\/en\/magicringshapedcakedisney\/","og_site_name":"Andamur","article_publisher":"https:\/\/www.facebook.com\/AndamurEurope\/","article_modified_time":"2022-12-27T10:49:58+00:00","og_image":[{"width":1200,"height":630,"url":"https:\/\/www.andamur.com\/wp-content\/uploads\/2024\/02\/andamurogpic.jpg","type":"image\/jpeg"}],"twitter_card":"summary_large_image","twitter_site":"@andamur_es","twitter_misc":{"Est. reading time":"3 minutes"},"schema":{"@context":"https:\/\/schema.org","@graph":[{"@type":"WebPage","@id":"https:\/\/www.andamur.com\/en\/magicringshapedcakedisney\/","url":"https:\/\/www.andamur.com\/en\/magicringshapedcakedisney\/","name":"RULES OF THE 2022\/2023 FIND THE TRIP TO DISNEYLAND IN THE ROSC\u00d3N (RING-SHAPED CAKE) COMPETITION - Andamur","isPartOf":{"@id":"https:\/\/www.andamur.com\/#website"},"datePublished":"2022-12-19T17:50:54+00:00","dateModified":"2022-12-27T10:49:58+00:00","breadcrumb":{"@id":"https:\/\/www.andamur.com\/en\/magicringshapedcakedisney\/#breadcrumb"},"inLanguage":"en-US","potentialAction":[{"@type":"ReadAction","target":["https:\/\/www.andamur.com\/en\/magicringshapedcakedisney\/"]}]},{"@type":"BreadcrumbList","@id":"https:\/\/www.andamur.com\/en\/magicringshapedcakedisney\/#breadcrumb","itemListElement":[{"@type":"ListItem","position":1,"name":"Portada","item":"https:\/\/www.andamur.com\/en\/"},{"@type":"ListItem","position":2,"name":"RULES OF THE 2022\/2023 FIND THE TRIP TO DISNEYLAND IN THE ROSC\u00d3N (RING-SHAPED CAKE) COMPETITION"}]},{"@type":"WebSite","@id":"https:\/\/www.andamur.com\/#website","url":"https:\/\/www.andamur.com\/","name":"Andamur","description":"Cada viaje importa","publisher":{"@id":"https:\/\/www.andamur.com\/#organization"},"inLanguage":"en-US"},{"@type":"Organization","@id":"https:\/\/www.andamur.com\/#organization","name":"Andamur","url":"https:\/\/www.andamur.com\/","logo":{"@type":"ImageObject","inLanguage":"en-US","@id":"https:\/\/www.andamur.com\/#\/schema\/logo\/image\/","url":"https:\/\/www.andamur.com\/wp-content\/uploads\/2024\/02\/andamurogpic.jpg","contentUrl":"https:\/\/www.andamur.com\/wp-content\/uploads\/2024\/02\/andamurogpic.jpg","width":1200,"height":630,"caption":"Andamur"},"image":{"@id":"https:\/\/www.andamur.com\/#\/schema\/logo\/image\/"},"sameAs":["https:\/\/www.facebook.com\/AndamurEurope\/","https:\/\/x.com\/andamur_es","https:\/\/www.instagram.com\/andamureurope\/","https:\/\/www.youtube.com\/channel\/UCWP1SBl8J8SjUCcWBo_Uu1w"]}]}},"_links":{"self":[{"href":"https:\/\/www.andamur.com\/en\/wp-json\/wp\/v2\/pages\/38138","targetHints":{"allow":["GET"]}}],"collection":[{"href":"https:\/\/www.andamur.com\/en\/wp-json\/wp\/v2\/pages"}],"about":[{"href":"https:\/\/www.andamur.com\/en\/wp-json\/wp\/v2\/types\/page"}],"author":[{"embeddable":true,"href":"https:\/\/www.andamur.com\/en\/wp-json\/wp\/v2\/users\/1"}],"replies":[{"embeddable":true,"href":"https:\/\/www.andamur.com\/en\/wp-json\/wp\/v2\/comments?post=38138"}],"version-history":[{"count":0,"href":"https:\/\/www.andamur.com\/en\/wp-json\/wp\/v2\/pages\/38138\/revisions"}],"wp:attachment":[{"href":"https:\/\/www.andamur.com\/en\/wp-json\/wp\/v2\/media?parent=38138"}],"curies":[{"name":"wp","href":"https:\/\/api.w.org\/{rel}","templated":true}]}}